{"id":36780,"date":"2021-05-11T18:00:43","date_gmt":"2021-05-11T15:00:43","guid":{"rendered":"https:\/\/seacare.com\/fr\/?page_id=36780"},"modified":"2021-05-11T18:00:43","modified_gmt":"2021-05-11T15:00:43","slug":"emulium-mellifera","status":"publish","type":"page","link":"https:\/\/seacare.com\/fr\/emulium-mellifera\/","title":{"rendered":"Emulium\u00ae Mellifera"},"content":{"rendered":"<h1 class=\"text-head\" style=\"text-align: center;\"><span data-text-color=\"primary\"><strong>Emulium\u00ae Mellifera<\/strong><\/span><\/h1>\n<p>L\u2019Emulium Mellifera se transforme en un \u00ab\u00a0voile\u00a0\u00bb doux et \u00e0 peine perceptible sur la peau, offre une excellente hydratation et prot\u00e8ge la peau des agressions environnementales. En hiver la peau est apais\u00e9e et prot\u00e9g\u00e9e de la d\u00e9shydratation, en \u00e9t\u00e9 il n\u2019y a pas de lourdeur sur la peau, il ne provoque pas la brillance.<\/p>\n","protected":false},"excerpt":{"rendered":"<p>Emulium\u00ae Mellifera L\u2019Emulium Mellifera se transforme en un \u00ab\u00a0voile\u00a0\u00bb doux et \u00e0 peine perceptible sur la peau, offre une excellente hydratation et prot\u00e8ge la peau des agressions environnementales. En hiver la peau est apais\u00e9e et prot\u00e9g\u00e9e de la d\u00e9shydratation, en \u00e9t\u00e9 il n\u2019y a pas de lourdeur sur la peau, il ne provoque pas la [&hellip;]\n","protected":false},"author":1,"featured_media":0,"parent":0,"menu_order":0,"comment_status":"closed","ping_status":"closed","template":"","meta":{"footnotes":""},"_links":{"self":[{"href":"https:\/\/seacare.com\/fr\/wp-json\/wp\/v2\/pages\/36780"}],"collection":[{"href":"https:\/\/seacare.com\/fr\/wp-json\/wp\/v2\/pages"}],"about":[{"href":"https:\/\/seacare.com\/fr\/wp-json\/wp\/v2\/types\/page"}],"author":[{"embeddable":true,"href":"https:\/\/seacare.com\/fr\/wp-json\/wp\/v2\/users\/1"}],"replies":[{"embeddable":true,"href":"https:\/\/seacare.com\/fr\/wp-json\/wp\/v2\/comments?post=36780"}],"version-history":[{"count":1,"href":"https:\/\/seacare.com\/fr\/wp-json\/wp\/v2\/pages\/36780\/revisions"}],"predecessor-version":[{"id":36781,"href":"https:\/\/seacare.com\/fr\/wp-json\/wp\/v2\/pages\/36780\/revisions\/36781"}],"wp:attachment":[{"href":"https:\/\/seacare.com\/fr\/wp-json\/wp\/v2\/media?parent=36780"}],"curies":[{"name":"wp","href":"https:\/\/api.w.org\/{rel}","templated":true}]}}