{"id":36782,"date":"2021-05-11T18:02:52","date_gmt":"2021-05-11T15:02:52","guid":{"rendered":"https:\/\/seacare.com\/fr\/?page_id=36782"},"modified":"2021-05-11T18:02:52","modified_gmt":"2021-05-11T15:02:52","slug":"evermat","status":"publish","type":"page","link":"https:\/\/seacare.com\/fr\/evermat\/","title":{"rendered":"Evermat\u2122"},"content":{"rendered":"<h1 class=\"text-head\" style=\"text-align: center;\"><span data-text-color=\"primary\">Evermat\u2122<\/span><\/h1>\n<p>Evermat \u2122 est un ingr\u00e9dient actif efficace pour les soins de la peau grasse : il a d\u2019excellentes propri\u00e9t\u00e9s matifiantes, aide \u00e0 resserrer et r\u00e9tr\u00e9cir les pores, lisse la peau. La base de ce composant est l\u2019acide ol\u00e9ique, l\u2019extrait v\u00e9g\u00e9tal et le butyl\u00e8ne glycol. Evermat est un ingr\u00e9dient anti-inflammatoire.<\/p>\n","protected":false},"excerpt":{"rendered":"<p>Evermat\u2122 Evermat \u2122 est un ingr\u00e9dient actif efficace pour les soins de la peau grasse : il a d\u2019excellentes propri\u00e9t\u00e9s matifiantes, aide \u00e0 resserrer et r\u00e9tr\u00e9cir les pores, lisse la peau. La base de ce composant est l\u2019acide ol\u00e9ique, l\u2019extrait v\u00e9g\u00e9tal et le butyl\u00e8ne glycol. Evermat est un ingr\u00e9dient anti-inflammatoire.<\/p>\n","protected":false},"author":1,"featured_media":0,"parent":0,"menu_order":0,"comment_status":"closed","ping_status":"closed","template":"","meta":{"footnotes":""},"_links":{"self":[{"href":"https:\/\/seacare.com\/fr\/wp-json\/wp\/v2\/pages\/36782"}],"collection":[{"href":"https:\/\/seacare.com\/fr\/wp-json\/wp\/v2\/pages"}],"about":[{"href":"https:\/\/seacare.com\/fr\/wp-json\/wp\/v2\/types\/page"}],"author":[{"embeddable":true,"href":"https:\/\/seacare.com\/fr\/wp-json\/wp\/v2\/users\/1"}],"replies":[{"embeddable":true,"href":"https:\/\/seacare.com\/fr\/wp-json\/wp\/v2\/comments?post=36782"}],"version-history":[{"count":1,"href":"https:\/\/seacare.com\/fr\/wp-json\/wp\/v2\/pages\/36782\/revisions"}],"predecessor-version":[{"id":36783,"href":"https:\/\/seacare.com\/fr\/wp-json\/wp\/v2\/pages\/36782\/revisions\/36783"}],"wp:attachment":[{"href":"https:\/\/seacare.com\/fr\/wp-json\/wp\/v2\/media?parent=36782"}],"curies":[{"name":"wp","href":"https:\/\/api.w.org\/{rel}","templated":true}]}}