{"id":36784,"date":"2021-05-11T18:04:40","date_gmt":"2021-05-11T15:04:40","guid":{"rendered":"https:\/\/seacare.com\/fr\/?page_id=36784"},"modified":"2021-05-11T18:04:40","modified_gmt":"2021-05-11T15:04:40","slug":"resistem","status":"publish","type":"page","link":"https:\/\/seacare.com\/fr\/resistem\/","title":{"rendered":"Resistem\u2122"},"content":{"rendered":"<h1 class=\"text-head\" style=\"text-align: center;\"><span data-text-color=\"primary\">Resistem\u2122<\/span><\/h1>\n<p>Resistem \u2122 est un ingr\u00e9dient actif anti-\u00e2ge de haute technologie, d\u00e9riv\u00e9 des cellules souches de Globularia cordifolia. Resistem agit comme un agent rajeunissant et revitalisant de la peau. Il aide la peau \u00e0 r\u00e9duire le niveau de substances qui causent le vieillissement et les processus micro-inflammatoires caus\u00e9s par les toxines.<\/p>\n","protected":false},"excerpt":{"rendered":"<p>Resistem\u2122 Resistem \u2122 est un ingr\u00e9dient actif anti-\u00e2ge de haute technologie, d\u00e9riv\u00e9 des cellules souches de Globularia cordifolia. Resistem agit comme un agent rajeunissant et revitalisant de la peau. Il aide la peau \u00e0 r\u00e9duire le niveau de substances qui causent le vieillissement et les processus micro-inflammatoires caus\u00e9s par les toxines.<\/p>\n","protected":false},"author":1,"featured_media":0,"parent":0,"menu_order":0,"comment_status":"closed","ping_status":"closed","template":"","meta":{"footnotes":""},"_links":{"self":[{"href":"https:\/\/seacare.com\/fr\/wp-json\/wp\/v2\/pages\/36784"}],"collection":[{"href":"https:\/\/seacare.com\/fr\/wp-json\/wp\/v2\/pages"}],"about":[{"href":"https:\/\/seacare.com\/fr\/wp-json\/wp\/v2\/types\/page"}],"author":[{"embeddable":true,"href":"https:\/\/seacare.com\/fr\/wp-json\/wp\/v2\/users\/1"}],"replies":[{"embeddable":true,"href":"https:\/\/seacare.com\/fr\/wp-json\/wp\/v2\/comments?post=36784"}],"version-history":[{"count":1,"href":"https:\/\/seacare.com\/fr\/wp-json\/wp\/v2\/pages\/36784\/revisions"}],"predecessor-version":[{"id":36785,"href":"https:\/\/seacare.com\/fr\/wp-json\/wp\/v2\/pages\/36784\/revisions\/36785"}],"wp:attachment":[{"href":"https:\/\/seacare.com\/fr\/wp-json\/wp\/v2\/media?parent=36784"}],"curies":[{"name":"wp","href":"https:\/\/api.w.org\/{rel}","templated":true}]}}