{"id":36786,"date":"2021-05-11T18:06:15","date_gmt":"2021-05-11T15:06:15","guid":{"rendered":"https:\/\/seacare.com\/fr\/?page_id=36786"},"modified":"2021-05-11T18:06:15","modified_gmt":"2021-05-11T15:06:15","slug":"ronacare-bisabolol","status":"publish","type":"page","link":"https:\/\/seacare.com\/fr\/ronacare-bisabolol\/","title":{"rendered":"RonaCare\u00ae Bisabolol"},"content":{"rendered":"<h1 class=\"text-head\" style=\"text-align: center;\"><span data-text-color=\"primary\">RonaCare\u00ae Bisabolol<\/span><\/h1>\n<p>RonaCare\u00ae Bisabolol est connu en cosm\u00e9tologie comme un ingr\u00e9dient anti-inflammatoire efficace qui soulage toute irritation de la peau, quelle que soit son origine. La fonction cosm\u00e9tique principale de RonaCare\u00ae Bisabolol est d\u2019apaiser la peau. Bisabolol r\u00e9duit l\u2019irritation cutan\u00e9e.<\/p>\n","protected":false},"excerpt":{"rendered":"<p>RonaCare\u00ae Bisabolol RonaCare\u00ae Bisabolol est connu en cosm\u00e9tologie comme un ingr\u00e9dient anti-inflammatoire efficace qui soulage toute irritation de la peau, quelle que soit son origine. La fonction cosm\u00e9tique principale de RonaCare\u00ae Bisabolol est d\u2019apaiser la peau. Bisabolol r\u00e9duit l\u2019irritation cutan\u00e9e.<\/p>\n","protected":false},"author":1,"featured_media":0,"parent":0,"menu_order":0,"comment_status":"closed","ping_status":"closed","template":"","meta":{"footnotes":""},"_links":{"self":[{"href":"https:\/\/seacare.com\/fr\/wp-json\/wp\/v2\/pages\/36786"}],"collection":[{"href":"https:\/\/seacare.com\/fr\/wp-json\/wp\/v2\/pages"}],"about":[{"href":"https:\/\/seacare.com\/fr\/wp-json\/wp\/v2\/types\/page"}],"author":[{"embeddable":true,"href":"https:\/\/seacare.com\/fr\/wp-json\/wp\/v2\/users\/1"}],"replies":[{"embeddable":true,"href":"https:\/\/seacare.com\/fr\/wp-json\/wp\/v2\/comments?post=36786"}],"version-history":[{"count":1,"href":"https:\/\/seacare.com\/fr\/wp-json\/wp\/v2\/pages\/36786\/revisions"}],"predecessor-version":[{"id":36787,"href":"https:\/\/seacare.com\/fr\/wp-json\/wp\/v2\/pages\/36786\/revisions\/36787"}],"wp:attachment":[{"href":"https:\/\/seacare.com\/fr\/wp-json\/wp\/v2\/media?parent=36786"}],"curies":[{"name":"wp","href":"https:\/\/api.w.org\/{rel}","templated":true}]}}