{"id":36789,"date":"2021-05-11T18:07:42","date_gmt":"2021-05-11T15:07:42","guid":{"rendered":"https:\/\/seacare.com\/fr\/?page_id=36789"},"modified":"2021-05-11T18:07:42","modified_gmt":"2021-05-11T15:07:42","slug":"sepicontrol-a5","status":"publish","type":"page","link":"https:\/\/seacare.com\/fr\/sepicontrol-a5\/","title":{"rendered":"SEPICONTROL\u2122 A5"},"content":{"rendered":"<h1 class=\"text-head\" style=\"text-align: center;\"><span data-text-color=\"primary\">SEPICONTROL\u2122 A5<\/span><\/h1>\n<p>SEPICONTROL \u2122 A5 est un nouvel ingr\u00e9dient actif complexe unique pour les peaux grasses et \u00e0 tendance acn\u00e9ique, un r\u00e9gulateur de s\u00e9bum (il r\u00e9gule la production de s\u00e9bum) et un com\u00e9dolytique (il emp\u00eache la formation de com\u00e9dons). Les substances incluses dans sa composition sont s\u00e9lectionn\u00e9es de mani\u00e8re \u00e0 affecter les principales causes des com\u00e9dons.<\/p>\n","protected":false},"excerpt":{"rendered":"<p>SEPICONTROL\u2122 A5 SEPICONTROL \u2122 A5 est un nouvel ingr\u00e9dient actif complexe unique pour les peaux grasses et \u00e0 tendance acn\u00e9ique, un r\u00e9gulateur de s\u00e9bum (il r\u00e9gule la production de s\u00e9bum) et un com\u00e9dolytique (il emp\u00eache la formation de com\u00e9dons). Les substances incluses dans sa composition sont s\u00e9lectionn\u00e9es de mani\u00e8re \u00e0 affecter les principales causes des [&hellip;]\n","protected":false},"author":1,"featured_media":0,"parent":0,"menu_order":0,"comment_status":"closed","ping_status":"closed","template":"","meta":{"footnotes":""},"_links":{"self":[{"href":"https:\/\/seacare.com\/fr\/wp-json\/wp\/v2\/pages\/36789"}],"collection":[{"href":"https:\/\/seacare.com\/fr\/wp-json\/wp\/v2\/pages"}],"about":[{"href":"https:\/\/seacare.com\/fr\/wp-json\/wp\/v2\/types\/page"}],"author":[{"embeddable":true,"href":"https:\/\/seacare.com\/fr\/wp-json\/wp\/v2\/users\/1"}],"replies":[{"embeddable":true,"href":"https:\/\/seacare.com\/fr\/wp-json\/wp\/v2\/comments?post=36789"}],"version-history":[{"count":1,"href":"https:\/\/seacare.com\/fr\/wp-json\/wp\/v2\/pages\/36789\/revisions"}],"predecessor-version":[{"id":36790,"href":"https:\/\/seacare.com\/fr\/wp-json\/wp\/v2\/pages\/36789\/revisions\/36790"}],"wp:attachment":[{"href":"https:\/\/seacare.com\/fr\/wp-json\/wp\/v2\/media?parent=36789"}],"curies":[{"name":"wp","href":"https:\/\/api.w.org\/{rel}","templated":true}]}}