{"id":36791,"date":"2021-05-11T18:09:37","date_gmt":"2021-05-11T15:09:37","guid":{"rendered":"https:\/\/seacare.com\/fr\/?page_id=36791"},"modified":"2021-05-11T18:09:37","modified_gmt":"2021-05-11T15:09:37","slug":"eps-seafill","status":"publish","type":"page","link":"https:\/\/seacare.com\/fr\/eps-seafill\/","title":{"rendered":"EPS Seafill"},"content":{"rendered":"<h1 class=\"text-head\" style=\"text-align: center;\"><span data-text-color=\"primary\">EPS Seafill<\/span><\/h1>\n<p>EPS Seafill est un ExoPolySaccharide (EPS) unique, pur et naturel, anti-rides \u00e0 effet imm\u00e9diat. Il est d\u00e9rive par la m\u00e9thode biotechnologique, utilisant des microorganismes planctoniques de la mer d\u2019Iroise (Bretagne, France). EPS Seafill a une forte affinit\u00e9 pour la peau, comble parfaitement les rides et lisse les irr\u00e9gularit\u00e9s du relief cutan\u00e9.<\/p>\n","protected":false},"excerpt":{"rendered":"<p>EPS Seafill EPS Seafill est un ExoPolySaccharide (EPS) unique, pur et naturel, anti-rides \u00e0 effet imm\u00e9diat. Il est d\u00e9rive par la m\u00e9thode biotechnologique, utilisant des microorganismes planctoniques de la mer d\u2019Iroise (Bretagne, France). EPS Seafill a une forte affinit\u00e9 pour la peau, comble parfaitement les rides et lisse les irr\u00e9gularit\u00e9s du relief cutan\u00e9.<\/p>\n","protected":false},"author":1,"featured_media":0,"parent":0,"menu_order":0,"comment_status":"closed","ping_status":"closed","template":"","meta":{"footnotes":""},"_links":{"self":[{"href":"https:\/\/seacare.com\/fr\/wp-json\/wp\/v2\/pages\/36791"}],"collection":[{"href":"https:\/\/seacare.com\/fr\/wp-json\/wp\/v2\/pages"}],"about":[{"href":"https:\/\/seacare.com\/fr\/wp-json\/wp\/v2\/types\/page"}],"author":[{"embeddable":true,"href":"https:\/\/seacare.com\/fr\/wp-json\/wp\/v2\/users\/1"}],"replies":[{"embeddable":true,"href":"https:\/\/seacare.com\/fr\/wp-json\/wp\/v2\/comments?post=36791"}],"version-history":[{"count":1,"href":"https:\/\/seacare.com\/fr\/wp-json\/wp\/v2\/pages\/36791\/revisions"}],"predecessor-version":[{"id":36792,"href":"https:\/\/seacare.com\/fr\/wp-json\/wp\/v2\/pages\/36791\/revisions\/36792"}],"wp:attachment":[{"href":"https:\/\/seacare.com\/fr\/wp-json\/wp\/v2\/media?parent=36791"}],"curies":[{"name":"wp","href":"https:\/\/api.w.org\/{rel}","templated":true}]}}