{"id":36793,"date":"2021-05-11T18:11:12","date_gmt":"2021-05-11T15:11:12","guid":{"rendered":"https:\/\/seacare.com\/fr\/?page_id=36793"},"modified":"2021-05-11T18:11:12","modified_gmt":"2021-05-11T15:11:12","slug":"sesaflash","status":"publish","type":"page","link":"https:\/\/seacare.com\/fr\/sesaflash\/","title":{"rendered":"SesaFlash\u00ae"},"content":{"rendered":"<h1 class=\"text-head\" style=\"text-align: center;\"><span data-text-color=\"primary\">SesaFlash\u00ae<\/span><\/h1>\n<p>SesaFlash\u00ae est un ingr\u00e9dient naturel puissant \u00e0 base de s\u00e9same, utilis\u00e9 dans les produits de soins de la peau. SesaFlash est connu par ce qu\u2019il cache les rides et poches sous les yeux presque instantan\u00e9ment. L\u2019effet est visible apr\u00e8s 5-10 minutes, ce qui en fait un soin id\u00e9al de la peau \u00e0 appliquer avant le maquillage.<\/p>\n","protected":false},"excerpt":{"rendered":"<p>SesaFlash\u00ae SesaFlash\u00ae est un ingr\u00e9dient naturel puissant \u00e0 base de s\u00e9same, utilis\u00e9 dans les produits de soins de la peau. SesaFlash est connu par ce qu\u2019il cache les rides et poches sous les yeux presque instantan\u00e9ment. L\u2019effet est visible apr\u00e8s 5-10 minutes, ce qui en fait un soin id\u00e9al de la peau \u00e0 appliquer avant [&hellip;]\n","protected":false},"author":1,"featured_media":0,"parent":0,"menu_order":0,"comment_status":"closed","ping_status":"closed","template":"","meta":{"footnotes":""},"_links":{"self":[{"href":"https:\/\/seacare.com\/fr\/wp-json\/wp\/v2\/pages\/36793"}],"collection":[{"href":"https:\/\/seacare.com\/fr\/wp-json\/wp\/v2\/pages"}],"about":[{"href":"https:\/\/seacare.com\/fr\/wp-json\/wp\/v2\/types\/page"}],"author":[{"embeddable":true,"href":"https:\/\/seacare.com\/fr\/wp-json\/wp\/v2\/users\/1"}],"replies":[{"embeddable":true,"href":"https:\/\/seacare.com\/fr\/wp-json\/wp\/v2\/comments?post=36793"}],"version-history":[{"count":1,"href":"https:\/\/seacare.com\/fr\/wp-json\/wp\/v2\/pages\/36793\/revisions"}],"predecessor-version":[{"id":36794,"href":"https:\/\/seacare.com\/fr\/wp-json\/wp\/v2\/pages\/36793\/revisions\/36794"}],"wp:attachment":[{"href":"https:\/\/seacare.com\/fr\/wp-json\/wp\/v2\/media?parent=36793"}],"curies":[{"name":"wp","href":"https:\/\/api.w.org\/{rel}","templated":true}]}}