{"id":36795,"date":"2021-05-11T18:12:36","date_gmt":"2021-05-11T15:12:36","guid":{"rendered":"https:\/\/seacare.com\/fr\/?page_id=36795"},"modified":"2021-05-11T18:12:36","modified_gmt":"2021-05-11T15:12:36","slug":"primalhyal-gold","status":"publish","type":"page","link":"https:\/\/seacare.com\/fr\/primalhyal-gold\/","title":{"rendered":"PrimalHyal\u2122 Gold"},"content":{"rendered":"<h1 class=\"text-head\" style=\"text-align: center;\"><span data-text-color=\"primary\">PrimalHyal\u2122 Gold<\/span><\/h1>\n<p>PrimalHyal \u2122 Gold est une nouvelle solution technologique de la soci\u00e9t\u00e9 chimique suisse Givaudan, cr\u00e9\u00e9e sur la base de proc\u00e9d\u00e9s de production durables (bio-fermentation), qui permet introduire l\u2019hyaluronate hydrat\u00e9 dans des formulations cosm\u00e9tiques \u00e0 base d\u2019huile. PrimalHyal Gold soutient la synth\u00e8se du collag\u00e8ne et maintient \u00e9galement l\u2019hydratation de la peau.<\/p>\n","protected":false},"excerpt":{"rendered":"<p>PrimalHyal\u2122 Gold PrimalHyal \u2122 Gold est une nouvelle solution technologique de la soci\u00e9t\u00e9 chimique suisse Givaudan, cr\u00e9\u00e9e sur la base de proc\u00e9d\u00e9s de production durables (bio-fermentation), qui permet introduire l\u2019hyaluronate hydrat\u00e9 dans des formulations cosm\u00e9tiques \u00e0 base d\u2019huile. PrimalHyal Gold soutient la synth\u00e8se du collag\u00e8ne et maintient \u00e9galement l\u2019hydratation de la peau.<\/p>\n","protected":false},"author":1,"featured_media":0,"parent":0,"menu_order":0,"comment_status":"closed","ping_status":"closed","template":"","meta":{"footnotes":""},"_links":{"self":[{"href":"https:\/\/seacare.com\/fr\/wp-json\/wp\/v2\/pages\/36795"}],"collection":[{"href":"https:\/\/seacare.com\/fr\/wp-json\/wp\/v2\/pages"}],"about":[{"href":"https:\/\/seacare.com\/fr\/wp-json\/wp\/v2\/types\/page"}],"author":[{"embeddable":true,"href":"https:\/\/seacare.com\/fr\/wp-json\/wp\/v2\/users\/1"}],"replies":[{"embeddable":true,"href":"https:\/\/seacare.com\/fr\/wp-json\/wp\/v2\/comments?post=36795"}],"version-history":[{"count":1,"href":"https:\/\/seacare.com\/fr\/wp-json\/wp\/v2\/pages\/36795\/revisions"}],"predecessor-version":[{"id":36796,"href":"https:\/\/seacare.com\/fr\/wp-json\/wp\/v2\/pages\/36795\/revisions\/36796"}],"wp:attachment":[{"href":"https:\/\/seacare.com\/fr\/wp-json\/wp\/v2\/media?parent=36795"}],"curies":[{"name":"wp","href":"https:\/\/api.w.org\/{rel}","templated":true}]}}