{"id":36798,"date":"2021-05-11T18:14:54","date_gmt":"2021-05-11T15:14:54","guid":{"rendered":"https:\/\/seacare.com\/fr\/?page_id=36798"},"modified":"2021-05-11T18:14:54","modified_gmt":"2021-05-11T15:14:54","slug":"aquaxyl","status":"publish","type":"page","link":"https:\/\/seacare.com\/fr\/aquaxyl\/","title":{"rendered":"Aquaxyl\u2122"},"content":{"rendered":"<h1 class=\"text-head\" style=\"text-align: center;\"><span data-text-color=\"primary\">Aquaxyl\u2122<\/span><\/h1>\n<p>Aquaxyl \u2122 offre une hydratation 3D pour faire circuler l\u2019humidit\u00e9 dans toutes les couches de la peau et augmenter le niveau d\u2019acide hyaluronique. La barri\u00e8re cutan\u00e9e est renforc\u00e9e pendant 24 heures, limitant la perte d\u2019humidit\u00e9. Le r\u00e9sultat est que la peau devient plus douce et plus lisse apr\u00e8s 28 jours, avec une desquamation normale et lissance des rides fines.<\/p>\n","protected":false},"excerpt":{"rendered":"<p>Aquaxyl\u2122 Aquaxyl \u2122 offre une hydratation 3D pour faire circuler l\u2019humidit\u00e9 dans toutes les couches de la peau et augmenter le niveau d\u2019acide hyaluronique. La barri\u00e8re cutan\u00e9e est renforc\u00e9e pendant 24 heures, limitant la perte d\u2019humidit\u00e9. Le r\u00e9sultat est que la peau devient plus douce et plus lisse apr\u00e8s 28 jours, avec une desquamation normale [&hellip;]\n","protected":false},"author":1,"featured_media":0,"parent":0,"menu_order":0,"comment_status":"closed","ping_status":"closed","template":"","meta":{"footnotes":""},"_links":{"self":[{"href":"https:\/\/seacare.com\/fr\/wp-json\/wp\/v2\/pages\/36798"}],"collection":[{"href":"https:\/\/seacare.com\/fr\/wp-json\/wp\/v2\/pages"}],"about":[{"href":"https:\/\/seacare.com\/fr\/wp-json\/wp\/v2\/types\/page"}],"author":[{"embeddable":true,"href":"https:\/\/seacare.com\/fr\/wp-json\/wp\/v2\/users\/1"}],"replies":[{"embeddable":true,"href":"https:\/\/seacare.com\/fr\/wp-json\/wp\/v2\/comments?post=36798"}],"version-history":[{"count":1,"href":"https:\/\/seacare.com\/fr\/wp-json\/wp\/v2\/pages\/36798\/revisions"}],"predecessor-version":[{"id":36799,"href":"https:\/\/seacare.com\/fr\/wp-json\/wp\/v2\/pages\/36798\/revisions\/36799"}],"wp:attachment":[{"href":"https:\/\/seacare.com\/fr\/wp-json\/wp\/v2\/media?parent=36798"}],"curies":[{"name":"wp","href":"https:\/\/api.w.org\/{rel}","templated":true}]}}