{"id":36800,"date":"2021-05-11T18:16:16","date_gmt":"2021-05-11T15:16:16","guid":{"rendered":"https:\/\/seacare.com\/fr\/?page_id=36800"},"modified":"2021-05-11T18:16:16","modified_gmt":"2021-05-11T15:16:16","slug":"duraquench-iq","status":"publish","type":"page","link":"https:\/\/seacare.com\/fr\/duraquench-iq\/","title":{"rendered":"DuraQuench\u2122 IQ"},"content":{"rendered":"<h1 class=\"text-head\" style=\"text-align: center;\"><span data-text-color=\"primary\">DuraQuench\u2122 IQ<\/span><\/h1>\n<p>DuraQuench \u2122 IQ est un complexe hydratant efficace qui utilise un double m\u00e9canisme pour former une couche structurelle intelligente sur la surface de la peau tout en r\u00e9gulant la perte d\u2019humidit\u00e9, renfor\u00e7ant la barri\u00e8re naturelle de la peau. Il donne une hydratation et une douceur durable \u00e0 la peau.<\/p>\n","protected":false},"excerpt":{"rendered":"<p>DuraQuench\u2122 IQ DuraQuench \u2122 IQ est un complexe hydratant efficace qui utilise un double m\u00e9canisme pour former une couche structurelle intelligente sur la surface de la peau tout en r\u00e9gulant la perte d\u2019humidit\u00e9, renfor\u00e7ant la barri\u00e8re naturelle de la peau. Il donne une hydratation et une douceur durable \u00e0 la peau.<\/p>\n","protected":false},"author":1,"featured_media":0,"parent":0,"menu_order":0,"comment_status":"closed","ping_status":"closed","template":"","meta":{"footnotes":""},"_links":{"self":[{"href":"https:\/\/seacare.com\/fr\/wp-json\/wp\/v2\/pages\/36800"}],"collection":[{"href":"https:\/\/seacare.com\/fr\/wp-json\/wp\/v2\/pages"}],"about":[{"href":"https:\/\/seacare.com\/fr\/wp-json\/wp\/v2\/types\/page"}],"author":[{"embeddable":true,"href":"https:\/\/seacare.com\/fr\/wp-json\/wp\/v2\/users\/1"}],"replies":[{"embeddable":true,"href":"https:\/\/seacare.com\/fr\/wp-json\/wp\/v2\/comments?post=36800"}],"version-history":[{"count":1,"href":"https:\/\/seacare.com\/fr\/wp-json\/wp\/v2\/pages\/36800\/revisions"}],"predecessor-version":[{"id":36801,"href":"https:\/\/seacare.com\/fr\/wp-json\/wp\/v2\/pages\/36800\/revisions\/36801"}],"wp:attachment":[{"href":"https:\/\/seacare.com\/fr\/wp-json\/wp\/v2\/media?parent=36800"}],"curies":[{"name":"wp","href":"https:\/\/api.w.org\/{rel}","templated":true}]}}