{"id":36802,"date":"2021-05-11T18:18:07","date_gmt":"2021-05-11T15:18:07","guid":{"rendered":"https:\/\/seacare.com\/fr\/?page_id=36802"},"modified":"2021-05-11T18:18:07","modified_gmt":"2021-05-11T15:18:07","slug":"dermosoft-gmcy","status":"publish","type":"page","link":"https:\/\/seacare.com\/fr\/dermosoft-gmcy\/","title":{"rendered":"Dermosoft\u00ae\u00a0GMCY"},"content":{"rendered":"<h1 class=\"text-head\" style=\"text-align: center;\"><span data-text-color=\"primary\">Dermosoft\u00ae\u00a0GMCY<\/span><\/h1>\n<p>Dermosoft\u00ae GMCY a des propri\u00e9t\u00e9s hydratantes et r\u00e9g\u00e9n\u00e9rantes. Il aide \u00e0 am\u00e9liorer et \u00e0 maintenir l\u2019hydratation et l\u2019\u00e9quilibre de la peau. De plus, gr\u00e2ce \u00e0 sa forte activit\u00e9 contre l\u2019acn\u00e9 Propionibacterium, Dermosoft GMCY aide \u00e0 lutter contre les impuret\u00e9s cutan\u00e9es.<\/p>\n","protected":false},"excerpt":{"rendered":"<p>Dermosoft\u00ae\u00a0GMCY Dermosoft\u00ae GMCY a des propri\u00e9t\u00e9s hydratantes et r\u00e9g\u00e9n\u00e9rantes. Il aide \u00e0 am\u00e9liorer et \u00e0 maintenir l\u2019hydratation et l\u2019\u00e9quilibre de la peau. De plus, gr\u00e2ce \u00e0 sa forte activit\u00e9 contre l\u2019acn\u00e9 Propionibacterium, Dermosoft GMCY aide \u00e0 lutter contre les impuret\u00e9s cutan\u00e9es.<\/p>\n","protected":false},"author":1,"featured_media":0,"parent":0,"menu_order":0,"comment_status":"closed","ping_status":"closed","template":"","meta":{"footnotes":""},"_links":{"self":[{"href":"https:\/\/seacare.com\/fr\/wp-json\/wp\/v2\/pages\/36802"}],"collection":[{"href":"https:\/\/seacare.com\/fr\/wp-json\/wp\/v2\/pages"}],"about":[{"href":"https:\/\/seacare.com\/fr\/wp-json\/wp\/v2\/types\/page"}],"author":[{"embeddable":true,"href":"https:\/\/seacare.com\/fr\/wp-json\/wp\/v2\/users\/1"}],"replies":[{"embeddable":true,"href":"https:\/\/seacare.com\/fr\/wp-json\/wp\/v2\/comments?post=36802"}],"version-history":[{"count":1,"href":"https:\/\/seacare.com\/fr\/wp-json\/wp\/v2\/pages\/36802\/revisions"}],"predecessor-version":[{"id":36803,"href":"https:\/\/seacare.com\/fr\/wp-json\/wp\/v2\/pages\/36802\/revisions\/36803"}],"wp:attachment":[{"href":"https:\/\/seacare.com\/fr\/wp-json\/wp\/v2\/media?parent=36802"}],"curies":[{"name":"wp","href":"https:\/\/api.w.org\/{rel}","templated":true}]}}