{"id":36804,"date":"2021-05-11T18:19:30","date_gmt":"2021-05-11T15:19:30","guid":{"rendered":"https:\/\/seacare.com\/fr\/?page_id=36804"},"modified":"2021-05-11T18:19:30","modified_gmt":"2021-05-11T15:19:30","slug":"dermosoft-omp","status":"publish","type":"page","link":"https:\/\/seacare.com\/fr\/dermosoft-omp\/","title":{"rendered":"Dermosoft\u00ae OMP"},"content":{"rendered":"<h1 class=\"text-head\" style=\"text-align: center;\"><span data-text-color=\"primary\">Dermosoft\u00ae OMP<\/span><\/h1>\n<p>Dermosoft\u00ae OMP est un ingr\u00e9dient cosm\u00e9tique multifonctionnel avec une forte activit\u00e9 antimicrobienne, des propri\u00e9t\u00e9s hydratantes et r\u00e9g\u00e9n\u00e9rantes. Dermosoft OMP est compos\u00e9 d\u2019un m\u00e9lange d\u2019ingr\u00e9dients qui aident \u00e0 retenir l\u2019humidit\u00e9 de la peau et peuvent transformer la plupart des formulations cosm\u00e9tiques en produits auto-conservateurs.<\/p>\n","protected":false},"excerpt":{"rendered":"<p>Dermosoft\u00ae OMP Dermosoft\u00ae OMP est un ingr\u00e9dient cosm\u00e9tique multifonctionnel avec une forte activit\u00e9 antimicrobienne, des propri\u00e9t\u00e9s hydratantes et r\u00e9g\u00e9n\u00e9rantes. Dermosoft OMP est compos\u00e9 d\u2019un m\u00e9lange d\u2019ingr\u00e9dients qui aident \u00e0 retenir l\u2019humidit\u00e9 de la peau et peuvent transformer la plupart des formulations cosm\u00e9tiques en produits auto-conservateurs.<\/p>\n","protected":false},"author":1,"featured_media":0,"parent":0,"menu_order":0,"comment_status":"closed","ping_status":"closed","template":"","meta":{"footnotes":""},"_links":{"self":[{"href":"https:\/\/seacare.com\/fr\/wp-json\/wp\/v2\/pages\/36804"}],"collection":[{"href":"https:\/\/seacare.com\/fr\/wp-json\/wp\/v2\/pages"}],"about":[{"href":"https:\/\/seacare.com\/fr\/wp-json\/wp\/v2\/types\/page"}],"author":[{"embeddable":true,"href":"https:\/\/seacare.com\/fr\/wp-json\/wp\/v2\/users\/1"}],"replies":[{"embeddable":true,"href":"https:\/\/seacare.com\/fr\/wp-json\/wp\/v2\/comments?post=36804"}],"version-history":[{"count":1,"href":"https:\/\/seacare.com\/fr\/wp-json\/wp\/v2\/pages\/36804\/revisions"}],"predecessor-version":[{"id":36805,"href":"https:\/\/seacare.com\/fr\/wp-json\/wp\/v2\/pages\/36804\/revisions\/36805"}],"wp:attachment":[{"href":"https:\/\/seacare.com\/fr\/wp-json\/wp\/v2\/media?parent=36804"}],"curies":[{"name":"wp","href":"https:\/\/api.w.org\/{rel}","templated":true}]}}