{"id":36806,"date":"2021-05-11T18:21:34","date_gmt":"2021-05-11T15:21:34","guid":{"rendered":"https:\/\/seacare.com\/fr\/?page_id=36806"},"modified":"2021-05-11T18:21:34","modified_gmt":"2021-05-11T15:21:34","slug":"amisoft-cs-22","status":"publish","type":"page","link":"https:\/\/seacare.com\/fr\/amisoft-cs-22\/","title":{"rendered":"Amisoft\u00ae CS-22"},"content":{"rendered":"<h1 style=\"text-align: center;\"><span data-text-color=\"primary\">Amisoft\u00ae CS-22<\/span><\/h1>\n<p>Amisoft \u00ae CS-22 est un ingr\u00e9dient naturel actif, d\u00e9riv\u00e9 de l\u2019acide amin\u00e9, d\u2019acide L-glutamique et d\u2019acides gras de noix de coco. Amisoft\u00ae CS-22 a un excellent effet revitalisant sur la peau, laissant une sensation d\u2019hydratation sans tension, et a un effet similaire sur les cheveux, laissant les cheveux soyeux, doux et lisses.<\/p>\n","protected":false},"excerpt":{"rendered":"<p>Amisoft\u00ae CS-22 Amisoft \u00ae CS-22 est un ingr\u00e9dient naturel actif, d\u00e9riv\u00e9 de l\u2019acide amin\u00e9, d\u2019acide L-glutamique et d\u2019acides gras de noix de coco. Amisoft\u00ae CS-22 a un excellent effet revitalisant sur la peau, laissant une sensation d\u2019hydratation sans tension, et a un effet similaire sur les cheveux, laissant les cheveux soyeux, doux et lisses.<\/p>\n","protected":false},"author":1,"featured_media":0,"parent":0,"menu_order":0,"comment_status":"closed","ping_status":"closed","template":"","meta":{"footnotes":""},"_links":{"self":[{"href":"https:\/\/seacare.com\/fr\/wp-json\/wp\/v2\/pages\/36806"}],"collection":[{"href":"https:\/\/seacare.com\/fr\/wp-json\/wp\/v2\/pages"}],"about":[{"href":"https:\/\/seacare.com\/fr\/wp-json\/wp\/v2\/types\/page"}],"author":[{"embeddable":true,"href":"https:\/\/seacare.com\/fr\/wp-json\/wp\/v2\/users\/1"}],"replies":[{"embeddable":true,"href":"https:\/\/seacare.com\/fr\/wp-json\/wp\/v2\/comments?post=36806"}],"version-history":[{"count":1,"href":"https:\/\/seacare.com\/fr\/wp-json\/wp\/v2\/pages\/36806\/revisions"}],"predecessor-version":[{"id":36807,"href":"https:\/\/seacare.com\/fr\/wp-json\/wp\/v2\/pages\/36806\/revisions\/36807"}],"wp:attachment":[{"href":"https:\/\/seacare.com\/fr\/wp-json\/wp\/v2\/media?parent=36806"}],"curies":[{"name":"wp","href":"https:\/\/api.w.org\/{rel}","templated":true}]}}