{"id":36810,"date":"2021-05-11T18:26:54","date_gmt":"2021-05-11T15:26:54","guid":{"rendered":"https:\/\/seacare.com\/fr\/?page_id=36810"},"modified":"2021-05-11T18:26:54","modified_gmt":"2021-05-11T15:26:54","slug":"sel-de-la-mer-morte","status":"publish","type":"page","link":"https:\/\/seacare.com\/fr\/sel-de-la-mer-morte\/","title":{"rendered":"Sel de la Mer Morte"},"content":{"rendered":"<h1 style=\"text-align: center;\"><span data-text-color=\"primary\">Sel de la Mer Morte<\/span><\/h1>\n<p>Le sel de la mer Morte satur\u00e9 de min\u00e9raux essentiels peut \u00eatre ce dont nous avons besoin pour notre sant\u00e9 g\u00e9n\u00e9ral et notre bien-\u00eatre. Le sel de la mer Morte contient une vari\u00e9t\u00e9 de min\u00e9raux, notamment du potassium, du calcium, du magn\u00e9sium, du sodium et des traces de soufre, qui jouent un r\u00f4le important dans notre sant\u00e9 g\u00e9n\u00e9rale. Il contient du soufre, ce qui est excellent pour nettoyer la peau gr\u00e2ce \u00e0 ses propri\u00e9t\u00e9s antibact\u00e9riennes.<\/p>\n","protected":false},"excerpt":{"rendered":"<p>Sel de la Mer Morte Le sel de la mer Morte satur\u00e9 de min\u00e9raux essentiels peut \u00eatre ce dont nous avons besoin pour notre sant\u00e9 g\u00e9n\u00e9ral et notre bien-\u00eatre. Le sel de la mer Morte contient une vari\u00e9t\u00e9 de min\u00e9raux, notamment du potassium, du calcium, du magn\u00e9sium, du sodium et des traces de soufre, qui [&hellip;]\n","protected":false},"author":1,"featured_media":0,"parent":0,"menu_order":0,"comment_status":"closed","ping_status":"closed","template":"","meta":{"footnotes":""},"_links":{"self":[{"href":"https:\/\/seacare.com\/fr\/wp-json\/wp\/v2\/pages\/36810"}],"collection":[{"href":"https:\/\/seacare.com\/fr\/wp-json\/wp\/v2\/pages"}],"about":[{"href":"https:\/\/seacare.com\/fr\/wp-json\/wp\/v2\/types\/page"}],"author":[{"embeddable":true,"href":"https:\/\/seacare.com\/fr\/wp-json\/wp\/v2\/users\/1"}],"replies":[{"embeddable":true,"href":"https:\/\/seacare.com\/fr\/wp-json\/wp\/v2\/comments?post=36810"}],"version-history":[{"count":1,"href":"https:\/\/seacare.com\/fr\/wp-json\/wp\/v2\/pages\/36810\/revisions"}],"predecessor-version":[{"id":36811,"href":"https:\/\/seacare.com\/fr\/wp-json\/wp\/v2\/pages\/36810\/revisions\/36811"}],"wp:attachment":[{"href":"https:\/\/seacare.com\/fr\/wp-json\/wp\/v2\/media?parent=36810"}],"curies":[{"name":"wp","href":"https:\/\/api.w.org\/{rel}","templated":true}]}}