{"id":36814,"date":"2021-05-11T18:30:36","date_gmt":"2021-05-11T15:30:36","guid":{"rendered":"https:\/\/seacare.com\/fr\/?page_id=36814"},"modified":"2021-05-11T18:30:36","modified_gmt":"2021-05-11T15:30:36","slug":"or","status":"publish","type":"page","link":"https:\/\/seacare.com\/fr\/or\/","title":{"rendered":"Or"},"content":{"rendered":"<h1 class=\"text-head\" style=\"text-align: center;\"><span data-text-color=\"primary\">Or<\/span><\/h1>\n<p>L\u2019utilisation de l\u2019or pour les soins de la peau est devenue populaire aujourd\u2019hui. Cependant, l\u2019utilisation de l\u2019or dans les produits de soins de la peau \u00e9tait tr\u00e8s bien connue et utilis\u00e9e par les Japonais, les Romains et les \u00c9gyptiens depuis des si\u00e8cles. L\u2019or diminue les rides, ridules et taches. Il stimulent le renouvellement cellulaire de la peau et emp\u00eache le vieillissement pr\u00e9matur\u00e9 de la peau.<\/p>\n","protected":false},"excerpt":{"rendered":"<p>Or L\u2019utilisation de l\u2019or pour les soins de la peau est devenue populaire aujourd\u2019hui. Cependant, l\u2019utilisation de l\u2019or dans les produits de soins de la peau \u00e9tait tr\u00e8s bien connue et utilis\u00e9e par les Japonais, les Romains et les \u00c9gyptiens depuis des si\u00e8cles. L\u2019or diminue les rides, ridules et taches. Il stimulent le renouvellement cellulaire [&hellip;]\n","protected":false},"author":1,"featured_media":0,"parent":0,"menu_order":0,"comment_status":"closed","ping_status":"closed","template":"","meta":{"footnotes":""},"_links":{"self":[{"href":"https:\/\/seacare.com\/fr\/wp-json\/wp\/v2\/pages\/36814"}],"collection":[{"href":"https:\/\/seacare.com\/fr\/wp-json\/wp\/v2\/pages"}],"about":[{"href":"https:\/\/seacare.com\/fr\/wp-json\/wp\/v2\/types\/page"}],"author":[{"embeddable":true,"href":"https:\/\/seacare.com\/fr\/wp-json\/wp\/v2\/users\/1"}],"replies":[{"embeddable":true,"href":"https:\/\/seacare.com\/fr\/wp-json\/wp\/v2\/comments?post=36814"}],"version-history":[{"count":1,"href":"https:\/\/seacare.com\/fr\/wp-json\/wp\/v2\/pages\/36814\/revisions"}],"predecessor-version":[{"id":36815,"href":"https:\/\/seacare.com\/fr\/wp-json\/wp\/v2\/pages\/36814\/revisions\/36815"}],"wp:attachment":[{"href":"https:\/\/seacare.com\/fr\/wp-json\/wp\/v2\/media?parent=36814"}],"curies":[{"name":"wp","href":"https:\/\/api.w.org\/{rel}","templated":true}]}}