{"id":36817,"date":"2021-05-11T18:32:21","date_gmt":"2021-05-11T15:32:21","guid":{"rendered":"https:\/\/seacare.com\/fr\/?page_id=36817"},"modified":"2021-05-11T18:32:21","modified_gmt":"2021-05-11T15:32:21","slug":"huile-de-chanvre","status":"publish","type":"page","link":"https:\/\/seacare.com\/fr\/huile-de-chanvre\/","title":{"rendered":"Huile de chanvre"},"content":{"rendered":"<h1 class=\"text-head\" style=\"text-align: center;\"><span data-text-color=\"primary\">Huile de chanvre<\/span><\/h1>\n<p>L\u2019huile de chanvre peut \u00eatre utilis\u00e9e \u00e0 tout \u00e2ge et pour tous les types de peau. L\u2019huile de chanvre pour le visage est consid\u00e9r\u00e9e comme l\u2019un des hydratants cellulaires les plus profonds, elle restaure l\u2019\u00e9lasticit\u00e9, nourrit, adoucit, lisse les rides et a un effet antibact\u00e9rien. Elle aide \u00e0 retenir les mol\u00e9cules d\u2019eau dans la peau.<\/p>\n","protected":false},"excerpt":{"rendered":"<p>Huile de chanvre L\u2019huile de chanvre peut \u00eatre utilis\u00e9e \u00e0 tout \u00e2ge et pour tous les types de peau. L\u2019huile de chanvre pour le visage est consid\u00e9r\u00e9e comme l\u2019un des hydratants cellulaires les plus profonds, elle restaure l\u2019\u00e9lasticit\u00e9, nourrit, adoucit, lisse les rides et a un effet antibact\u00e9rien. Elle aide \u00e0 retenir les mol\u00e9cules d\u2019eau [&hellip;]\n","protected":false},"author":1,"featured_media":0,"parent":0,"menu_order":0,"comment_status":"closed","ping_status":"closed","template":"","meta":{"footnotes":""},"_links":{"self":[{"href":"https:\/\/seacare.com\/fr\/wp-json\/wp\/v2\/pages\/36817"}],"collection":[{"href":"https:\/\/seacare.com\/fr\/wp-json\/wp\/v2\/pages"}],"about":[{"href":"https:\/\/seacare.com\/fr\/wp-json\/wp\/v2\/types\/page"}],"author":[{"embeddable":true,"href":"https:\/\/seacare.com\/fr\/wp-json\/wp\/v2\/users\/1"}],"replies":[{"embeddable":true,"href":"https:\/\/seacare.com\/fr\/wp-json\/wp\/v2\/comments?post=36817"}],"version-history":[{"count":1,"href":"https:\/\/seacare.com\/fr\/wp-json\/wp\/v2\/pages\/36817\/revisions"}],"predecessor-version":[{"id":36818,"href":"https:\/\/seacare.com\/fr\/wp-json\/wp\/v2\/pages\/36817\/revisions\/36818"}],"wp:attachment":[{"href":"https:\/\/seacare.com\/fr\/wp-json\/wp\/v2\/media?parent=36817"}],"curies":[{"name":"wp","href":"https:\/\/api.w.org\/{rel}","templated":true}]}}