{"id":36819,"date":"2021-05-11T18:34:26","date_gmt":"2021-05-11T15:34:26","guid":{"rendered":"https:\/\/seacare.com\/fr\/?page_id=36819"},"modified":"2021-05-11T18:34:26","modified_gmt":"2021-05-11T15:34:26","slug":"huile-de-squalane","status":"publish","type":"page","link":"https:\/\/seacare.com\/fr\/huile-de-squalane\/","title":{"rendered":"Huile de squalane"},"content":{"rendered":"<h1 class=\"text-head\" style=\"text-align: center;\"><span data-text-color=\"primary\">Huile de squalane<\/span><\/h1>\n<p>L\u2019huile de squalane est un excellent hydratant, elle laisse la peau douce et souple. L\u2019huile de squalane aide \u00e0 prot\u00e9ger la peau des radicaux libres qui peuvent provoquer des taches de vieillesse et un vieillissement pr\u00e9matur\u00e9. Elle est id\u00e9ale pour traiter et pr\u00e9venir la peau s\u00e8che autour des yeux.<\/p>\n","protected":false},"excerpt":{"rendered":"<p>Huile de squalane L\u2019huile de squalane est un excellent hydratant, elle laisse la peau douce et souple. L\u2019huile de squalane aide \u00e0 prot\u00e9ger la peau des radicaux libres qui peuvent provoquer des taches de vieillesse et un vieillissement pr\u00e9matur\u00e9. Elle est id\u00e9ale pour traiter et pr\u00e9venir la peau s\u00e8che autour des yeux.<\/p>\n","protected":false},"author":1,"featured_media":0,"parent":0,"menu_order":0,"comment_status":"closed","ping_status":"closed","template":"","meta":{"footnotes":""},"_links":{"self":[{"href":"https:\/\/seacare.com\/fr\/wp-json\/wp\/v2\/pages\/36819"}],"collection":[{"href":"https:\/\/seacare.com\/fr\/wp-json\/wp\/v2\/pages"}],"about":[{"href":"https:\/\/seacare.com\/fr\/wp-json\/wp\/v2\/types\/page"}],"author":[{"embeddable":true,"href":"https:\/\/seacare.com\/fr\/wp-json\/wp\/v2\/users\/1"}],"replies":[{"embeddable":true,"href":"https:\/\/seacare.com\/fr\/wp-json\/wp\/v2\/comments?post=36819"}],"version-history":[{"count":1,"href":"https:\/\/seacare.com\/fr\/wp-json\/wp\/v2\/pages\/36819\/revisions"}],"predecessor-version":[{"id":36820,"href":"https:\/\/seacare.com\/fr\/wp-json\/wp\/v2\/pages\/36819\/revisions\/36820"}],"wp:attachment":[{"href":"https:\/\/seacare.com\/fr\/wp-json\/wp\/v2\/media?parent=36819"}],"curies":[{"name":"wp","href":"https:\/\/api.w.org\/{rel}","templated":true}]}}