{"id":36826,"date":"2021-05-11T18:51:27","date_gmt":"2021-05-11T15:51:27","guid":{"rendered":"https:\/\/seacare.com\/fr\/?page_id=36826"},"modified":"2021-05-11T18:51:27","modified_gmt":"2021-05-11T15:51:27","slug":"huile-de-citron","status":"publish","type":"page","link":"https:\/\/seacare.com\/fr\/huile-de-citron\/","title":{"rendered":"Huile de citron"},"content":{"rendered":"<h1 class=\"text-head\" style=\"text-align: center;\"><span data-text-color=\"primary\">Huile de citron<\/span><\/h1>\n<p>Appliqu\u00e9e sur la peau, l\u2019huile de citron peut am\u00e9liorer consid\u00e9rablement son apparence et la rendre plus jeune. Elle peut r\u00e9parer la peau affaiss\u00e9e ou terne gr\u00e2ce \u00e0 son effet astringent et antiseptique. L\u2019huile de citron tue les diff\u00e9rents agents pathog\u00e8nes qui vivent sur la peau et traite les affections cutan\u00e9es et l\u2019acn\u00e9.<\/p>\n","protected":false},"excerpt":{"rendered":"<p>Huile de citron Appliqu\u00e9e sur la peau, l\u2019huile de citron peut am\u00e9liorer consid\u00e9rablement son apparence et la rendre plus jeune. Elle peut r\u00e9parer la peau affaiss\u00e9e ou terne gr\u00e2ce \u00e0 son effet astringent et antiseptique. L\u2019huile de citron tue les diff\u00e9rents agents pathog\u00e8nes qui vivent sur la peau et traite les affections cutan\u00e9es et l\u2019acn\u00e9.<\/p>\n","protected":false},"author":1,"featured_media":0,"parent":0,"menu_order":0,"comment_status":"closed","ping_status":"closed","template":"","meta":{"footnotes":""},"_links":{"self":[{"href":"https:\/\/seacare.com\/fr\/wp-json\/wp\/v2\/pages\/36826"}],"collection":[{"href":"https:\/\/seacare.com\/fr\/wp-json\/wp\/v2\/pages"}],"about":[{"href":"https:\/\/seacare.com\/fr\/wp-json\/wp\/v2\/types\/page"}],"author":[{"embeddable":true,"href":"https:\/\/seacare.com\/fr\/wp-json\/wp\/v2\/users\/1"}],"replies":[{"embeddable":true,"href":"https:\/\/seacare.com\/fr\/wp-json\/wp\/v2\/comments?post=36826"}],"version-history":[{"count":1,"href":"https:\/\/seacare.com\/fr\/wp-json\/wp\/v2\/pages\/36826\/revisions"}],"predecessor-version":[{"id":36827,"href":"https:\/\/seacare.com\/fr\/wp-json\/wp\/v2\/pages\/36826\/revisions\/36827"}],"wp:attachment":[{"href":"https:\/\/seacare.com\/fr\/wp-json\/wp\/v2\/media?parent=36826"}],"curies":[{"name":"wp","href":"https:\/\/api.w.org\/{rel}","templated":true}]}}