{"id":36828,"date":"2021-05-11T18:52:52","date_gmt":"2021-05-11T15:52:52","guid":{"rendered":"https:\/\/seacare.com\/fr\/?page_id=36828"},"modified":"2021-05-11T18:52:52","modified_gmt":"2021-05-11T15:52:52","slug":"huile-dorange","status":"publish","type":"page","link":"https:\/\/seacare.com\/fr\/huile-dorange\/","title":{"rendered":"Huile d\u2019orange"},"content":{"rendered":"<h1 class=\"text-head\" style=\"text-align: center;\"><span data-text-color=\"primary\">Huile d\u2019orange<\/span><\/h1>\n<p>L\u2019orange douce, ou citrus sinensis, est le fruit qui produit cette huile utile, utilis\u00e9e dans divers produits de soins de la peau gr\u00e2ce \u00e0 son parfum et \u00e0 ses propri\u00e9t\u00e9s antioxydantes et antiseptiques. L\u2019huile d\u2019orange prot\u00e8ge la peau des radicaux libres et gu\u00e9rit l\u2019acn\u00e9.<\/p>\n","protected":false},"excerpt":{"rendered":"<p>Huile d\u2019orange L\u2019orange douce, ou citrus sinensis, est le fruit qui produit cette huile utile, utilis\u00e9e dans divers produits de soins de la peau gr\u00e2ce \u00e0 son parfum et \u00e0 ses propri\u00e9t\u00e9s antioxydantes et antiseptiques. L\u2019huile d\u2019orange prot\u00e8ge la peau des radicaux libres et gu\u00e9rit l\u2019acn\u00e9.<\/p>\n","protected":false},"author":1,"featured_media":0,"parent":0,"menu_order":0,"comment_status":"closed","ping_status":"closed","template":"","meta":{"footnotes":""},"_links":{"self":[{"href":"https:\/\/seacare.com\/fr\/wp-json\/wp\/v2\/pages\/36828"}],"collection":[{"href":"https:\/\/seacare.com\/fr\/wp-json\/wp\/v2\/pages"}],"about":[{"href":"https:\/\/seacare.com\/fr\/wp-json\/wp\/v2\/types\/page"}],"author":[{"embeddable":true,"href":"https:\/\/seacare.com\/fr\/wp-json\/wp\/v2\/users\/1"}],"replies":[{"embeddable":true,"href":"https:\/\/seacare.com\/fr\/wp-json\/wp\/v2\/comments?post=36828"}],"version-history":[{"count":1,"href":"https:\/\/seacare.com\/fr\/wp-json\/wp\/v2\/pages\/36828\/revisions"}],"predecessor-version":[{"id":36829,"href":"https:\/\/seacare.com\/fr\/wp-json\/wp\/v2\/pages\/36828\/revisions\/36829"}],"wp:attachment":[{"href":"https:\/\/seacare.com\/fr\/wp-json\/wp\/v2\/media?parent=36828"}],"curies":[{"name":"wp","href":"https:\/\/api.w.org\/{rel}","templated":true}]}}