{"id":36830,"date":"2021-05-11T18:55:10","date_gmt":"2021-05-11T15:55:10","guid":{"rendered":"https:\/\/seacare.com\/fr\/?page_id=36830"},"modified":"2021-05-11T18:55:10","modified_gmt":"2021-05-11T15:55:10","slug":"huile-de-rose-musquee","status":"publish","type":"page","link":"https:\/\/seacare.com\/fr\/huile-de-rose-musquee\/","title":{"rendered":"Huile de rose musqu\u00e9e"},"content":{"rendered":"<h1 class=\"text-head\" style=\"text-align: center;\"><span data-text-color=\"primary\">Huile de rose musqu\u00e9e<\/span><\/h1>\n<p>L\u2019huile de rose musqu\u00e9e est un super produit qui offre de nombreux avantages pour tous les types de peau, de l\u2019\u00e9claircissement de la peau \u00e0 l\u2019am\u00e9lioration du niveau d\u2019hydratation et de l\u2019\u00e9lasticit\u00e9. Il est compos\u00e9 de pr\u00e8s de 89% d\u2019acides gras essentiels y compris des om\u00e9ga-3, des om\u00e9ga-6 et des om\u00e9ga-9 qui stimulent la r\u00e9g\u00e9n\u00e9ration et la nouvelle production de collag\u00e8ne et d\u2019\u00e9lastine.<\/p>\n","protected":false},"excerpt":{"rendered":"<p>Huile de rose musqu\u00e9e L\u2019huile de rose musqu\u00e9e est un super produit qui offre de nombreux avantages pour tous les types de peau, de l\u2019\u00e9claircissement de la peau \u00e0 l\u2019am\u00e9lioration du niveau d\u2019hydratation et de l\u2019\u00e9lasticit\u00e9. Il est compos\u00e9 de pr\u00e8s de 89% d\u2019acides gras essentiels y compris des om\u00e9ga-3, des om\u00e9ga-6 et des om\u00e9ga-9 [&hellip;]\n","protected":false},"author":1,"featured_media":0,"parent":0,"menu_order":0,"comment_status":"closed","ping_status":"closed","template":"","meta":{"footnotes":""},"_links":{"self":[{"href":"https:\/\/seacare.com\/fr\/wp-json\/wp\/v2\/pages\/36830"}],"collection":[{"href":"https:\/\/seacare.com\/fr\/wp-json\/wp\/v2\/pages"}],"about":[{"href":"https:\/\/seacare.com\/fr\/wp-json\/wp\/v2\/types\/page"}],"author":[{"embeddable":true,"href":"https:\/\/seacare.com\/fr\/wp-json\/wp\/v2\/users\/1"}],"replies":[{"embeddable":true,"href":"https:\/\/seacare.com\/fr\/wp-json\/wp\/v2\/comments?post=36830"}],"version-history":[{"count":1,"href":"https:\/\/seacare.com\/fr\/wp-json\/wp\/v2\/pages\/36830\/revisions"}],"predecessor-version":[{"id":36831,"href":"https:\/\/seacare.com\/fr\/wp-json\/wp\/v2\/pages\/36830\/revisions\/36831"}],"wp:attachment":[{"href":"https:\/\/seacare.com\/fr\/wp-json\/wp\/v2\/media?parent=36830"}],"curies":[{"name":"wp","href":"https:\/\/api.w.org\/{rel}","templated":true}]}}