{"id":36832,"date":"2021-05-11T18:56:57","date_gmt":"2021-05-11T15:56:57","guid":{"rendered":"https:\/\/seacare.com\/fr\/?page_id=36832"},"modified":"2021-05-11T18:56:57","modified_gmt":"2021-05-11T15:56:57","slug":"poudre-de-riz","status":"publish","type":"page","link":"https:\/\/seacare.com\/fr\/poudre-de-riz\/","title":{"rendered":"Poudre de riz"},"content":{"rendered":"<h1 class=\"text-head\" style=\"text-align: center;\"><span data-text-color=\"primary\">Poudre de riz<\/span><\/h1>\n<p>La poudre de riz contient de nombreuses vitamines et min\u00e9raux qui aident \u00e0 obtenir une peau claire et impeccable. La poudre de riz est de nature granuleuse, elle est donc capable d\u2019exfolier la peau, la laissant si douce et souple au toucher. Elle peut \u00eatre utilis\u00e9e pour \u00e9claircir la peau, surtout si vous souffrez de d\u00e9coloration ou d\u2019hyperpigmentation.<\/p>\n","protected":false},"excerpt":{"rendered":"<p>Poudre de riz La poudre de riz contient de nombreuses vitamines et min\u00e9raux qui aident \u00e0 obtenir une peau claire et impeccable. La poudre de riz est de nature granuleuse, elle est donc capable d\u2019exfolier la peau, la laissant si douce et souple au toucher. Elle peut \u00eatre utilis\u00e9e pour \u00e9claircir la peau, surtout si [&hellip;]\n","protected":false},"author":1,"featured_media":0,"parent":0,"menu_order":0,"comment_status":"closed","ping_status":"closed","template":"","meta":{"footnotes":""},"_links":{"self":[{"href":"https:\/\/seacare.com\/fr\/wp-json\/wp\/v2\/pages\/36832"}],"collection":[{"href":"https:\/\/seacare.com\/fr\/wp-json\/wp\/v2\/pages"}],"about":[{"href":"https:\/\/seacare.com\/fr\/wp-json\/wp\/v2\/types\/page"}],"author":[{"embeddable":true,"href":"https:\/\/seacare.com\/fr\/wp-json\/wp\/v2\/users\/1"}],"replies":[{"embeddable":true,"href":"https:\/\/seacare.com\/fr\/wp-json\/wp\/v2\/comments?post=36832"}],"version-history":[{"count":1,"href":"https:\/\/seacare.com\/fr\/wp-json\/wp\/v2\/pages\/36832\/revisions"}],"predecessor-version":[{"id":36833,"href":"https:\/\/seacare.com\/fr\/wp-json\/wp\/v2\/pages\/36832\/revisions\/36833"}],"wp:attachment":[{"href":"https:\/\/seacare.com\/fr\/wp-json\/wp\/v2\/media?parent=36832"}],"curies":[{"name":"wp","href":"https:\/\/api.w.org\/{rel}","templated":true}]}}