{"id":36834,"date":"2021-05-11T18:58:13","date_gmt":"2021-05-11T15:58:13","guid":{"rendered":"https:\/\/seacare.com\/fr\/?page_id=36834"},"modified":"2021-05-11T18:58:13","modified_gmt":"2021-05-11T15:58:13","slug":"extrait-de-marrube-blanc","status":"publish","type":"page","link":"https:\/\/seacare.com\/fr\/extrait-de-marrube-blanc\/","title":{"rendered":"Extrait de marrube blanc"},"content":{"rendered":"<h1 class=\"text-head\" style=\"text-align: center;\"><span data-text-color=\"primary\">Extrait de marrube blanc<\/span><\/h1>\n<p>Le marrube blanc, \u00e9galement connue comme la marrube commun, est une plante m\u00e9dicinale appartenant \u00e0 la famille des lamiac\u00e9es (Lamiaceae). L\u2019extrait de marrube blanc abaisse la pression art\u00e9rielle, les lipides et la glyc\u00e9mie, ce qui entra\u00eene une protection et un rajeunissement essentiel de la peau.<\/p>\n","protected":false},"excerpt":{"rendered":"<p>Extrait de marrube blanc Le marrube blanc, \u00e9galement connue comme la marrube commun, est une plante m\u00e9dicinale appartenant \u00e0 la famille des lamiac\u00e9es (Lamiaceae). L\u2019extrait de marrube blanc abaisse la pression art\u00e9rielle, les lipides et la glyc\u00e9mie, ce qui entra\u00eene une protection et un rajeunissement essentiel de la peau.<\/p>\n","protected":false},"author":1,"featured_media":0,"parent":0,"menu_order":0,"comment_status":"closed","ping_status":"closed","template":"","meta":{"footnotes":""},"_links":{"self":[{"href":"https:\/\/seacare.com\/fr\/wp-json\/wp\/v2\/pages\/36834"}],"collection":[{"href":"https:\/\/seacare.com\/fr\/wp-json\/wp\/v2\/pages"}],"about":[{"href":"https:\/\/seacare.com\/fr\/wp-json\/wp\/v2\/types\/page"}],"author":[{"embeddable":true,"href":"https:\/\/seacare.com\/fr\/wp-json\/wp\/v2\/users\/1"}],"replies":[{"embeddable":true,"href":"https:\/\/seacare.com\/fr\/wp-json\/wp\/v2\/comments?post=36834"}],"version-history":[{"count":1,"href":"https:\/\/seacare.com\/fr\/wp-json\/wp\/v2\/pages\/36834\/revisions"}],"predecessor-version":[{"id":36835,"href":"https:\/\/seacare.com\/fr\/wp-json\/wp\/v2\/pages\/36834\/revisions\/36835"}],"wp:attachment":[{"href":"https:\/\/seacare.com\/fr\/wp-json\/wp\/v2\/media?parent=36834"}],"curies":[{"name":"wp","href":"https:\/\/api.w.org\/{rel}","templated":true}]}}