{"id":36837,"date":"2021-05-11T18:59:37","date_gmt":"2021-05-11T15:59:37","guid":{"rendered":"https:\/\/seacare.com\/fr\/?page_id=36837"},"modified":"2021-05-11T18:59:37","modified_gmt":"2021-05-11T15:59:37","slug":"extrait-de-feuilles-de-peucedan-peucedan-imperatoire","status":"publish","type":"page","link":"https:\/\/seacare.com\/fr\/extrait-de-feuilles-de-peucedan-peucedan-imperatoire\/","title":{"rendered":"Extrait de feuilles de peuc\u00e9dan (peuc\u00e9dan imp\u00e9ratoire)"},"content":{"rendered":"<h1 class=\"text-head\" style=\"text-align: center;\"><span data-text-color=\"primary\">Extrait de feuilles de peuc\u00e9dan (peuc\u00e9dan imp\u00e9ratoire)<\/span><\/h1>\n<p>L\u2019extrait de feuilles de peuc\u00e9dan poss\u00e8de des propri\u00e9t\u00e9s rajeunissantes sur la peau. Il est utilis\u00e9 pour restaurer la jeunesse, gu\u00e9rir les blessures. L\u2019extrait de feuilles de peuc\u00e9dan apaise et gu\u00e9rit la peau, soulage les tensions et les irritations de la peau. Depuis le Moyen \u00c2ge, les Romains l\u2019appellent une \u00abm\u00e9decine divine\u00bb.<\/p>\n","protected":false},"excerpt":{"rendered":"<p>Extrait de feuilles de peuc\u00e9dan (peuc\u00e9dan imp\u00e9ratoire) L\u2019extrait de feuilles de peuc\u00e9dan poss\u00e8de des propri\u00e9t\u00e9s rajeunissantes sur la peau. Il est utilis\u00e9 pour restaurer la jeunesse, gu\u00e9rir les blessures. L\u2019extrait de feuilles de peuc\u00e9dan apaise et gu\u00e9rit la peau, soulage les tensions et les irritations de la peau. Depuis le Moyen \u00c2ge, les Romains l\u2019appellent [&hellip;]\n","protected":false},"author":1,"featured_media":0,"parent":0,"menu_order":0,"comment_status":"closed","ping_status":"closed","template":"","meta":{"footnotes":""},"_links":{"self":[{"href":"https:\/\/seacare.com\/fr\/wp-json\/wp\/v2\/pages\/36837"}],"collection":[{"href":"https:\/\/seacare.com\/fr\/wp-json\/wp\/v2\/pages"}],"about":[{"href":"https:\/\/seacare.com\/fr\/wp-json\/wp\/v2\/types\/page"}],"author":[{"embeddable":true,"href":"https:\/\/seacare.com\/fr\/wp-json\/wp\/v2\/users\/1"}],"replies":[{"embeddable":true,"href":"https:\/\/seacare.com\/fr\/wp-json\/wp\/v2\/comments?post=36837"}],"version-history":[{"count":1,"href":"https:\/\/seacare.com\/fr\/wp-json\/wp\/v2\/pages\/36837\/revisions"}],"predecessor-version":[{"id":36838,"href":"https:\/\/seacare.com\/fr\/wp-json\/wp\/v2\/pages\/36837\/revisions\/36838"}],"wp:attachment":[{"href":"https:\/\/seacare.com\/fr\/wp-json\/wp\/v2\/media?parent=36837"}],"curies":[{"name":"wp","href":"https:\/\/api.w.org\/{rel}","templated":true}]}}