{"id":36839,"date":"2021-05-11T19:00:43","date_gmt":"2021-05-11T16:00:43","guid":{"rendered":"https:\/\/seacare.com\/fr\/?page_id=36839"},"modified":"2021-05-11T19:00:43","modified_gmt":"2021-05-11T16:00:43","slug":"extrait-de-marronnier-dinde","status":"publish","type":"page","link":"https:\/\/seacare.com\/fr\/extrait-de-marronnier-dinde\/","title":{"rendered":"Extrait de marronnier d\u2019Inde"},"content":{"rendered":"<h1 class=\"text-head\" style=\"text-align: center;\"><span data-text-color=\"primary\">Extrait de marronnier d\u2019Inde<\/span><\/h1>\n<p>L\u2019extrait de graines du marronnier d\u2019Inde est un ingr\u00e9dient populaire de soins de la peau utilis\u00e9 pour am\u00e9liorer la sant\u00e9 des veines et r\u00e9duire l\u2019inflammation. Le principal ingr\u00e9dient actif de l\u2019extrait de marronnier d\u2019Inde est l\u2019escine, qui a \u00e9t\u00e9 \u00e9tudi\u00e9e pour ses nombreux bienfaits.<\/p>\n","protected":false},"excerpt":{"rendered":"<p>Extrait de marronnier d\u2019Inde L\u2019extrait de graines du marronnier d\u2019Inde est un ingr\u00e9dient populaire de soins de la peau utilis\u00e9 pour am\u00e9liorer la sant\u00e9 des veines et r\u00e9duire l\u2019inflammation. Le principal ingr\u00e9dient actif de l\u2019extrait de marronnier d\u2019Inde est l\u2019escine, qui a \u00e9t\u00e9 \u00e9tudi\u00e9e pour ses nombreux bienfaits.<\/p>\n","protected":false},"author":1,"featured_media":0,"parent":0,"menu_order":0,"comment_status":"closed","ping_status":"closed","template":"","meta":{"footnotes":""},"_links":{"self":[{"href":"https:\/\/seacare.com\/fr\/wp-json\/wp\/v2\/pages\/36839"}],"collection":[{"href":"https:\/\/seacare.com\/fr\/wp-json\/wp\/v2\/pages"}],"about":[{"href":"https:\/\/seacare.com\/fr\/wp-json\/wp\/v2\/types\/page"}],"author":[{"embeddable":true,"href":"https:\/\/seacare.com\/fr\/wp-json\/wp\/v2\/users\/1"}],"replies":[{"embeddable":true,"href":"https:\/\/seacare.com\/fr\/wp-json\/wp\/v2\/comments?post=36839"}],"version-history":[{"count":1,"href":"https:\/\/seacare.com\/fr\/wp-json\/wp\/v2\/pages\/36839\/revisions"}],"predecessor-version":[{"id":36840,"href":"https:\/\/seacare.com\/fr\/wp-json\/wp\/v2\/pages\/36839\/revisions\/36840"}],"wp:attachment":[{"href":"https:\/\/seacare.com\/fr\/wp-json\/wp\/v2\/media?parent=36839"}],"curies":[{"name":"wp","href":"https:\/\/api.w.org\/{rel}","templated":true}]}}