{"id":36843,"date":"2021-05-12T15:27:24","date_gmt":"2021-05-12T12:27:24","guid":{"rendered":"https:\/\/seacare.com\/fr\/?page_id=36843"},"modified":"2021-05-12T15:27:24","modified_gmt":"2021-05-12T12:27:24","slug":"vitamine-a","status":"publish","type":"page","link":"https:\/\/seacare.com\/fr\/vitamine-a\/","title":{"rendered":"Vitamine A"},"content":{"rendered":"<h1 class=\"text-head\" style=\"text-align: center;\"><span data-text-color=\"primary\">Vitamine A<\/span><\/h1>\n<p>Le meilleur anti-\u00e2ge<br \/>\nReconnue pour la r\u00e9duction des rides, l\u2019att\u00e9nuation des taches brunes et de la rugosit\u00e9. \u00ab Il existe plus des 700 \u00e9tudes publi\u00e9es sur les r\u00e9tino\u00efdes : ce sont des ingr\u00e9dients \u00e9prouv\u00e9s. Quiconque souhaite avoir une peau d\u2019apparence plus jeune devrait en utiliser \u00bb, d\u00e9clare la Dre Doris Day, MD, professeure clinique adjointe en dermatologie au centre m\u00e9dical Langone de l\u2019Universit\u00e9 de New York.<\/p>\n","protected":false},"excerpt":{"rendered":"<p>Vitamine A Le meilleur anti-\u00e2ge Reconnue pour la r\u00e9duction des rides, l\u2019att\u00e9nuation des taches brunes et de la rugosit\u00e9. \u00ab Il existe plus des 700 \u00e9tudes publi\u00e9es sur les r\u00e9tino\u00efdes : ce sont des ingr\u00e9dients \u00e9prouv\u00e9s. Quiconque souhaite avoir une peau d\u2019apparence plus jeune devrait en utiliser \u00bb, d\u00e9clare la Dre Doris Day, MD, professeure [&hellip;]\n","protected":false},"author":1,"featured_media":0,"parent":0,"menu_order":0,"comment_status":"closed","ping_status":"closed","template":"","meta":{"footnotes":""},"_links":{"self":[{"href":"https:\/\/seacare.com\/fr\/wp-json\/wp\/v2\/pages\/36843"}],"collection":[{"href":"https:\/\/seacare.com\/fr\/wp-json\/wp\/v2\/pages"}],"about":[{"href":"https:\/\/seacare.com\/fr\/wp-json\/wp\/v2\/types\/page"}],"author":[{"embeddable":true,"href":"https:\/\/seacare.com\/fr\/wp-json\/wp\/v2\/users\/1"}],"replies":[{"embeddable":true,"href":"https:\/\/seacare.com\/fr\/wp-json\/wp\/v2\/comments?post=36843"}],"version-history":[{"count":1,"href":"https:\/\/seacare.com\/fr\/wp-json\/wp\/v2\/pages\/36843\/revisions"}],"predecessor-version":[{"id":36844,"href":"https:\/\/seacare.com\/fr\/wp-json\/wp\/v2\/pages\/36843\/revisions\/36844"}],"wp:attachment":[{"href":"https:\/\/seacare.com\/fr\/wp-json\/wp\/v2\/media?parent=36843"}],"curies":[{"name":"wp","href":"https:\/\/api.w.org\/{rel}","templated":true}]}}