{"id":36846,"date":"2021-05-12T15:30:41","date_gmt":"2021-05-12T12:30:41","guid":{"rendered":"https:\/\/seacare.com\/fr\/?page_id=36846"},"modified":"2021-05-12T15:30:41","modified_gmt":"2021-05-12T12:30:41","slug":"vitamine-e","status":"publish","type":"page","link":"https:\/\/seacare.com\/fr\/vitamine-e\/","title":{"rendered":"Vitamine E"},"content":{"rendered":"<h1 class=\"text-head\" style=\"text-align: center;\"><span data-text-color=\"primary\">Vitamine E<\/span><\/h1>\n<p>Combat la peau s\u00e8che et soutient la protection de la peau contre les UV<br \/>\nReconnue pour r\u00e9duire la s\u00e9cheresse en aidant la peau \u00e0 retenir son hydratation naturelle. La grande capacit\u00e9 de la vitamine E \u00e0 neutraliser les radicaux libres n\u00e9fastes lui a valu le surnom de \u00ab protecteur \u00bb. De nombreuses \u00e9tudes sur les soins de la peau font \u00e9tat de son statut de grande vedette. Une de ces \u00e9tudes a montr\u00e9 que la vitamine E pouvait r\u00e9duire consid\u00e9rablement le nombre de ces mol\u00e9cules instables cr\u00e9\u00e9es apr\u00e8s une exposition \u00e0 la fum\u00e9e de cigarette. D\u2019autres ont montr\u00e9 que lorsque la vitamine E est utilis\u00e9e avant une exposition aux UV, la peau est moins rouge, moins enfl\u00e9e et moins s\u00e8che.<\/p>\n","protected":false},"excerpt":{"rendered":"<p>Vitamine E Combat la peau s\u00e8che et soutient la protection de la peau contre les UV Reconnue pour r\u00e9duire la s\u00e9cheresse en aidant la peau \u00e0 retenir son hydratation naturelle. La grande capacit\u00e9 de la vitamine E \u00e0 neutraliser les radicaux libres n\u00e9fastes lui a valu le surnom de \u00ab protecteur \u00bb. De nombreuses \u00e9tudes [&hellip;]\n","protected":false},"author":1,"featured_media":0,"parent":0,"menu_order":0,"comment_status":"closed","ping_status":"closed","template":"","meta":{"footnotes":""},"_links":{"self":[{"href":"https:\/\/seacare.com\/fr\/wp-json\/wp\/v2\/pages\/36846"}],"collection":[{"href":"https:\/\/seacare.com\/fr\/wp-json\/wp\/v2\/pages"}],"about":[{"href":"https:\/\/seacare.com\/fr\/wp-json\/wp\/v2\/types\/page"}],"author":[{"embeddable":true,"href":"https:\/\/seacare.com\/fr\/wp-json\/wp\/v2\/users\/1"}],"replies":[{"embeddable":true,"href":"https:\/\/seacare.com\/fr\/wp-json\/wp\/v2\/comments?post=36846"}],"version-history":[{"count":1,"href":"https:\/\/seacare.com\/fr\/wp-json\/wp\/v2\/pages\/36846\/revisions"}],"predecessor-version":[{"id":36847,"href":"https:\/\/seacare.com\/fr\/wp-json\/wp\/v2\/pages\/36846\/revisions\/36847"}],"wp:attachment":[{"href":"https:\/\/seacare.com\/fr\/wp-json\/wp\/v2\/media?parent=36846"}],"curies":[{"name":"wp","href":"https:\/\/api.w.org\/{rel}","templated":true}]}}