{"id":4634,"date":"2017-04-20T20:01:12","date_gmt":"2017-04-20T17:01:12","guid":{"rendered":"http:\/\/800forlady.com\/fr\/?page_id=4634"},"modified":"2020-10-08T18:30:06","modified_gmt":"2020-10-08T15:30:06","slug":"a-propos-de-seacare","status":"publish","type":"page","link":"https:\/\/seacare.com\/fr\/a-propos-de-seacare\/","title":{"rendered":"\u00c0 propos de SeaCare"},"content":{"rendered":"\n  <div class=\"banner has-hover\" id=\"banner-948002956\">\n          <div class=\"banner-inner fill\">\n        <div class=\"banner-bg fill\" >\n            <div class=\"bg fill bg-fill \"><\/div>\n                                    \n                    <\/div><!-- bg-layers -->\n        <div class=\"banner-layers container\">\n            <div class=\"fill banner-link\"><\/div>            \n   <div id=\"text-box-687039257\" class=\"text-box banner-layer x0 md-x0 lg-x0 y0 md-y0 lg-y0 res-text\">\n                                <div class=\"text dark\">\n              \n              <div class=\"text-inner text-center\">\n                  \n<h2 class=\"lead\">\u00c0 propos de SeaCare<\/h2>\n<p class=\"lead\" style=\"margin-top: -10px; font-size: 16px; \">Produits cosm\u00e9tiques de la Mer Morte pour les soins de la peau<\/p>\n<style>\n@media (max-width: 500px){\n.text-box p {display: none;\n<\/style>\n              <\/div>\n           <\/div><!-- text-box-inner -->\n                            \n<style scope=\"scope\">\n\n#text-box-687039257 {\n  width: 53%;\n}\n#text-box-687039257 .text {\n  font-size: 100%;\n}\n<\/style>\n    <\/div><!-- text-box -->\n \n        <\/div><!-- .banner-layers -->\n      <\/div><!-- .banner-inner -->\n\n              <div class=\"height-fix is-invisible\"><img loading=\"lazy\" decoding=\"async\" width=\"1903\" height=\"600\" src=\"https:\/\/seacare.com\/wp-content\/uploads\/2017\/06\/\u0411\u0435\u0437-\u0438\u043c\u0435\u043d\u0438-6-4.png\" class=\"attachment-orginal size-orginal\" alt=\"\" srcset=\"https:\/\/seacare.com\/wp-content\/uploads\/2017\/06\/\u0411\u0435\u0437-\u0438\u043c\u0435\u043d\u0438-6-4.png 1903w, https:\/\/seacare.com\/wp-content\/uploads\/2017\/06\/\u0411\u0435\u0437-\u0438\u043c\u0435\u043d\u0438-6-4-800x252.png 800w, https:\/\/seacare.com\/wp-content\/uploads\/2017\/06\/\u0411\u0435\u0437-\u0438\u043c\u0435\u043d\u0438-6-4-768x242.png 768w, https:\/\/seacare.com\/wp-content\/uploads\/2017\/06\/\u0411\u0435\u0437-\u0438\u043c\u0435\u043d\u0438-6-4-1400x441.png 1400w\" sizes=\"(max-width: 1903px) 100vw, 1903px\" \/><\/div>\n            \n<style scope=\"scope\">\n\n#banner-948002956 .bg.bg-loaded {\n  background-image: url(https:\/\/seacare.com\/wp-content\/uploads\/2017\/06\/\u0411\u0435\u0437-\u0438\u043c\u0435\u043d\u0438-6-4.png);\n}\n<\/style>\n  <\/div><!-- .banner -->\n\n\n<div class=\"row\"  id=\"row-1757878459\">\n<div class=\"col small-12 large-12\"  ><div class=\"col-inner\"  >\n<p class=\"o-kom-text3\">SeaCare Group est une entreprise de produits cosm\u00e9tiques internationale, dont le si\u00e8ge social est bas\u00e9 \u00e0 Toronto, en Ontario, au Canada. Elle fabrique, distribue et commercialise des produits cosm\u00e9tiques et th\u00e9rapeutiques perfectionn\u00e9s con\u00e7us \u00e0 base de sel, de boue et de min\u00e9raux de la Mer Morte, dont les vertus curatives sont reconnues depuis plusieurs milliers d\u2019ann\u00e9es. Pour offrir les meilleurs produits de soins de la peau, SeaCare Group travaille avec les plus grands laboratoires de recherche comme:<\/p>\n<p class=\"o-kom-text3\"><img decoding=\"async\" class=\"marker\" src=\"\/wp-content\/uploads\/2013\/08\/punkt.png\" \/>Sederma, France \u2013 produit le Matrixyl\u00ae pour une r\u00e9duction importante des rides;<br \/> <img decoding=\"async\" class=\"marker\" src=\"\/wp-content\/uploads\/2013\/08\/punkt.png\" \/>Soliance, France \u2013 produit l\u2019EasylianceMC pour un effet raffermissant imm\u00e9diat;<br \/> <img decoding=\"async\" class=\"marker\" src=\"\/wp-content\/uploads\/2013\/08\/punkt.png\" \/>Sophim, France \u2013 produit l\u2019huile d\u2019argan pour l\u2019hydratation et la douceur de la peau;<br \/> <img decoding=\"async\" class=\"marker\" src=\"\/wp-content\/uploads\/2013\/08\/punkt.png\" \/>Greentech, France \u2013 produit le Lipactive Inca Inchi \u2013 l\u2019huile la plus riche en acides gras essentiels recommand\u00e9s pour leur action anti-\u00e2ge, de r\u00e9g\u00e9n\u00e9ration, curative et hydratante;<br \/> <img decoding=\"async\" class=\"marker\" src=\"\/wp-content\/uploads\/2013\/08\/punkt.png\" \/>Croda, R.-U. \u2013 produit le DuraQuench IQ pour une hydratation efficace de la peau;<br \/> <img decoding=\"async\" class=\"marker\" src=\"\/wp-content\/uploads\/2013\/08\/punkt.png\" \/>Mibelle, Suisse \u2013 fabrique le Coenzyme Q10 qui soutient le syst\u00e8me de protection naturel de la peau, att\u00e9nue les rides, r\u00e9g\u00e9n\u00e8re la peau et agit comme un agent antioxydant.<\/p>\n<p style=\"text-align: center;\"><img decoding=\"async\" src=\"\/wp-content\/uploads\/2013\/08\/o-kompanii.png\" \/><\/p>\n<\/div><\/div>\n<div class=\"col small-12 large-12\"  ><div class=\"col-inner\"  >\n<p class=\"o-kom-text3\">Nos scientifiques s\u2019assurent de la qualit\u00e9 constante de nos produits en leur faisant subir de nombreux tests de contr\u00f4le, men\u00e9s au quotidien en laboratoire. Chaque produit SeaCare est con\u00e7u \u00e0 partir des meilleurs ingr\u00e9dients naturels et ne contient AUCUNE des substances suivantes: SANS parab\u00e8ne, SANS propyl\u00e8neglycol, SANS huile min\u00e9rale, SANS silicone, SANS p\u00e9trolatum, SANS laurylsulfate de sodium (SLS)<\/p>\n<p class=\"o-kom-text3\">Avec des textures agr\u00e9ables et des ingr\u00e9dients actifs de pointe, SeaCare offre un vaste choix de produits haute performance. Tous les produits SeaCare sont fabriqu\u00e9s en Isra\u00ebl et portent la \u00ab marque de bonne qualit\u00e9 et de produit d\u2019origine de la Mer Morte d\u2019Isra\u00ebl \u00bb remise par l\u2019Association des fabricants d\u2019Isra\u00ebl et l\u2019Association des industries cosm\u00e9tiques d\u2019Isra\u00ebl.<\/p>\n<p class=\"o-kom-text3\">SeaCare Group s\u2019engage \u00e0 offrir un service de qualit\u00e9 optimale sur lequel vous pouvez compter. Notre service client\u00e8le s\u2019efforce de r\u00e9pondre \u00e0 toutes les demandes envoy\u00e9es par courriel en un jour ouvrable.<\/p>\n<p class=\"o-kom-text3\">Avec SeaCare et ses conseillers beaut\u00e9 professionnels, vous \u00eates s\u00fbr de profiter des meilleures innovations de produit et d\u2019un service personnalis\u00e9.<\/p>\n<\/div><\/div>\n<\/div>\n    <div class=\"img has-hover x md-x lg-x y md-y lg-y\" id=\"image_428346520\">\n                <div class=\"img-inner dark\" >\n        <img loading=\"lazy\" decoding=\"async\" width=\"1020\" height=\"95\" src=\"https:\/\/seacare.com\/wp-content\/uploads\/2020\/10\/\u041b\u043e\u0433\u043e\u0442\u0438\u043f-\u0434\u043b\u044f-\u0421\u0430\u0438\u0306\u0442\u0430-SeaCare-\u043a\u043e\u043f\u0438\u044f-1400x130.png\" class=\"attachment-large size-large\" alt=\"\" srcset=\"https:\/\/seacare.com\/wp-content\/uploads\/2020\/10\/\u041b\u043e\u0433\u043e\u0442\u0438\u043f-\u0434\u043b\u044f-\u0421\u0430\u0438\u0306\u0442\u0430-SeaCare-\u043a\u043e\u043f\u0438\u044f-1400x130.png 1400w, https:\/\/seacare.com\/wp-content\/uploads\/2020\/10\/\u041b\u043e\u0433\u043e\u0442\u0438\u043f-\u0434\u043b\u044f-\u0421\u0430\u0438\u0306\u0442\u0430-SeaCare-\u043a\u043e\u043f\u0438\u044f-800x74.png 800w, https:\/\/seacare.com\/wp-content\/uploads\/2020\/10\/\u041b\u043e\u0433\u043e\u0442\u0438\u043f-\u0434\u043b\u044f-\u0421\u0430\u0438\u0306\u0442\u0430-SeaCare-\u043a\u043e\u043f\u0438\u044f-768x71.png 768w\" sizes=\"(max-width: 1020px) 100vw, 1020px\" \/>                \n            <\/div>\n                   \n<style scope=\"scope\">\n\n<\/style>\n    <\/div>\n    \n","protected":false},"excerpt":{"rendered":"","protected":false},"author":1,"featured_media":4594,"parent":0,"menu_order":0,"comment_status":"closed","ping_status":"closed","template":"","meta":{"footnotes":""},"_links":{"self":[{"href":"https:\/\/seacare.com\/fr\/wp-json\/wp\/v2\/pages\/4634"}],"collection":[{"href":"https:\/\/seacare.com\/fr\/wp-json\/wp\/v2\/pages"}],"about":[{"href":"https:\/\/seacare.com\/fr\/wp-json\/wp\/v2\/types\/page"}],"author":[{"embeddable":true,"href":"https:\/\/seacare.com\/fr\/wp-json\/wp\/v2\/users\/1"}],"replies":[{"embeddable":true,"href":"https:\/\/seacare.com\/fr\/wp-json\/wp\/v2\/comments?post=4634"}],"version-history":[{"count":6,"href":"https:\/\/seacare.com\/fr\/wp-json\/wp\/v2\/pages\/4634\/revisions"}],"predecessor-version":[{"id":28234,"href":"https:\/\/seacare.com\/fr\/wp-json\/wp\/v2\/pages\/4634\/revisions\/28234"}],"wp:featuredmedia":[{"embeddable":true,"href":"https:\/\/seacare.com\/fr\/wp-json\/wp\/v2\/media\/4594"}],"wp:attachment":[{"href":"https:\/\/seacare.com\/fr\/wp-json\/wp\/v2\/media?parent=4634"}],"curies":[{"name":"wp","href":"https:\/\/api.w.org\/{rel}","templated":true}]}}