{"id":4651,"date":"2017-04-20T22:06:30","date_gmt":"2017-04-20T19:06:30","guid":{"rendered":"http:\/\/800forlady.com\/fr\/?page_id=4651"},"modified":"2021-05-11T18:24:07","modified_gmt":"2021-05-11T15:24:07","slug":"les-mineraux-de-la-mer-morte","status":"publish","type":"page","link":"https:\/\/seacare.com\/fr\/les-mineraux-de-la-mer-morte\/","title":{"rendered":"Les min\u00e9raux de la Mer Morte"},"content":{"rendered":"<h1 style=\"text-align: center;\"><span data-text-color=\"primary\">Les min\u00e9raux de la Mer Morte<\/span><\/h1>\n<p style=\"text-align: center;\">En tout, la Mer Morte contient plus de 20 min\u00e9raux reconnus pour sublimer la peau et la garder saine et jeune. M\u00eame les plantes qui poussent sur les rives de la Mer Morte pr\u00e9sentent une forte concentration en vitamines, en min\u00e9raux et en huiles pr\u00e9cieuses qui sont utilis\u00e9s en m\u00e9decine et cosm\u00e9tique dermatologiques. Les principaux min\u00e9raux extraits de la Mer Morte sont, en r\u00e9alit\u00e9, indispensables au bon fonctionnement des cellules cutan\u00e9es et contribuent largement \u00e0 pr\u00e9server la beaut\u00e9 et la sant\u00e9 de la peau.<\/p>\n<p style=\"text-align: center;\">    <div class=\"img has-hover x md-x lg-x y md-y lg-y\" id=\"image_176291034\">\n                <div class=\"img-inner dark\" style=\"margin:-15px 0px 0px 0px;\">\n        <img loading=\"lazy\" decoding=\"async\" width=\"994\" height=\"145\" src=\"https:\/\/seacare.com\/wp-content\/uploads\/2020\/10\/\u041c\u0438\u043d\u0435\u0440\u0430\u043b\u044b.png\" class=\"attachment-large size-large\" alt=\"Minerals\" srcset=\"https:\/\/seacare.com\/wp-content\/uploads\/2020\/10\/\u041c\u0438\u043d\u0435\u0440\u0430\u043b\u044b.png 994w, https:\/\/seacare.com\/wp-content\/uploads\/2020\/10\/\u041c\u0438\u043d\u0435\u0440\u0430\u043b\u044b-800x117.png 800w, https:\/\/seacare.com\/wp-content\/uploads\/2020\/10\/\u041c\u0438\u043d\u0435\u0440\u0430\u043b\u044b-768x112.png 768w\" sizes=\"(max-width: 994px) 100vw, 994px\" \/>                \n            <\/div>\n                   \n<style scope=\"scope\">\n\n<\/style>\n    <\/div>\n    \n<div class=\"row\"  id=\"row-1006555750\">\n<div class=\"col medium-6 small-12 large-6\"  ><div class=\"col-inner\"  >\n<p class=\"o-kom-text3\"><strong><span class=\"text-head2\">Magn\u00e9sium<\/span><\/strong> &#8211; un min\u00e9ral th\u00e9rapeutique qui aide \u00e0 la cicatrisation des tissus cutan\u00e9s, agit comme un agent anti-allerg\u00e8ne sur la peau, am\u00e9liore le m\u00e9tabolisme cellulaire, stimule la synth\u00e8se prot\u00e9ique et facilite la production \u00e9nerg\u00e9tique.<\/p>\n<p class=\"o-kom-text3\"><strong><span class=\"text-head2\">Iode<\/span><\/strong> &#8211; am\u00e9liore le fonctionnement de la glande thyro\u00efde et facilite les \u00e9changes m\u00e9taboliques des cellules de la peau.<\/p>\n<p class=\"o-kom-text3\"><strong><span class=\"text-head2\">Soufre<\/span><\/strong> &#8211; est un min\u00e9ral th\u00e9rapeutique reconnu. Le soufre contient certaines vitamines essentielles et est un agent d\u00e9sinfectant et antibact\u00e9rien naturel \u2013 le rendant ainsi tr\u00e8s efficace contre l\u2019acn\u00e9. Ce min\u00e9ral a aussi fait ses preuves dans le soulagement des sympt\u00f4mes de certaines affections cutan\u00e9es, comme le psoriasis et l\u2019ecz\u00e9ma.<\/p>\n<p class=\"o-kom-text3\"><strong><span class=\"text-head2\">Potassium<\/span><\/strong> &#8211; est un r\u00e9gulateur d\u2019hydratation cl\u00e9 et aide \u00e0 pr\u00e9server un environnement cutan\u00e9 neutre. Une carence en potassium peut engendrer une peau anormalement s\u00e8che, de l\u2019acn\u00e9, ainsi que des crises de psoriasis.<\/p>\n<p class=\"o-kom-text3\"><strong><span class=\"text-head2\">Calcium<\/span><\/strong> &#8211; est l\u2019\u00e9l\u00e9ment de base pour la r\u00e9paration des tissus conjonctifs sous-cutan\u00e9s et joue un r\u00f4le important dans la protection cellulaire. Il r\u00e9gule la perm\u00e9abilit\u00e9 de la membrane cellulaire (absorption et production de s\u00e9bum) et normalise la diff\u00e9renciation des cellules cutan\u00e9es.<\/p>\n<p class=\"o-kom-text3\"><strong><span class=\"text-head2\">Sodium<\/span><\/strong> &#8211; ce min\u00e9ral de la Mer Morte am\u00e9liore le m\u00e9tabolisme des cellules de la peau, apaise les crampes et contractures musculaires tout en pr\u00e9servant un environnement neutre \u00e0 l\u2019int\u00e9rieur des cellules cutan\u00e9es.<\/p>\n<\/div><\/div>\n<div class=\"col medium-6 small-12 large-6\"  ><div class=\"col-inner\"  >\n<p class=\"o-kom-text3\"><strong><span class=\"text-head2\">Zinc<\/span><\/strong> &#8211; ce min\u00e9ral est important pour r\u00e9guler naturellement la croissance et la r\u00e9g\u00e9n\u00e9ration des cellules. Il contribue aussi au renouvellement cellulaire et stimule la synth\u00e8se du collag\u00e8ne et de l\u2019\u00e9lastine (r\u00e9g\u00e9n\u00e8re la peau). Antioxydant puissant, ce min\u00e9ral est un neutralisateur de radicaux libres. Il permet aussi d\u2019am\u00e9liorer la r\u00e9gulation du s\u00e9bum (propri\u00e9t\u00e9s anti-acn\u00e9), les propri\u00e9t\u00e9s anti-inflammatoires et est un \u00e9cran anti-UV naturel.<\/p>\n<p class=\"o-kom-text3\"><strong><span class=\"text-head2\">Strontium<\/span><\/strong> &#8211; a des vertus anti-d\u00e9mangeaisons efficaces, r\u00e9duit les signes de dermatite irritante de contact (un probl\u00e8me courant pour ceux qui ont une peau sensible et qui utilisent r\u00e9guli\u00e8rement des produits cosm\u00e9tiques).<\/p>\n<p class=\"o-kom-text3\"><strong><span class=\"text-head2\">Brome<\/span><\/strong> &#8211; apaise votre peau gr\u00e2ce \u00e0 ses propri\u00e9t\u00e9s anti-inflammatoires, calme, relaxe les muscles et apaise les nerfs de la peau.<\/p>\n<p class=\"o-kom-text3\"><strong><span class=\"text-head2\">Mangan\u00e8se<\/span><\/strong> &#8211; reconnu pour ses puissantes propri\u00e9t\u00e9s antioxydantes. Il stimule aussi la microcirculation (pour un effet anti-\u00e2ge plus efficace) et am\u00e9liore l\u2019\u00e9tat des tissus conjonctifs.<\/p>\n<p class=\"o-kom-text3\"><strong><span class=\"text-head2\">Lithium<\/span><\/strong> &#8211; ce min\u00e9ral de la Mer Morte augmente l\u2019efficacit\u00e9 d\u2019un traitement au sel de bain pour le psoriasis.<\/p>\n<p class=\"o-kom-text3\"><strong><span class=\"text-head2\">Bore<\/span><\/strong> &#8211; la reconstitution du bore aide \u00e0 apaiser les sympt\u00f4mes du psoriasis et de l\u2019arthrite psoriasique.<\/p>\n<\/div><\/div>\n<\/div>\n    <div class=\"img has-hover x md-x lg-x y md-y lg-y\" id=\"image_648947172\">\n                <div class=\"img-inner dark\" >\n        <img loading=\"lazy\" decoding=\"async\" width=\"1020\" height=\"95\" src=\"https:\/\/seacare.com\/wp-content\/uploads\/2020\/10\/\u041b\u043e\u0433\u043e\u0442\u0438\u043f-\u0434\u043b\u044f-\u0421\u0430\u0438\u0306\u0442\u0430-SeaCare-\u043a\u043e\u043f\u0438\u044f-1400x130.png\" class=\"attachment-large size-large\" alt=\"\" srcset=\"https:\/\/seacare.com\/wp-content\/uploads\/2020\/10\/\u041b\u043e\u0433\u043e\u0442\u0438\u043f-\u0434\u043b\u044f-\u0421\u0430\u0438\u0306\u0442\u0430-SeaCare-\u043a\u043e\u043f\u0438\u044f-1400x130.png 1400w, https:\/\/seacare.com\/wp-content\/uploads\/2020\/10\/\u041b\u043e\u0433\u043e\u0442\u0438\u043f-\u0434\u043b\u044f-\u0421\u0430\u0438\u0306\u0442\u0430-SeaCare-\u043a\u043e\u043f\u0438\u044f-800x74.png 800w, https:\/\/seacare.com\/wp-content\/uploads\/2020\/10\/\u041b\u043e\u0433\u043e\u0442\u0438\u043f-\u0434\u043b\u044f-\u0421\u0430\u0438\u0306\u0442\u0430-SeaCare-\u043a\u043e\u043f\u0438\u044f-768x71.png 768w\" sizes=\"(max-width: 1020px) 100vw, 1020px\" \/>                \n            <\/div>\n                   \n<style scope=\"scope\">\n\n<\/style>\n    <\/div>\n    \n","protected":false},"excerpt":{"rendered":"<p>Les min\u00e9raux de la Mer Morte En tout, la Mer Morte contient plus de 20 min\u00e9raux reconnus pour sublimer la peau et la garder saine et jeune. M\u00eame les plantes qui poussent sur les rives de la Mer Morte pr\u00e9sentent une forte concentration en vitamines, en min\u00e9raux et en huiles pr\u00e9cieuses qui sont utilis\u00e9s en [&hellip;]\n","protected":false},"author":1,"featured_media":0,"parent":0,"menu_order":0,"comment_status":"closed","ping_status":"closed","template":"","meta":{"footnotes":""},"_links":{"self":[{"href":"https:\/\/seacare.com\/fr\/wp-json\/wp\/v2\/pages\/4651"}],"collection":[{"href":"https:\/\/seacare.com\/fr\/wp-json\/wp\/v2\/pages"}],"about":[{"href":"https:\/\/seacare.com\/fr\/wp-json\/wp\/v2\/types\/page"}],"author":[{"embeddable":true,"href":"https:\/\/seacare.com\/fr\/wp-json\/wp\/v2\/users\/1"}],"replies":[{"embeddable":true,"href":"https:\/\/seacare.com\/fr\/wp-json\/wp\/v2\/comments?post=4651"}],"version-history":[{"count":2,"href":"https:\/\/seacare.com\/fr\/wp-json\/wp\/v2\/pages\/4651\/revisions"}],"predecessor-version":[{"id":36809,"href":"https:\/\/seacare.com\/fr\/wp-json\/wp\/v2\/pages\/4651\/revisions\/36809"}],"wp:attachment":[{"href":"https:\/\/seacare.com\/fr\/wp-json\/wp\/v2\/media?parent=4651"}],"curies":[{"name":"wp","href":"https:\/\/api.w.org\/{rel}","templated":true}]}}