{"id":4655,"date":"2017-04-20T22:13:44","date_gmt":"2017-04-20T19:13:44","guid":{"rendered":"http:\/\/800forlady.com\/fr\/?page_id=4655"},"modified":"2020-10-06T13:41:22","modified_gmt":"2020-10-06T10:41:22","slug":"devenez-distributeur","status":"publish","type":"page","link":"https:\/\/seacare.com\/fr\/devenez-distributeur\/","title":{"rendered":"Devenez distributeur"},"content":{"rendered":"<h1 class=\"text-head\"><span data-text-color=\"primary\">Devenez distributeur<\/span><br \/><span data-text-color=\"primary\">des produits cosm\u00e9tiques SeaCare de la Mer Morte<\/span><\/h1>\n<p>Qui ne voudrait pas s\u2019associer \u00e0 une entreprise commerciale? Tout le monde ou presque souhaite mettre la main sur une activit\u00e9 qui g\u00e9n\u00e8re un b\u00e9n\u00e9fice mensuel constant. Si le domaine de la beaut\u00e9 et des soins de la peau vous int\u00e9resse, vous pouvez devenir un distributeur ind\u00e9pendant des produits de beaut\u00e9 SeaCare.<\/p>\n<p>Les produits de soins de la peau \u00e0 base d\u2019ingr\u00e9dients de la Mer Morte sont des produits de beaut\u00e9 dont la popularit\u00e9 ne cesse de cro\u00eetre sur le march\u00e9 \u00e0 l\u2019heure actuelle. Alors, n\u2019h\u00e9sitez plus et misez sur la popularit\u00e9 et la demande pour les produits cosm\u00e9tiques et de soins de la peau SeaCare de la Mer Morte.\u00a0<\/p>\n<p>En devenant distributeur des produits cosm\u00e9tiques SeaCare de la Mer Morte, vous pourrez profiter de nombreux avantages financiers et sociaux. Parmi les avantages financiers, il convient de mentionner des prix de gros et des remises tr\u00e8s int\u00e9ressantes sur les commandes en vrac. Sur le plan social, vous aurez l\u2019occasion de rencontrer de nombreux contacts et d\u2019\u00e9largir votre r\u00e9seau et ainsi stimuler vos relations commerciales, en m\u00eame temps que vos ventes.\u00a0<\/p>\n<p>En tant que fabricant d\u2019un des meilleurs produits de soins de la peau, nous cherchons toujours \u00e0 nouer des relations avec de nouveaux distributeurs potentiels. Si vous souhaitez devenir un distributeur des produits SeaCare, merci d\u2019envoyer un courriel en anglais \u00e0 sales@seacare.com nous expliquant votre int\u00e9r\u00eat. Merci d\u2019inclure les informations suivantes :<\/p>\n<p class=\"o-kom-punkt\" style=\"text-align: center;\">\u00a0<\/p>\n<div role=\"form\" class=\"wpcf7\" id=\"wpcf7-f4654-o1\" lang=\"ru-RU\" dir=\"ltr\">\n<div class=\"screen-reader-response\"><\/div>\n<form action=\"\/fr\/wp-json\/wp\/v2\/pages\/4655#wpcf7-f4654-o1\" method=\"post\" class=\"wpcf7-form\" novalidate=\"novalidate\">\n<div style=\"display: none;\">\n<input type=\"hidden\" name=\"_wpcf7\" value=\"4654\" \/>\n<input type=\"hidden\" name=\"_wpcf7_version\" value=\"5.1.7\" \/>\n<input type=\"hidden\" name=\"_wpcf7_locale\" value=\"ru_RU\" \/>\n<input type=\"hidden\" name=\"_wpcf7_unit_tag\" value=\"wpcf7-f4654-o1\" \/>\n<input type=\"hidden\" name=\"_wpcf7_container_post\" value=\"0\" \/>\n<\/div>\n<p><label> Votre nom (obligatoire)<br \/>\n    <span class=\"wpcf7-form-control-wrap your-name\"><input type=\"text\" name=\"your-name\" value=\"\" size=\"40\" class=\"wpcf7-form-control wpcf7-text wpcf7-validates-as-required\" aria-required=\"true\" aria-invalid=\"false\" \/><\/span> <\/label><\/p>\n<p><label> Votre e-mail (facultatif)<br \/>\n    <span class=\"wpcf7-form-control-wrap your-email\"><input type=\"email\" name=\"your-email\" value=\"\" size=\"40\" class=\"wpcf7-form-control wpcf7-text wpcf7-email wpcf7-validates-as-required wpcf7-validates-as-email\" aria-required=\"true\" aria-invalid=\"false\" \/><\/span> <\/label><\/p>\n<p><label> Num\u00e9ro contact t\u00e9l\u00e9phonique (obligatoire)<\/p>\n<p><span class=\"wpcf7-form-control-wrap tel-978\"><input type=\"tel\" name=\"tel-978\" value=\"\" size=\"40\" class=\"wpcf7-form-control wpcf7-text wpcf7-tel wpcf7-validates-as-required wpcf7-validates-as-tel\" aria-required=\"true\" aria-invalid=\"false\" \/><\/span><\/label><\/p>\n<p><label> Nom de l'entreprise (obligatoire)<\/p>\n<p><span class=\"wpcf7-form-control-wrap text-560\"><input type=\"text\" name=\"text-560\" value=\"\" size=\"40\" class=\"wpcf7-form-control wpcf7-text wpcf7-validates-as-required\" aria-required=\"true\" aria-invalid=\"false\" \/><\/span><\/label><\/p>\n<p><label> Adresse de l'entreprise<\/p>\n<p><span class=\"wpcf7-form-control-wrap text-561\"><input type=\"text\" name=\"text-561\" value=\"\" size=\"40\" class=\"wpcf7-form-control wpcf7-text wpcf7-validates-as-required\" aria-required=\"true\" aria-invalid=\"false\" \/><\/span><\/label><\/p>\n<p><label> Message<br \/>\n    <span class=\"wpcf7-form-control-wrap your-message\"><textarea name=\"your-message\" cols=\"40\" rows=\"10\" class=\"wpcf7-form-control wpcf7-textarea\" aria-invalid=\"false\"><\/textarea><\/span> <\/label><\/p>\n<p><input type=\"submit\" value=\"\u0415nvoyer\" class=\"wpcf7-form-control wpcf7-submit\" \/><\/p>\n<p style=\"display: none !important;\"><label>&#916;<textarea name=\"_wpcf7_ak_hp_textarea\" cols=\"45\" rows=\"8\" maxlength=\"100\"><\/textarea><\/label><input type=\"hidden\" id=\"ak_js_1\" name=\"_wpcf7_ak_js\" value=\"245\"\/><script>document.getElementById( \"ak_js_1\" ).setAttribute( \"value\", ( new Date() ).getTime() );<\/script><\/p><div class=\"wpcf7-response-output wpcf7-display-none\"><\/div><\/form><\/div>\n<p style=\"text-align: center;\">Nous sommes impatients de travailler avec vous!<\/p>\n    <div class=\"img has-hover x md-x lg-x y md-y lg-y\" id=\"image_379511005\">\n                <div class=\"img-inner dark\" >\n        <img loading=\"lazy\" decoding=\"async\" width=\"1020\" height=\"95\" src=\"https:\/\/seacare.com\/wp-content\/uploads\/2020\/10\/\u041b\u043e\u0433\u043e\u0442\u0438\u043f-\u0434\u043b\u044f-\u0421\u0430\u0438\u0306\u0442\u0430-SeaCare-\u043a\u043e\u043f\u0438\u044f-1400x130.png\" class=\"attachment-large size-large\" alt=\"\" srcset=\"https:\/\/seacare.com\/wp-content\/uploads\/2020\/10\/\u041b\u043e\u0433\u043e\u0442\u0438\u043f-\u0434\u043b\u044f-\u0421\u0430\u0438\u0306\u0442\u0430-SeaCare-\u043a\u043e\u043f\u0438\u044f-1400x130.png 1400w, https:\/\/seacare.com\/wp-content\/uploads\/2020\/10\/\u041b\u043e\u0433\u043e\u0442\u0438\u043f-\u0434\u043b\u044f-\u0421\u0430\u0438\u0306\u0442\u0430-SeaCare-\u043a\u043e\u043f\u0438\u044f-800x74.png 800w, https:\/\/seacare.com\/wp-content\/uploads\/2020\/10\/\u041b\u043e\u0433\u043e\u0442\u0438\u043f-\u0434\u043b\u044f-\u0421\u0430\u0438\u0306\u0442\u0430-SeaCare-\u043a\u043e\u043f\u0438\u044f-768x71.png 768w\" sizes=\"(max-width: 1020px) 100vw, 1020px\" \/>                \n            <\/div>\n                   \n<style scope=\"scope\">\n\n<\/style>\n    <\/div>\n    \n","protected":false},"excerpt":{"rendered":"<p>Devenez distributeurdes produits cosm\u00e9tiques SeaCare de la Mer Morte Qui ne voudrait pas s\u2019associer \u00e0 une entreprise commerciale? Tout le monde ou presque souhaite mettre la main sur une activit\u00e9 qui g\u00e9n\u00e8re un b\u00e9n\u00e9fice mensuel constant. Si le domaine de la beaut\u00e9 et des soins de la peau vous int\u00e9resse, vous pouvez devenir un distributeur [&hellip;]\n","protected":false},"author":1,"featured_media":0,"parent":0,"menu_order":0,"comment_status":"closed","ping_status":"closed","template":"","meta":{"footnotes":""},"_links":{"self":[{"href":"https:\/\/seacare.com\/fr\/wp-json\/wp\/v2\/pages\/4655"}],"collection":[{"href":"https:\/\/seacare.com\/fr\/wp-json\/wp\/v2\/pages"}],"about":[{"href":"https:\/\/seacare.com\/fr\/wp-json\/wp\/v2\/types\/page"}],"author":[{"embeddable":true,"href":"https:\/\/seacare.com\/fr\/wp-json\/wp\/v2\/users\/1"}],"replies":[{"embeddable":true,"href":"https:\/\/seacare.com\/fr\/wp-json\/wp\/v2\/comments?post=4655"}],"version-history":[{"count":1,"href":"https:\/\/seacare.com\/fr\/wp-json\/wp\/v2\/pages\/4655\/revisions"}],"predecessor-version":[{"id":28112,"href":"https:\/\/seacare.com\/fr\/wp-json\/wp\/v2\/pages\/4655\/revisions\/28112"}],"wp:attachment":[{"href":"https:\/\/seacare.com\/fr\/wp-json\/wp\/v2\/media?parent=4655"}],"curies":[{"name":"wp","href":"https:\/\/api.w.org\/{rel}","templated":true}]}}