{"id":4663,"date":"2017-04-21T13:38:00","date_gmt":"2017-04-21T10:38:00","guid":{"rendered":"http:\/\/800forlady.com\/fr\/?page_id=4663"},"modified":"2017-04-21T13:38:00","modified_gmt":"2017-04-21T10:38:00","slug":"abil-soft-af-200","status":"publish","type":"page","link":"https:\/\/seacare.com\/fr\/abil-soft-af-200\/","title":{"rendered":"ABIL\u00ae Soft AF 200"},"content":{"rendered":"<h1 class=\"text-head\" style=\"text-align: center;\"><span data-text-color=\"primary\">ABIL\u00ae Soft AF 200<\/span><\/h1>\n<hr \/>\n<p class=\"o-kom-text3\">L\u2019ABIL\u00ae Soft AF 200 est le nouvel aminopropyl dim\u00e9thicone qui revitalise les cheveux efficacement et \u00e0 prix r\u00e9duit. L\u2019ABIL\u00ae Soft AF 200 est optimis\u00e9 comme revitalisant haute performance dans les formulations de shampooings.<\/p>\n<p class=\"o-kom-text3\">L\u2019aminosilicone offre des propri\u00e9t\u00e9s revitalisantes exceptionnelles pour une chevelure plus douce et plus lisse. L\u2019ABIL\u00ae Soft AF 200 (INCI : Aminopropyl Dimethicone) rend \u00e9galement les cheveux plus faciles \u00e0 coiffer.<\/p>\n","protected":false},"excerpt":{"rendered":"<p>ABIL\u00ae Soft AF 200 L\u2019ABIL\u00ae Soft AF 200 est le nouvel aminopropyl dim\u00e9thicone qui revitalise les cheveux efficacement et \u00e0 prix r\u00e9duit. L\u2019ABIL\u00ae Soft AF 200 est optimis\u00e9 comme revitalisant haute performance dans les formulations de shampooings. L\u2019aminosilicone offre des propri\u00e9t\u00e9s revitalisantes exceptionnelles pour une chevelure plus douce et plus lisse. L\u2019ABIL\u00ae Soft AF 200 [&hellip;]\n","protected":false},"author":1,"featured_media":0,"parent":0,"menu_order":0,"comment_status":"closed","ping_status":"closed","template":"","meta":{"footnotes":""},"_links":{"self":[{"href":"https:\/\/seacare.com\/fr\/wp-json\/wp\/v2\/pages\/4663"}],"collection":[{"href":"https:\/\/seacare.com\/fr\/wp-json\/wp\/v2\/pages"}],"about":[{"href":"https:\/\/seacare.com\/fr\/wp-json\/wp\/v2\/types\/page"}],"author":[{"embeddable":true,"href":"https:\/\/seacare.com\/fr\/wp-json\/wp\/v2\/users\/1"}],"replies":[{"embeddable":true,"href":"https:\/\/seacare.com\/fr\/wp-json\/wp\/v2\/comments?post=4663"}],"version-history":[{"count":0,"href":"https:\/\/seacare.com\/fr\/wp-json\/wp\/v2\/pages\/4663\/revisions"}],"wp:attachment":[{"href":"https:\/\/seacare.com\/fr\/wp-json\/wp\/v2\/media?parent=4663"}],"curies":[{"name":"wp","href":"https:\/\/api.w.org\/{rel}","templated":true}]}}