{"id":4665,"date":"2017-04-21T13:39:17","date_gmt":"2017-04-21T10:39:17","guid":{"rendered":"http:\/\/800forlady.com\/fr\/?page_id=4665"},"modified":"2017-04-21T13:39:17","modified_gmt":"2017-04-21T10:39:17","slug":"abil-soft-af-300","status":"publish","type":"page","link":"https:\/\/seacare.com\/fr\/abil-soft-af-300\/","title":{"rendered":"ABIL\u00ae Soft AF 300"},"content":{"rendered":"<h1 class=\"text-head\" style=\"text-align: center;\"><span data-text-color=\"primary\">ABIL\u00ae Soft AF 300<\/span><\/h1>\n<hr \/>\n<p class=\"o-kom-text3\">L\u2019ABIL\u00ae Soft AF 300 est un aminopropyl dim\u00e9thicone haute performance. Cette nouvelle aminosilicone au poids mol\u00e9culaire \u00e9lev\u00e9 est utilis\u00e9e pour revitaliser les cheveux. L\u2019ABIL\u00ae Soft AF 300 offre des propri\u00e9t\u00e9s adoucissantes et revitalisantes consid\u00e9rablement am\u00e9lior\u00e9es aux produits de soins capillaires.<\/p>\n","protected":false},"excerpt":{"rendered":"<p>ABIL\u00ae Soft AF 300 L\u2019ABIL\u00ae Soft AF 300 est un aminopropyl dim\u00e9thicone haute performance. Cette nouvelle aminosilicone au poids mol\u00e9culaire \u00e9lev\u00e9 est utilis\u00e9e pour revitaliser les cheveux. L\u2019ABIL\u00ae Soft AF 300 offre des propri\u00e9t\u00e9s adoucissantes et revitalisantes consid\u00e9rablement am\u00e9lior\u00e9es aux produits de soins capillaires.<\/p>\n","protected":false},"author":1,"featured_media":0,"parent":0,"menu_order":0,"comment_status":"closed","ping_status":"closed","template":"","meta":{"footnotes":""},"_links":{"self":[{"href":"https:\/\/seacare.com\/fr\/wp-json\/wp\/v2\/pages\/4665"}],"collection":[{"href":"https:\/\/seacare.com\/fr\/wp-json\/wp\/v2\/pages"}],"about":[{"href":"https:\/\/seacare.com\/fr\/wp-json\/wp\/v2\/types\/page"}],"author":[{"embeddable":true,"href":"https:\/\/seacare.com\/fr\/wp-json\/wp\/v2\/users\/1"}],"replies":[{"embeddable":true,"href":"https:\/\/seacare.com\/fr\/wp-json\/wp\/v2\/comments?post=4665"}],"version-history":[{"count":0,"href":"https:\/\/seacare.com\/fr\/wp-json\/wp\/v2\/pages\/4665\/revisions"}],"wp:attachment":[{"href":"https:\/\/seacare.com\/fr\/wp-json\/wp\/v2\/media?parent=4665"}],"curies":[{"name":"wp","href":"https:\/\/api.w.org\/{rel}","templated":true}]}}