{"id":4667,"date":"2017-04-21T13:47:54","date_gmt":"2017-04-21T10:47:54","guid":{"rendered":"http:\/\/800forlady.com\/fr\/?page_id=4667"},"modified":"2017-04-21T13:50:13","modified_gmt":"2017-04-21T10:50:13","slug":"easyliance","status":"publish","type":"page","link":"https:\/\/seacare.com\/fr\/easyliance\/","title":{"rendered":"Easyliance"},"content":{"rendered":"<h1 class=\"text-head\" style=\"text-align: center;\"><span data-text-color=\"primary\">Easyliance<\/span><\/h1>\n<hr \/>\n<div>\u00a0<\/div>\n<p class=\"o-kom-text3\">Easyliance est un agent tenseur innovant que l\u2019on trouve dans la nature, un nouvel ingr\u00e9dient tenseur cosm\u00e9tique actif dont les effets sont imm\u00e9diatement visibles sur la peau, en particulier sur les pattes d\u2019oie et le contour de la bouche.<\/p>\n<p class=\"o-kom-text3\" style=\"text-align: center;\"><strong>Pourquoi cet ingr\u00e9dient actif est-il si exceptionnel?<\/strong><\/p>\n<p class=\"o-kom-text3\">L\u2019Easyliance est 100 % naturel et produit un effet lissant concret et visible en seulement quelques minutes.<\/p>\n<p class=\"o-kom-text3\" style=\"text-align: center;\"><strong>Quelle est son action?<\/strong><\/p>\n<p class=\"o-kom-text3\">L\u2019Easyliance se r\u00e9pand sur la surface de la peau pour former un film \u00e9lastique int\u00e9gral. Ce film se r\u00e9tracte et \u00e9tire la peau pour cr\u00e9er une r\u00e9duction visible et imm\u00e9diate de la profondeur des rides. Ainsi, la peau appara\u00eet plus lisse et les ridules disparaissent.<\/p>\n<p class=\"o-kom-text3\">Easyliance est un agent tenseur innovant que l\u2019on trouve dans la nature, un nouvel ingr\u00e9dient tenseur cosm\u00e9tique actif dont les effets sont imm\u00e9diatement visibles sur la peau, en particulier sur les pattes d\u2019oie et le contour de la bouche.<\/p>\n<p class=\"o-kom-text3\" style=\"text-align: center;\">\u00a0<\/p>\n","protected":false},"excerpt":{"rendered":"<p>Easyliance \u00a0 Easyliance est un agent tenseur innovant que l\u2019on trouve dans la nature, un nouvel ingr\u00e9dient tenseur cosm\u00e9tique actif dont les effets sont imm\u00e9diatement visibles sur la peau, en particulier sur les pattes d\u2019oie et le contour de la bouche. Pourquoi cet ingr\u00e9dient actif est-il si exceptionnel? L\u2019Easyliance est 100 % naturel et produit [&hellip;]\n","protected":false},"author":1,"featured_media":0,"parent":0,"menu_order":0,"comment_status":"closed","ping_status":"closed","template":"","meta":{"footnotes":""},"_links":{"self":[{"href":"https:\/\/seacare.com\/fr\/wp-json\/wp\/v2\/pages\/4667"}],"collection":[{"href":"https:\/\/seacare.com\/fr\/wp-json\/wp\/v2\/pages"}],"about":[{"href":"https:\/\/seacare.com\/fr\/wp-json\/wp\/v2\/types\/page"}],"author":[{"embeddable":true,"href":"https:\/\/seacare.com\/fr\/wp-json\/wp\/v2\/users\/1"}],"replies":[{"embeddable":true,"href":"https:\/\/seacare.com\/fr\/wp-json\/wp\/v2\/comments?post=4667"}],"version-history":[{"count":0,"href":"https:\/\/seacare.com\/fr\/wp-json\/wp\/v2\/pages\/4667\/revisions"}],"wp:attachment":[{"href":"https:\/\/seacare.com\/fr\/wp-json\/wp\/v2\/media?parent=4667"}],"curies":[{"name":"wp","href":"https:\/\/api.w.org\/{rel}","templated":true}]}}