{"id":4670,"date":"2017-04-21T13:51:12","date_gmt":"2017-04-21T10:51:12","guid":{"rendered":"http:\/\/800forlady.com\/fr\/?page_id=4670"},"modified":"2017-04-21T13:52:22","modified_gmt":"2017-04-21T10:52:22","slug":"matrixyl","status":"publish","type":"page","link":"https:\/\/seacare.com\/fr\/matrixyl\/","title":{"rendered":"Matrixyl"},"content":{"rendered":"<h1 style=\"text-align: center;\"><span data-text-color=\"primary\">Matrixyl\u00ae synthe&#8217;6\u00ae<\/span><\/h1>\n<hr \/>\n<p class=\"o-kom-text3\">Sederma pr\u00e9sente le Matrixyl\u00ae synthe\u20196\u00ae qui r\u00e9pond \u00e0 toutes les attentes des femmes : il comble, de l\u2019int\u00e9rieur, les rides du front et les pattes d\u2019oie pour une peau visiblement plus lisse et plus pulpeuse. Gr\u00e2ce \u00e0 l\u2019effet semblable \u00e0 celui des matrikines, le Matrixyl\u00ae synthe\u20196\u00ae stimule les 6 principaux composants de la matrice de la peau, ainsi que la jonction dermo-\u00e9pidermique et assure une architecture optimale des tissus.<\/p>\n<p class=\"o-kom-text3\">Les \u00e9tudes in vivo ont montr\u00e9, apr\u00e8s 2 mois, un comblement visible des rides du front et des pattes d\u2019oie \u00e0 partir de l\u2019int\u00e9rieur de la peau. De nombreux param\u00e8tres ont confirm\u00e9 cet effet raffermissant (volume, profondeur, surface des rides&#8230;) et plus particuli\u00e8rement l\u2019effet raffermissant et la capacit\u00e9 \u00e0 ralentir l\u2019apparition de rides.<\/p>\n","protected":false},"excerpt":{"rendered":"<p>Matrixyl\u00ae synthe&#8217;6\u00ae Sederma pr\u00e9sente le Matrixyl\u00ae synthe\u20196\u00ae qui r\u00e9pond \u00e0 toutes les attentes des femmes : il comble, de l\u2019int\u00e9rieur, les rides du front et les pattes d\u2019oie pour une peau visiblement plus lisse et plus pulpeuse. Gr\u00e2ce \u00e0 l\u2019effet semblable \u00e0 celui des matrikines, le Matrixyl\u00ae synthe\u20196\u00ae stimule les 6 principaux composants de la [&hellip;]\n","protected":false},"author":1,"featured_media":0,"parent":0,"menu_order":0,"comment_status":"closed","ping_status":"closed","template":"","meta":{"footnotes":""},"_links":{"self":[{"href":"https:\/\/seacare.com\/fr\/wp-json\/wp\/v2\/pages\/4670"}],"collection":[{"href":"https:\/\/seacare.com\/fr\/wp-json\/wp\/v2\/pages"}],"about":[{"href":"https:\/\/seacare.com\/fr\/wp-json\/wp\/v2\/types\/page"}],"author":[{"embeddable":true,"href":"https:\/\/seacare.com\/fr\/wp-json\/wp\/v2\/users\/1"}],"replies":[{"embeddable":true,"href":"https:\/\/seacare.com\/fr\/wp-json\/wp\/v2\/comments?post=4670"}],"version-history":[{"count":0,"href":"https:\/\/seacare.com\/fr\/wp-json\/wp\/v2\/pages\/4670\/revisions"}],"wp:attachment":[{"href":"https:\/\/seacare.com\/fr\/wp-json\/wp\/v2\/media?parent=4670"}],"curies":[{"name":"wp","href":"https:\/\/api.w.org\/{rel}","templated":true}]}}