{"id":4673,"date":"2017-04-21T13:53:44","date_gmt":"2017-04-21T10:53:44","guid":{"rendered":"http:\/\/800forlady.com\/fr\/?page_id=4673"},"modified":"2017-04-21T13:54:58","modified_gmt":"2017-04-21T10:54:58","slug":"pentavitin","status":"publish","type":"page","link":"https:\/\/seacare.com\/fr\/pentavitin\/","title":{"rendered":"PENTAVITIN\u00ae"},"content":{"rendered":"<h1 class=\"text-head\" style=\"text-align: center;\"><span data-text-color=\"primary\">PENTAVITIN\u00ae<\/span><\/h1>\n<hr \/>\n<div>\u00a0<\/div>\n<p class=\"o-kom-text3\">PENTAVITIN\u00ae est un ingr\u00e9dient d\u00e9riv\u00e9 de plante, 100 % naturel, agr\u00e9\u00e9 ECOCERT et b\u00e9n\u00e9ficiant de la certification NATRUE qui r\u00e9pond parfaitement aux diff\u00e9rents besoins des consommateurs. Son efficacit\u00e9 s\u2019appuie sur sa composition unique qui s\u2019apparente au complexe glucidique que l\u2019on trouve dans la peau humaine et sur son m\u00e9canisme unique qui se fixe \u00e0 la peau et au cuir chevelu.<\/p>\n<p class=\"o-kom-text3\">PENTAVITIN\u00ae assure une hydratation intense et imm\u00e9diate en g\u00e9n\u00e9rant une r\u00e9serve d\u2019hydratation qui dure jusqu\u2019\u00e0 72 heures. De nouvelles \u00e9tudes in vivo et d\u2019expression g\u00e9n\u00e9tique ont d\u00e9montr\u00e9 que le PENTAVITIN\u00ae am\u00e9liore l\u2019hydratation des cellules \u00e9pidermiques et forme une barri\u00e8re protectrice durable sur la peau. Les donn\u00e9es cliniques confirment l\u2019incroyable efficacit\u00e9 du PENTAVITIN\u00ae, qui offre une am\u00e9lioration de plus de 50 % de la douceur de la peau et une r\u00e9duction de plus de 50 % des desquamations et des d\u00e9mangeaisons apr\u00e8s seulement deux semaines d\u2019application.<\/p>\n<p class=\"o-kom-text3\">D\u2019autres \u00e9tudes ont montr\u00e9 que le PENTAVITIN\u00ae est le premier produit pour les soins capillaires (\u00e0 rincer) qui agit comme agent apaisant pour hydrater en profondeur le cuir chevelu et att\u00e9nuer la sensibilit\u00e9. L\u2019\u00e9tude in vivo a d\u00e9montr\u00e9 la grande efficacit\u00e9 de son effet protecteur m\u00eame \u00e0 tr\u00e8s faible dose. Sa capacit\u00e9 \u00e0 former une barri\u00e8re protectrice s\u2019est r\u00e9v\u00e9l\u00e9e deux fois plus rapide que celle du produit t\u00e9moin et jusqu\u2019\u00e0 24 heures plus rapide que le principal point de r\u00e9f\u00e9rence. En outre, son efficacit\u00e9 \u00e0 r\u00e9duire l\u2019\u00e9ryth\u00e8me (rougeur de la peau) \u00e9tait deux fois sup\u00e9rieure \u00e0 celle du point de r\u00e9f\u00e9rence.<\/p>\n","protected":false},"excerpt":{"rendered":"<p>PENTAVITIN\u00ae \u00a0 PENTAVITIN\u00ae est un ingr\u00e9dient d\u00e9riv\u00e9 de plante, 100 % naturel, agr\u00e9\u00e9 ECOCERT et b\u00e9n\u00e9ficiant de la certification NATRUE qui r\u00e9pond parfaitement aux diff\u00e9rents besoins des consommateurs. Son efficacit\u00e9 s\u2019appuie sur sa composition unique qui s\u2019apparente au complexe glucidique que l\u2019on trouve dans la peau humaine et sur son m\u00e9canisme unique qui se fixe [&hellip;]\n","protected":false},"author":1,"featured_media":0,"parent":0,"menu_order":0,"comment_status":"closed","ping_status":"closed","template":"","meta":{"footnotes":""},"_links":{"self":[{"href":"https:\/\/seacare.com\/fr\/wp-json\/wp\/v2\/pages\/4673"}],"collection":[{"href":"https:\/\/seacare.com\/fr\/wp-json\/wp\/v2\/pages"}],"about":[{"href":"https:\/\/seacare.com\/fr\/wp-json\/wp\/v2\/types\/page"}],"author":[{"embeddable":true,"href":"https:\/\/seacare.com\/fr\/wp-json\/wp\/v2\/users\/1"}],"replies":[{"embeddable":true,"href":"https:\/\/seacare.com\/fr\/wp-json\/wp\/v2\/comments?post=4673"}],"version-history":[{"count":0,"href":"https:\/\/seacare.com\/fr\/wp-json\/wp\/v2\/pages\/4673\/revisions"}],"wp:attachment":[{"href":"https:\/\/seacare.com\/fr\/wp-json\/wp\/v2\/media?parent=4673"}],"curies":[{"name":"wp","href":"https:\/\/api.w.org\/{rel}","templated":true}]}}