{"id":4676,"date":"2017-04-21T13:55:30","date_gmt":"2017-04-21T10:55:30","guid":{"rendered":"http:\/\/800forlady.com\/fr\/?page_id=4676"},"modified":"2017-04-21T13:59:14","modified_gmt":"2017-04-21T10:59:14","slug":"aloes","status":"publish","type":"page","link":"https:\/\/seacare.com\/fr\/aloes\/","title":{"rendered":"Alo\u00e8s"},"content":{"rendered":"<h1 class=\"text-head\" style=\"text-align: center;\"><span data-text-color=\"primary\">Alo\u00e8s<\/span><\/h1>\n<hr \/>\n<div>\u00a0<\/div>\n<p class=\"o-kom-text3\">L\u2019alo\u00e8s est un cactus de la famille des liliac\u00e9es. Il pousse dans les climats secs comme ceux que l\u2019on trouve dans certaines r\u00e9gions d\u2019Afrique et d\u2019Inde et est utilis\u00e9 en m\u00e9decine depuis des si\u00e8cles.<\/p>\n<p class=\"o-kom-text3\">De nombreuses \u00e9tudes ont \u00e9t\u00e9 men\u00e9es pour examiner les bienfaits de l\u2019alo\u00e8s. Ces \u00e9tudes ont montr\u00e9 que l\u2019alo\u00e8s a plusieurs propri\u00e9t\u00e9s efficaces dans le traitement d\u2019un grand nombre d\u2019affections cutan\u00e9es, comme la peau squameuse ou s\u00e8che, les affections cosm\u00e9tiques, les probl\u00e8mes capillaires et de cuir chevelu et bien plus encore.<\/p>\n<p class=\"o-kom-text3\">Selon la clinique Mayo, l\u2019alo\u00e8s est aussi r\u00e9put\u00e9 utile dans le traitement des plaies et des br\u00fblures, d\u2019infections cutan\u00e9es mineures et a montr\u00e9 des r\u00e9sultats prometteurs dans le traitement d\u2019affections plus s\u00e9rieuses et chroniques comme l\u2019ecz\u00e9ma, l\u2019herp\u00e8s g\u00e9nital, les pellicules, le psoriasis, les aphtes, les ulc\u00e8res de la peau et plus encore.<\/p>\n<p class=\"text-head2\">Voici 5 avantages \u00e0 utiliser un gel \u00e0 l\u2019alo\u00e8s :<\/p>\n<div>\u00a0<\/div>\n<p class=\"o-kom-punkt\"><img decoding=\"async\" class=\"marker\" src=\"\/wp-content\/uploads\/2013\/08\/punkt.png\"><strong>Il traite les coups de soleil.<\/strong><\/p>\n<p class=\"o-kom-text3\">L\u2019alo\u00e8s aide \u00e0 apaiser les coups de soleil gr\u00e2ce \u00e0 ses propri\u00e9t\u00e9s cicatrisantes puissantes au niveau \u00e9pith\u00e9lial de la peau, une couche de cellules qui recouvre le corps. Il agit comme une couche protectrice sur la peau et aide \u00e0 renouveler son hydratation. Gr\u00e2ce \u00e0 ses qualit\u00e9s nutritionnelles et \u00e0 ses propri\u00e9t\u00e9s antioxydantes, la peau cicatrise plus vite.<\/p>\n<p class=\"o-kom-punkt\"><img decoding=\"async\" class=\"marker\" src=\"\/wp-content\/uploads\/2013\/08\/punkt.png\"> <strong>Il agit comme hydratant.<\/strong><\/p>\n<p class=\"o-kom-text3\">Comme l\u2019alo\u00e8s hydrate la peau sans laisser de sensation grasse, c\u2019est un ingr\u00e9dient parfait pour les personnes qui ont une peau \u00e0 tendance grasse. Pour les femmes qui utilisent du maquillage \u00e0 base min\u00e9rale, l\u2019alo\u00e8s est l\u2019hydratant parfait \u00e0 appliquer avant le maquillage pour \u00e9viter \u00e0 la peau de s\u2019ass\u00e9cher. Pour les hommes, l\u2019extrait d\u2019alo\u00e8s peut \u00eatre utilis\u00e9 dans les baumes apr\u00e8s-rasage, car ses propri\u00e9t\u00e9s cicatrisantes permettent de traiter les microcoupures dues au rasage.<\/p>\n<p class=\"o-kom-punkt\"><img decoding=\"async\" class=\"marker\" src=\"\/wp-content\/uploads\/2013\/08\/punkt.png\"><strong>Il traite l\u2019acn\u00e9.<\/strong><\/p>\n<p class=\"o-kom-text3\">Le gel \u00e0 l\u2019alo\u00e8s contient deux hormones : l\u2019auxine et la gibb\u00e9relline. Ces deux hormones ont des propri\u00e9t\u00e9s anti-inflammatoires et cicatrisantes qui att\u00e9nuent l\u2019inflammation de la peau. La gibb\u00e9relline dans l\u2019alo\u00e8s agit comme une hormone de croissance et stimule le d\u00e9veloppement de nouvelles cellules. Elle permet \u00e0 la peau de cicatriser plus vite et plus naturellement en laissant un minimum de marques sur la peau.<\/p>\n<p class=\"o-kom-text3\">L\u2019alo\u00e8s est apaisant et peut r\u00e9duire l\u2019inflammation, les boursouflures et les d\u00e9mangeaisons tout en aidant la peau \u00e0 cicatriser plus rapidement. En outre, en m\u00e9decin ayurv\u00e9dique, l\u2019alo\u00e8s est utilis\u00e9 pour traiter les affections cutan\u00e9es chroniques comme le psoriasis, l\u2019acn\u00e9 et l\u2019ecz\u00e9ma.<\/p>\n<p class=\"o-kom-punkt\"><img decoding=\"async\" class=\"marker\" src=\"\/wp-content\/uploads\/2013\/08\/punkt.png\"><strong>Il combat le vieillissement.<\/strong><\/p>\n<p class=\"o-kom-text3\">Plus nous vieillissons, plus nous nous soucions de l\u2019apparition des ridules et de la perte d\u2019\u00e9lasticit\u00e9 de notre peau. Les feuilles d\u2019alo\u00e8s contiennent une multitude d\u2019antioxydants, y compris du b\u00eatacarot\u00e8ne et des vitamines C et E qui peuvent contribuer \u00e0 l\u2019am\u00e9lioration de la fermet\u00e9 naturelle de la peau et \u00e0 garder la peau hydrat\u00e9e.<\/p>\n<p class=\"o-kom-punkt\"><img decoding=\"async\" class=\"marker\" src=\"\/wp-content\/uploads\/2013\/08\/punkt.png\"><strong> Il att\u00e9nue la visibilit\u00e9 des vergetures.<\/strong><\/p>\n<p class=\"o-kom-text3\">La peau est comme un grand morceau de toile \u00e9lastique qui s\u2019\u00e9tire et se contracte pour s\u2019adapter \u00e0 la croissance. Toutefois, si la peau est trop tir\u00e9e, trop rapidement (pendant une grossesse ou une prise ou perte de poids rapide), l\u2019\u00e9lasticit\u00e9 de la peau peut \u00eatre affect\u00e9e. C\u2019est ce ph\u00e9nom\u00e8ne qui laisse ces vergetures disgracieuses. Ces marques apparaissent \u00e0 cause de micro-d\u00e9chirures dans les couches de la peau provoqu\u00e9es par un \u00e9tirement soudain et excessif. L\u2019extrait d\u2019alo\u00e8s peut aider \u00e0 dissimuler les vergetures en r\u00e9parant ces d\u00e9chirures.<\/p>\n","protected":false},"excerpt":{"rendered":"<p>Alo\u00e8s \u00a0 L\u2019alo\u00e8s est un cactus de la famille des liliac\u00e9es. Il pousse dans les climats secs comme ceux que l\u2019on trouve dans certaines r\u00e9gions d\u2019Afrique et d\u2019Inde et est utilis\u00e9 en m\u00e9decine depuis des si\u00e8cles. De nombreuses \u00e9tudes ont \u00e9t\u00e9 men\u00e9es pour examiner les bienfaits de l\u2019alo\u00e8s. Ces \u00e9tudes ont montr\u00e9 que l\u2019alo\u00e8s a [&hellip;]\n","protected":false},"author":1,"featured_media":0,"parent":0,"menu_order":0,"comment_status":"closed","ping_status":"closed","template":"","meta":{"footnotes":""},"_links":{"self":[{"href":"https:\/\/seacare.com\/fr\/wp-json\/wp\/v2\/pages\/4676"}],"collection":[{"href":"https:\/\/seacare.com\/fr\/wp-json\/wp\/v2\/pages"}],"about":[{"href":"https:\/\/seacare.com\/fr\/wp-json\/wp\/v2\/types\/page"}],"author":[{"embeddable":true,"href":"https:\/\/seacare.com\/fr\/wp-json\/wp\/v2\/users\/1"}],"replies":[{"embeddable":true,"href":"https:\/\/seacare.com\/fr\/wp-json\/wp\/v2\/comments?post=4676"}],"version-history":[{"count":0,"href":"https:\/\/seacare.com\/fr\/wp-json\/wp\/v2\/pages\/4676\/revisions"}],"wp:attachment":[{"href":"https:\/\/seacare.com\/fr\/wp-json\/wp\/v2\/media?parent=4676"}],"curies":[{"name":"wp","href":"https:\/\/api.w.org\/{rel}","templated":true}]}}