{"id":4680,"date":"2017-04-21T14:15:44","date_gmt":"2017-04-21T11:15:44","guid":{"rendered":"http:\/\/800forlady.com\/fr\/?page_id=4680"},"modified":"2017-04-21T14:19:59","modified_gmt":"2017-04-21T11:19:59","slug":"huile-dargan","status":"publish","type":"page","link":"https:\/\/seacare.com\/fr\/huile-dargan\/","title":{"rendered":"Huile d\u2019argan"},"content":{"rendered":"<h1 class=\"text-head\" style=\"text-align: center;\"><span data-text-color=\"primary\">Huile d\u2019argan<\/span><\/h1>\n<hr \/>\n<h5 style=\"text-align: center;\">Les 10 avantages de l\u2019huile d\u2019argan pour les cheveux et la peau<\/h5>\n<p>Souvent appel\u00e9e \u00ab or liquide \u00bb, l\u2019huile d\u2019argan est un produit biologique extrait des noyaux des fruits de l\u2019arganier, un arbre originaire du Maroc. Elle est extr\u00eamement riche en nutriments, notamment en acides gras et en vitamine E. Ses vertus la rendent particuli\u00e8rement b\u00e9n\u00e9fique aux cheveux et \u00e0 la peau, ce qui en fait un choix populaire chez de nombreuses c\u00e9l\u00e9brit\u00e9s. Mais ce produit n\u2019est pas destin\u00e9 uniquement aux riches c\u00e9l\u00e9brit\u00e9s; n\u2019importe qui peut profiter des bienfaits de l\u2019huile d\u2019argan pour le corps. Voici les usages les plus courants de l\u2019huile d\u2019argan.<\/p>\n<p>1. <strong>Hydratant pour la peau<\/strong><br \/>L\u2019huile d\u2019argan est le plus couramment utilis\u00e9e pour hydrater et adoucir la peau. Gr\u00e2ce \u00e0 sa forte concentration en vitamine E et acides gras, l\u2019huile d\u2019argan est le produit id\u00e9al pour redonner un \u00e9clat naturel \u00e0 la peau. Elle est absorb\u00e9e rapidement, n\u2019est pas grasse ni irritante, ce qui en fait un incroyable hydratant naturel.<\/p>\n<p>2. <strong>Revitalisant pour les cheveux<\/strong><br \/>L\u2019huile d\u2019argan est reconnue pour rendre les cheveux plus doux, plus soyeux et plus brillants. C\u2019est un revitalisant id\u00e9al pour les cheveux, qui peut m\u00eame aider \u00e0 r\u00e9parer les pointes fourchues et \u00e0 dompter les frisottis.<\/p>\n<p>3. <strong>Lissage et brillance<\/strong><br \/>En raison de sa capacit\u00e9 \u00e0 dompter les frisottis et \u00e0 faire briller les cheveux, l\u2019huile d\u2019argan est aussi couramment utilis\u00e9e comme agent coiffant. Elle rend les cheveux plus faciles \u00e0 coiffer et leur donne un \u00e9clat plus sain et plus brillant.<\/p>\n<p>4. <strong>Anti-\u00e2ge<\/strong><br \/>Non seulement l\u2019huile d\u2019argan agit comme un hydratant efficace, mais elle peut aussi donner \u00e0 votre peau un \u00e9clat plus jeune et att\u00e9nuer la visibilit\u00e9 des rides. Son effet antioxydant fait de l\u2019huile d\u2019argan le produit anti-\u00e2ge id\u00e9al. Elle restaure l\u2019\u00e9lasticit\u00e9 de la peau et la rend plus douce et plus pulpeuse.<\/p>\n<p>5. <strong>Peau s\u00e8che<\/strong><br \/>L\u2019huile d\u2019argan peut \u00eatre tr\u00e8s b\u00e9n\u00e9fique aux personnes qui souffrent de s\u00e9cheresse cutan\u00e9e ou d\u2019affections comme l\u2019ecz\u00e9ma qui peut laisser la peau rugueuse, squameuse ou irrit\u00e9e. La vitamine E et les acides gras contenus dans l\u2019huile d\u2019argan sont excellents pour r\u00e9parer la peau ab\u00eem\u00e9e et lui apportent les nutriments n\u00e9cessaires pour pr\u00e9venir l\u2019aggravation de la s\u00e9cheresse et des irritations. L\u2019huile d\u2019argan contient aussi des ingr\u00e9dients qui apaisent la peau.<\/p>\n<p>6. <strong>Acn\u00e9<\/strong><br \/>Alors que beaucoup d\u2019autres huiles et hydratants peuvent exacerber les affections cutan\u00e9es telles que l\u2019acn\u00e9, l\u2019huile d\u2019argan apaise la peau irrit\u00e9e et stimule la gu\u00e9rison. L\u2019acn\u00e9 est souvent le r\u00e9sultat d\u2019une peau grasse. Comme l\u2019huile d\u2019argan n\u2019est pas grasse, elle aide \u00e0 \u00e9quilibrer la peau en lui apportant une hydratation naturelle. L\u2019huile d\u2019argan contient aussi des antioxydants qui aident \u00e0 r\u00e9parer les cellules cutan\u00e9es endommag\u00e9es et \u00e0 r\u00e9duire l\u2019inflammation.<\/p>\n<p>7. <strong>Protection et cicatrisation<\/strong><br \/>Les antioxydants de l\u2019huile d\u2019argan ont des vertus cicatrisantes pour r\u00e9parer la peau irrit\u00e9e, craquel\u00e9e, ab\u00eem\u00e9e ou m\u00eame br\u00fbl\u00e9e. Elle est d\u2019abord utilis\u00e9e en pr\u00e9vention de la peau s\u00e8che ou douloureuse, mais peut aussi \u00eatre utilis\u00e9e pour acc\u00e9l\u00e9rer la cicatrisation. Elle permet notamment de r\u00e9duire l\u2019inflammation, d\u2019apaiser les douleurs et d\u2019activer la cicatrisation.<\/p>\n<p>8. <strong>Grossesse<\/strong><br \/>Les vergetures sont un probl\u00e8me courant pour les femmes enceintes. L\u2019huile d\u2019argan est une protection id\u00e9ale contre les vergetures et le rel\u00e2chement cutan\u00e9 apr\u00e8s l\u2019accouchement. L\u2019huile d\u2019argan augmente l\u2019\u00e9lasticit\u00e9 de la peau gr\u00e2ce \u00e0 sa teneur en vitamine E.<\/p>\n<p>9. <strong>Traitement des pieds, des mains et des ongles<\/strong><br \/>Les propri\u00e9t\u00e9s adoucissantes de l\u2019huile d\u2019argan sont id\u00e9ales pour les ongles cassants, les mains s\u00e8ches, ainsi que pour la peau craquel\u00e9e et dure des pieds. Elle hydrate et adoucit la peau, laissant les mains et les pieds souples et lisses et les ongles forts et sains.<\/p>\n<p>10. <strong>Hydratant pour les l\u00e8vres<\/strong><br \/>Lorsque le temps est froid ou sec, les l\u00e8vres sont tr\u00e8s susceptibles de devenir douloureuses, s\u00e8ches et gerc\u00e9es. L\u2019huile d\u2019argan est le produit id\u00e9al pour garder des l\u00e8vres pulpeuses, douces et souples.<\/p>\n","protected":false},"excerpt":{"rendered":"<p>Huile d\u2019argan Les 10 avantages de l\u2019huile d\u2019argan pour les cheveux et la peau Souvent appel\u00e9e \u00ab or liquide \u00bb, l\u2019huile d\u2019argan est un produit biologique extrait des noyaux des fruits de l\u2019arganier, un arbre originaire du Maroc. Elle est extr\u00eamement riche en nutriments, notamment en acides gras et en vitamine E. Ses vertus la [&hellip;]\n","protected":false},"author":1,"featured_media":0,"parent":0,"menu_order":0,"comment_status":"closed","ping_status":"closed","template":"","meta":{"footnotes":""},"_links":{"self":[{"href":"https:\/\/seacare.com\/fr\/wp-json\/wp\/v2\/pages\/4680"}],"collection":[{"href":"https:\/\/seacare.com\/fr\/wp-json\/wp\/v2\/pages"}],"about":[{"href":"https:\/\/seacare.com\/fr\/wp-json\/wp\/v2\/types\/page"}],"author":[{"embeddable":true,"href":"https:\/\/seacare.com\/fr\/wp-json\/wp\/v2\/users\/1"}],"replies":[{"embeddable":true,"href":"https:\/\/seacare.com\/fr\/wp-json\/wp\/v2\/comments?post=4680"}],"version-history":[{"count":0,"href":"https:\/\/seacare.com\/fr\/wp-json\/wp\/v2\/pages\/4680\/revisions"}],"wp:attachment":[{"href":"https:\/\/seacare.com\/fr\/wp-json\/wp\/v2\/media?parent=4680"}],"curies":[{"name":"wp","href":"https:\/\/api.w.org\/{rel}","templated":true}]}}