{"id":4683,"date":"2017-04-21T14:43:51","date_gmt":"2017-04-21T11:43:51","guid":{"rendered":"http:\/\/800forlady.com\/fr\/?page_id=4683"},"modified":"2017-04-21T14:43:51","modified_gmt":"2017-04-21T11:43:51","slug":"vitamines-a-et-e","status":"publish","type":"page","link":"https:\/\/seacare.com\/fr\/vitamines-a-et-e\/","title":{"rendered":"Vitamines A et E"},"content":{"rendered":"<h1 class=\"text-head\" style=\"text-align: center;\"><span data-text-color=\"primary\">Vitamines A et E<\/span><\/h1>\n<hr>\n<p class=\"text-head2\"><strong>Vitamine A pour les rides<\/strong><\/p>\n<p>\u00a0Le meilleur anti-\u00e2ge<br \/>\nReconnue pour la r\u00e9duction des rides, l\u2019att\u00e9nuation des taches brunes et de la rugosit\u00e9. \u00ab Il existe plus des 700 \u00e9tudes publi\u00e9es sur les r\u00e9tino\u00efdes : ce sont des ingr\u00e9dients \u00e9prouv\u00e9s. Quiconque souhaite avoir une peau d\u2019apparence plus jeune devrait en utiliser \u00bb, d\u00e9clare la Dre Doris Day, MD, professeure clinique adjointe en dermatologie au centre m\u00e9dical Langone de l\u2019Universit\u00e9 de New York.<\/strong><\/p>\n<p class=\"text-head2\"><strong>Vitamine E pour l\u2019hydratation<\/strong><\/p>\n<p>Combat la peau s\u00e8che et soutient la protection de la peau contre les UV<br \/>\nReconnue pour r\u00e9duire la s\u00e9cheresse en aidant la peau \u00e0 retenir son hydratation naturelle. La grande capacit\u00e9 de la vitamine E \u00e0 neutraliser les radicaux libres n\u00e9fastes lui a valu le surnom de \u00ab protecteur \u00bb. De nombreuses \u00e9tudes sur les soins de la peau font \u00e9tat de son statut de grande vedette. Une de ces \u00e9tudes a montr\u00e9 que la vitamine E pouvait r\u00e9duire consid\u00e9rablement le nombre de ces mol\u00e9cules instables cr\u00e9\u00e9es apr\u00e8s une exposition \u00e0 la fum\u00e9e de cigarette. D\u2019autres ont montr\u00e9 que lorsque la vitamine E est utilis\u00e9e avant une exposition aux UV, la peau est moins rouge, moins enfl\u00e9e et moins s\u00e8che.<\/p>\n","protected":false},"excerpt":{"rendered":"<p>Vitamines A et E Vitamine A pour les rides \u00a0Le meilleur anti-\u00e2ge Reconnue pour la r\u00e9duction des rides, l\u2019att\u00e9nuation des taches brunes et de la rugosit\u00e9. \u00ab Il existe plus des 700 \u00e9tudes publi\u00e9es sur les r\u00e9tino\u00efdes : ce sont des ingr\u00e9dients \u00e9prouv\u00e9s. Quiconque souhaite avoir une peau d\u2019apparence plus jeune devrait en utiliser \u00bb, [&hellip;]\n","protected":false},"author":1,"featured_media":0,"parent":0,"menu_order":0,"comment_status":"closed","ping_status":"closed","template":"","meta":{"footnotes":""},"_links":{"self":[{"href":"https:\/\/seacare.com\/fr\/wp-json\/wp\/v2\/pages\/4683"}],"collection":[{"href":"https:\/\/seacare.com\/fr\/wp-json\/wp\/v2\/pages"}],"about":[{"href":"https:\/\/seacare.com\/fr\/wp-json\/wp\/v2\/types\/page"}],"author":[{"embeddable":true,"href":"https:\/\/seacare.com\/fr\/wp-json\/wp\/v2\/users\/1"}],"replies":[{"embeddable":true,"href":"https:\/\/seacare.com\/fr\/wp-json\/wp\/v2\/comments?post=4683"}],"version-history":[{"count":0,"href":"https:\/\/seacare.com\/fr\/wp-json\/wp\/v2\/pages\/4683\/revisions"}],"wp:attachment":[{"href":"https:\/\/seacare.com\/fr\/wp-json\/wp\/v2\/media?parent=4683"}],"curies":[{"name":"wp","href":"https:\/\/api.w.org\/{rel}","templated":true}]}}