{"id":4685,"date":"2017-04-21T14:45:06","date_gmt":"2017-04-21T11:45:06","guid":{"rendered":"http:\/\/800forlady.com\/fr\/?page_id=4685"},"modified":"2017-04-21T14:53:00","modified_gmt":"2017-04-21T11:53:00","slug":"hamamelis","status":"publish","type":"page","link":"https:\/\/seacare.com\/fr\/hamamelis\/","title":{"rendered":"Hamam\u00e9lis"},"content":{"rendered":"<h1 style=\"text-align: center;\"><span data-text-color=\"primary\">Hamam\u00e9lis<\/span><\/h1>\n<hr \/>\n<p><img decoding=\"async\" class=\"marker\" src=\"\/wp-content\/uploads\/2013\/08\/punkt.png\"><strong>Quels sont les avantages de l\u2019hamam\u00e9lis pour les soins de la peau?<\/strong><\/p>\n<p>L\u2019hamam\u00e9lis est extrait des feuilles et de l\u2019\u00e9corce de l\u2019arbuste nord-am\u00e9ricain Hamamelis virginiana. Cette substance est, depuis longtemps, utilis\u00e9e dans la m\u00e9decine populaire. Selon Drugs.com, il existe plus de 30 usages traditionnels pour l\u2019hamam\u00e9lis, notamment pour traiter les h\u00e9morro\u00efdes, les br\u00fblures, les cancers, la tuberculose, les rhumes et la fi\u00e8vre. Au cours de l\u2019histoire, l\u2019hamam\u00e9lis a surtout \u00e9t\u00e9 utilis\u00e9 pour traiter les affections cutan\u00e9es. Mais les scientifiques commencent tout juste \u00e0 comprendre comment cet ingr\u00e9dient fonctionne et quels sont ses bienfaits pour la peau.<\/p>\n<p><img decoding=\"async\" class=\"marker\" src=\"\/wp-content\/uploads\/2013\/08\/punkt.png\"><strong>Anti-inflammatoire<\/strong><\/p>\n<p>L\u2019une de ses vertus les plus impressionnantes est son effet anti-inflammatoire, notamment dans les cas d\u2019\u00e9ryth\u00e8mes fessiers, de br\u00fblures dues au rasage et de piq\u00fbres d\u2019insectes. L\u2019inflammation est provoqu\u00e9e par les radicaux libres des cellules de la peau. Des scientifiques du laboratoire central Shiga, au Japon, ont \u00e9tudi\u00e9 les applications potentiellement anti-inflammatoires de 65 extraits de plante dans le traitement anti-\u00e2ge de la peau. Seuls deux de ces extraits, dont l\u2019Hamamelis virginiana, ont montr\u00e9 des effets d\u2019\u00e9limination active de l\u2019oxyg\u00e8ne et des vertus protectrices contre la d\u00e9t\u00e9rioration cellulaire.<\/p>\n<p><img decoding=\"async\" class=\"marker\" src=\"\/wp-content\/uploads\/2013\/08\/punkt.png\"><strong>Antimicrobien<\/strong><\/p>\n<p>Traditionnellement, l\u2019hamam\u00e9lis est aussi connu pour apaiser les r\u00e9actions \u00e0 l\u2019herbe \u00e0 puce, traiter la varicelle et soigner les bleus et coupures, tous caus\u00e9s par des virus et des bact\u00e9ries. Une \u00e9tude allemande men\u00e9e en 2002, extraite de la Biblioth\u00e8que nationale de m\u00e9decine des \u00c9tats-Unis, a \u00e9tudi\u00e9 l\u2019effet antimicrobien d\u2019un distillat d\u2019hamam\u00e9lis sur des bact\u00e9ries et des champignons comme le Staphylococcus aureus, le Candida albicans et d\u2019autres organismes in vitro. Les r\u00e9sultats ont r\u00e9v\u00e9l\u00e9 un effet antimicrobien non n\u00e9gligeable de l\u2019extrait d\u2019hamam\u00e9lis, encourageant les chercheurs \u00e0 conclure que cet ingr\u00e9dient pourrait \u00eatre utile dans la pr\u00e9vention d\u2019une colonisation bact\u00e9rienne \u00e0 l\u2019origine du d\u00e9veloppement de la dermatite atopique et de la dermatite d\u2019intertrigo, ainsi que d\u2019autres affections cutan\u00e9es microbiennes.<\/p>\n<p><img decoding=\"async\" class=\"marker\" src=\"\/wp-content\/uploads\/2013\/08\/punkt.png\"><strong>Astringent<\/strong><\/p>\n<p>Selon Drugs.com, l\u2019hamam\u00e9lis est consid\u00e9r\u00e9 comme un puissant astringent en raison de la forte concentration en tanins dans ses feuilles. Les tanins aident \u00e0 resserrer les prot\u00e9ines de la peau qui vont, ensuite, former une barri\u00e8re protectrice favorisant la cicatrisation de la peau et la coagulation. Cette propri\u00e9t\u00e9 rend l\u2019hamam\u00e9lis particuli\u00e8rement indiqu\u00e9 pour le traitement des affections cutan\u00e9es comme l\u2019ecz\u00e9ma, ainsi que pour restaurer le tonus vasculaire des varices et pour soulager les h\u00e9morro\u00efdes.<\/p>\n<p><img decoding=\"async\" class=\"marker\" src=\"\/wp-content\/uploads\/2013\/08\/punkt.png\"><strong>Hydratant<\/strong><\/p>\n<p>Une \u00e9tude du d\u00e9partement de dermatologie de l\u2019h\u00f4pital universitaire de Luebeck en Allemagne, consistant \u00e0 traiter des enfants atteints d\u2019affections et de blessures cutan\u00e9es \u00e0 l\u2019aide d\u2019une pommade \u00e0 l\u2019hamam\u00e9lis a d\u00e9montr\u00e9 que cet ingr\u00e9dient \u00e9tait sans danger et aussi efficace que le dexpanth\u00e9nol. Le dexpanth\u00e9nol est un m\u00e9dicament sur ordonnance utilis\u00e9 comme hydratant afin d\u2019am\u00e9liorer les niveaux d\u2019hydratation de la couche corn\u00e9e, la couche la plus externe de la peau, et ainsi r\u00e9duire la perte en eau qui peut rendre la peau moins douce et moins \u00e9lastique.<\/p>\n<p><img decoding=\"async\" class=\"marker\" src=\"\/wp-content\/uploads\/2013\/08\/punkt.png\"><strong>Agression du soleil<\/strong><\/p>\n<p>L\u2019hamam\u00e9lis est aussi traditionnellement utilis\u00e9 pour traiter les coups de soleil et pr\u00e9venir la desquamation. Deux \u00e9tudes s\u00e9par\u00e9es men\u00e9es par l\u2019Institut de recherche dermatologique et de d\u00e9veloppement BioSkin, en Allemagne, se sont pench\u00e9es sur les propri\u00e9t\u00e9s de protection solaire de l\u2019hamam\u00e9lis. La premi\u00e8re, en 1998, consistait \u00e0 traiter des patients sains avec une lotion \u00e0 base d\u2019hamam\u00e9lis \u00e0 10 % apr\u00e8s une exposition \u00e0 des doses d\u2019UVB. La seconde, en 2002, consistait \u00e0 traiter des volontaires sains avec cette m\u00eame lotion apr\u00e8s une exposition aux radiations d\u2019UVA. Dans les deux cas, la lotion a diminu\u00e9 significativement les rougeurs ou les br\u00fblures li\u00e9es \u00e0 l\u2019exposition aux radiations.<\/p>\n","protected":false},"excerpt":{"rendered":"<p>Hamam\u00e9lis Quels sont les avantages de l\u2019hamam\u00e9lis pour les soins de la peau? L\u2019hamam\u00e9lis est extrait des feuilles et de l\u2019\u00e9corce de l\u2019arbuste nord-am\u00e9ricain Hamamelis virginiana. Cette substance est, depuis longtemps, utilis\u00e9e dans la m\u00e9decine populaire. Selon Drugs.com, il existe plus de 30 usages traditionnels pour l\u2019hamam\u00e9lis, notamment pour traiter les h\u00e9morro\u00efdes, les br\u00fblures, les [&hellip;]\n","protected":false},"author":1,"featured_media":0,"parent":0,"menu_order":0,"comment_status":"closed","ping_status":"closed","template":"","meta":{"footnotes":""},"_links":{"self":[{"href":"https:\/\/seacare.com\/fr\/wp-json\/wp\/v2\/pages\/4685"}],"collection":[{"href":"https:\/\/seacare.com\/fr\/wp-json\/wp\/v2\/pages"}],"about":[{"href":"https:\/\/seacare.com\/fr\/wp-json\/wp\/v2\/types\/page"}],"author":[{"embeddable":true,"href":"https:\/\/seacare.com\/fr\/wp-json\/wp\/v2\/users\/1"}],"replies":[{"embeddable":true,"href":"https:\/\/seacare.com\/fr\/wp-json\/wp\/v2\/comments?post=4685"}],"version-history":[{"count":0,"href":"https:\/\/seacare.com\/fr\/wp-json\/wp\/v2\/pages\/4685\/revisions"}],"wp:attachment":[{"href":"https:\/\/seacare.com\/fr\/wp-json\/wp\/v2\/media?parent=4685"}],"curies":[{"name":"wp","href":"https:\/\/api.w.org\/{rel}","templated":true}]}}