{"id":4693,"date":"2017-04-21T14:54:13","date_gmt":"2017-04-21T11:54:13","guid":{"rendered":"http:\/\/800forlady.com\/fr\/?page_id=4693"},"modified":"2017-04-21T14:55:05","modified_gmt":"2017-04-21T11:55:05","slug":"coenzyme-q10","status":"publish","type":"page","link":"https:\/\/seacare.com\/fr\/coenzyme-q10\/","title":{"rendered":"Coenzyme Q10"},"content":{"rendered":"<h1 style=\"text-align: center;\"><span data-text-color=\"primary\">Coenzyme Q10<\/span><\/h1>\n<hr \/>\n<p style=\"text-align: left;\">Le Coenzyme Q10 joue au moins deux r\u00f4les importants dans notre corps. D\u2019abord, c\u2019est l\u2019un des rouages essentiels dans la machinerie biom\u00e9canique qui produit l\u2019\u00e9nergie biologique (ATP) \u00e0 l\u2019int\u00e9rieur des cellules. Ensuite, le CoQ10 est un antioxydant. Il aide \u00e0 neutraliser les radicaux libres n\u00e9fastes qui sont une des causes du vieillissement. Dans des conditions optimales, le corps peut produire autant de CoQ10 que n\u00e9cessaire. Toutefois, de nombreux facteurs, comme le vieillissement, le stress et certains traitements m\u00e9dicaux, peuvent diminuer les niveaux de CoQ10 dans le corps. En cons\u00e9quence, la capacit\u00e9 des cellules \u00e0 supporter le stress et \u00e0 se r\u00e9g\u00e9n\u00e9rer baisse. Malheureusement, les niveaux de CoQ10 dans le corps diminuent in\u00e9vitablement avec l\u2019\u00e2ge. En fait, le CoQ10 est consid\u00e9r\u00e9 comme l\u2019un des biomarqueurs de l\u2019\u00e2ge les plus pr\u00e9cis, car son d\u00e9clin est intimement li\u00e9 au processus de vieillissement. Certaines \u00e9tudes ont montr\u00e9, chez des rongeurs suppl\u00e9ment\u00e9s en CoQ10, une dur\u00e9e de vie jusqu\u2019\u00e0 30 % sup\u00e9rieure \u00e0 celle des rongeurs non suppl\u00e9ment\u00e9s.<\/p>\n<p style=\"text-align: left;\">Chez la plupart des personnes \u00e2g\u00e9es de plus de trente ans, les niveaux de CoQ10 sont inf\u00e9rieurs au niveau optimal, ce qui r\u00e9duit la capacit\u00e9 de la peau \u00e0 produire du collag\u00e8ne, de l\u2019\u00e9lastine et toute autre mol\u00e9cule essentielle de la peau. En outre, la peau carenc\u00e9e en CoQ10 est plus sujette aux effets n\u00e9fastes des radicaux libres, qui sont particuli\u00e8rement nombreux sur la peau puisqu\u2019elle est expos\u00e9e aux \u00e9l\u00e9ments. Le CoQ10 peut donc stimuler la cicatrisation et la r\u00e9g\u00e9n\u00e9ration de la peau et r\u00e9duire les effets n\u00e9fastes des radicaux libres. De plus, le CoQ10 est une petite mol\u00e9cule qui peut p\u00e9n\u00e9trer plut\u00f4t facilement les cellules de la peau.<\/p>\n","protected":false},"excerpt":{"rendered":"<p>Coenzyme Q10 Le Coenzyme Q10 joue au moins deux r\u00f4les importants dans notre corps. D\u2019abord, c\u2019est l\u2019un des rouages essentiels dans la machinerie biom\u00e9canique qui produit l\u2019\u00e9nergie biologique (ATP) \u00e0 l\u2019int\u00e9rieur des cellules. Ensuite, le CoQ10 est un antioxydant. Il aide \u00e0 neutraliser les radicaux libres n\u00e9fastes qui sont une des causes du vieillissement. Dans [&hellip;]\n","protected":false},"author":1,"featured_media":0,"parent":0,"menu_order":0,"comment_status":"closed","ping_status":"closed","template":"","meta":{"footnotes":""},"_links":{"self":[{"href":"https:\/\/seacare.com\/fr\/wp-json\/wp\/v2\/pages\/4693"}],"collection":[{"href":"https:\/\/seacare.com\/fr\/wp-json\/wp\/v2\/pages"}],"about":[{"href":"https:\/\/seacare.com\/fr\/wp-json\/wp\/v2\/types\/page"}],"author":[{"embeddable":true,"href":"https:\/\/seacare.com\/fr\/wp-json\/wp\/v2\/users\/1"}],"replies":[{"embeddable":true,"href":"https:\/\/seacare.com\/fr\/wp-json\/wp\/v2\/comments?post=4693"}],"version-history":[{"count":0,"href":"https:\/\/seacare.com\/fr\/wp-json\/wp\/v2\/pages\/4693\/revisions"}],"wp:attachment":[{"href":"https:\/\/seacare.com\/fr\/wp-json\/wp\/v2\/media?parent=4693"}],"curies":[{"name":"wp","href":"https:\/\/api.w.org\/{rel}","templated":true}]}}