{"id":4696,"date":"2017-04-21T14:56:02","date_gmt":"2017-04-21T11:56:02","guid":{"rendered":"http:\/\/800forlady.com\/fr\/?page_id=4696"},"modified":"2017-04-21T15:03:21","modified_gmt":"2017-04-21T12:03:21","slug":"huile-davocat","status":"publish","type":"page","link":"https:\/\/seacare.com\/fr\/huile-davocat\/","title":{"rendered":"Huile d\u2019avocat"},"content":{"rendered":"<h1 class=\"text-head\" style=\"text-align: center;\"><span data-text-color=\"primary\">Huile d\u2019avocat<\/span><\/h1>\n<hr \/>\n<div>\u00a0<\/div>\n<h5 class=\"o-kom-text3\" style=\"text-align: center;\">Voici certains des nutriments importants contenus dans l\u2019huile d\u2019avocat :<\/h5>\n<p class=\"o-kom-text3\"><img decoding=\"async\" class=\"marker\" src=\"\/wp-content\/uploads\/2013\/08\/punkt.png\"><strong>Prot\u00e9ines et mati\u00e8res grasses<\/strong><\/p>\n<p class=\"o-kom-text3\">L\u2019huile d\u2019avocat contient de grandes quantit\u00e9s de prot\u00e9ines et de gras non satur\u00e9s, les deux \u00e9tant des agents puissants de la peau. L\u2019huile d\u2019avocat contient des acides gras om\u00e9ga 3, ces m\u00eames acides gras que l\u2019on trouve dans l\u2019huile de poisson.<\/p>\n<p class=\"o-kom-text3\"><img decoding=\"async\" class=\"marker\" src=\"\/wp-content\/uploads\/2013\/08\/punkt.png\"><strong>St\u00e9roline<\/strong><\/p>\n<p class=\"o-kom-text3\">L\u2019huile d\u2019avocat est riche en st\u00e9roline, une substance qui, selon des \u00e9tudes, favorise l\u2019assouplissement de la peau et la r\u00e9duction des taches de vieillesse.<\/p>\n<p class=\"o-kom-text3\"><img decoding=\"async\" class=\"marker\" src=\"\/wp-content\/uploads\/2013\/08\/punkt.png\"><strong>Antioxydants<\/strong><\/p>\n<p class=\"o-kom-text3\">L\u2019huile d\u2019avocat est riche en antioxydants, ce qui en fait un ingr\u00e9dient id\u00e9al pour r\u00e9parer la peau ab\u00eem\u00e9e par le soleil. Les antioxydants comme les vitamines A, D et E de l\u2019avocat rendent la peau plus souple et sont donc particuli\u00e8rement adapt\u00e9s aux peaux s\u00e8ches ou matures.<\/p>\n<p class=\"o-kom-text3\"><img decoding=\"async\" class=\"marker\" src=\"\/wp-content\/uploads\/2013\/08\/punkt.png\"><strong>L\u00e9cithine et potassium<\/strong><\/p>\n<p class=\"o-kom-text3\">L\u2019huile d\u2019avocat contient de la l\u00e9cithine et du potassium, qui sont, tous les deux, tr\u00e8s b\u00e9n\u00e9fiques \u00e0 la peau, ainsi qu\u2019aux cheveux.<\/p>\n<p class=\"o-kom-text3\"><img decoding=\"async\" class=\"marker\" src=\"\/wp-content\/uploads\/2013\/08\/punkt.png\"><strong>Hydrate la peau<\/strong><\/p>\n<p class=\"o-kom-text3\">L\u2019application topique de l\u2019huile d\u2019avocat aide \u00e0 soulager la peau s\u00e8che et les d\u00e9mangeaisons. Apr\u00e8s application, l\u2019huile d\u2019avocat est absorb\u00e9e en profondeur par la peau, ce qui en fait un tr\u00e8s bon hydratant et agent pour les soins de la peau.<\/p>\n<p class=\"o-kom-text3\"><img decoding=\"async\" class=\"marker\" src=\"\/wp-content\/uploads\/2013\/08\/punkt.png\"><strong>Stimule la bonne sant\u00e9 du cuir chevelu<\/strong><\/p>\n<p class=\"o-kom-text3\">En plus d\u2019aider \u00e0 assainir la peau squameuse, l\u2019huile d\u2019avocat peut aussi att\u00e9nuer les sensations de d\u00e9mangeaison du cuir chevelu. En outre, appliqu\u00e9e r\u00e9guli\u00e8rement sur le cuir chevelu, elle peut stimuler la pousse des cheveux.<\/p>\n<p><img decoding=\"async\" class=\"marker\" src=\"\/wp-content\/uploads\/2013\/08\/punkt.png\"><strong>Augmente la production de collag\u00e8ne<\/strong><\/p>\n<p>L\u2019huile d\u2019avocat augmente la production de collag\u00e8ne, ce qui contribue \u00e0 garder la peau souple et \u00e0 retarder les effets du vieillissement.<\/p>\n<p><img decoding=\"async\" class=\"marker\" src=\"\/wp-content\/uploads\/2013\/08\/punkt.png\"><strong>Traite les affections cutan\u00e9es<\/strong><\/p>\n<p>L\u2019huile d\u2019avocat est utile dans le traitement de nombreuses affections cutan\u00e9es comme l\u2019ecz\u00e9ma et le psoriasis.<\/p>\n<p><img decoding=\"async\" class=\"marker\" src=\"\/wp-content\/uploads\/2013\/08\/punkt.png\"><strong>Autres<\/strong><\/p>\n<p>L\u2019huile d\u2019avocat acc\u00e9l\u00e8re la cicatrisation des plaies et br\u00fblures de la peau.<\/p>\n","protected":false},"excerpt":{"rendered":"<p>Huile d\u2019avocat \u00a0 Voici certains des nutriments importants contenus dans l\u2019huile d\u2019avocat : Prot\u00e9ines et mati\u00e8res grasses L\u2019huile d\u2019avocat contient de grandes quantit\u00e9s de prot\u00e9ines et de gras non satur\u00e9s, les deux \u00e9tant des agents puissants de la peau. L\u2019huile d\u2019avocat contient des acides gras om\u00e9ga 3, ces m\u00eames acides gras que l\u2019on trouve dans [&hellip;]\n","protected":false},"author":1,"featured_media":0,"parent":0,"menu_order":0,"comment_status":"closed","ping_status":"closed","template":"","meta":{"footnotes":""},"_links":{"self":[{"href":"https:\/\/seacare.com\/fr\/wp-json\/wp\/v2\/pages\/4696"}],"collection":[{"href":"https:\/\/seacare.com\/fr\/wp-json\/wp\/v2\/pages"}],"about":[{"href":"https:\/\/seacare.com\/fr\/wp-json\/wp\/v2\/types\/page"}],"author":[{"embeddable":true,"href":"https:\/\/seacare.com\/fr\/wp-json\/wp\/v2\/users\/1"}],"replies":[{"embeddable":true,"href":"https:\/\/seacare.com\/fr\/wp-json\/wp\/v2\/comments?post=4696"}],"version-history":[{"count":0,"href":"https:\/\/seacare.com\/fr\/wp-json\/wp\/v2\/pages\/4696\/revisions"}],"wp:attachment":[{"href":"https:\/\/seacare.com\/fr\/wp-json\/wp\/v2\/media?parent=4696"}],"curies":[{"name":"wp","href":"https:\/\/api.w.org\/{rel}","templated":true}]}}