{"id":4701,"date":"2017-04-21T15:04:41","date_gmt":"2017-04-21T12:04:41","guid":{"rendered":"http:\/\/800forlady.com\/fr\/?page_id=4701"},"modified":"2017-04-21T15:08:28","modified_gmt":"2017-04-21T12:08:28","slug":"huile-de-jojoba","status":"publish","type":"page","link":"https:\/\/seacare.com\/fr\/huile-de-jojoba\/","title":{"rendered":"Huile de jojoba"},"content":{"rendered":"<h1 class=\"text-head\" style=\"text-align: center;\"><span data-text-color=\"primary\">Huile de jojoba<\/span><\/h1>\n<hr \/>\n<p><strong>Qu\u2019est-ce que l\u2019huile de jojoba?<\/strong><\/p>\n<p>L\u2019huile de jojoba est extraite de la graine de jojoba. Techniquement parlant, ce n\u2019est pas une huile, mais plut\u00f4t un ester cireux. Pourquoi est-ce important? Car parmi tous les composants que l\u2019on trouve dans la nature, cet ester cireux est ce qui se rapproche le plus de l\u2019huile corporelle (s\u00e9bum). Plus important encore pour les personnes sujettes \u00e0 l\u2019acn\u00e9, l\u2019huile de jojoba est non com\u00e9dog\u00e8ne; vous pouvez donc l\u2019utiliser sans crainte.<\/p>\n<p><strong>Avantages de l\u2019huile de jojoba<\/strong><\/p>\n<p><img decoding=\"async\" class=\"marker\" src=\"\/wp-content\/uploads\/2013\/08\/punkt.png\">Elle offre une hydratation qui dure toute la journ\u00e9e \u2013 l\u2019huile de jojoba ne s\u2019\u00e9vapore pas comme les hydratants \u00e0 base d\u2019eau.<br \/><img decoding=\"async\" class=\"marker\" src=\"\/wp-content\/uploads\/2013\/08\/punkt.png\">L\u2019huile de jojoba est si proche du s\u00e9bum humain qu\u2019elle peut faire \u00ab croire \u00bb \u00e0 la peau qu\u2019elle a produit assez de s\u00e9bum et donc r\u00e9\u00e9quilibrer la production naturelle de s\u00e9bum.<br \/><img decoding=\"async\" class=\"marker\" src=\"\/wp-content\/uploads\/2013\/08\/punkt.png\">Huile de massage \u2013 l\u2019huile de jojoba est peut-\u00eatre la meilleure huile de massage au monde. Une faible quantit\u00e9 suffit et, pour les personnes sujettes \u00e0 l\u2019acn\u00e9, c\u2019est une option non com\u00e9dog\u00e8ne id\u00e9ale.<\/p>\n","protected":false},"excerpt":{"rendered":"<p>Huile de jojoba Qu\u2019est-ce que l\u2019huile de jojoba? L\u2019huile de jojoba est extraite de la graine de jojoba. Techniquement parlant, ce n\u2019est pas une huile, mais plut\u00f4t un ester cireux. Pourquoi est-ce important? Car parmi tous les composants que l\u2019on trouve dans la nature, cet ester cireux est ce qui se rapproche le plus de [&hellip;]\n","protected":false},"author":1,"featured_media":0,"parent":0,"menu_order":0,"comment_status":"closed","ping_status":"closed","template":"","meta":{"footnotes":""},"_links":{"self":[{"href":"https:\/\/seacare.com\/fr\/wp-json\/wp\/v2\/pages\/4701"}],"collection":[{"href":"https:\/\/seacare.com\/fr\/wp-json\/wp\/v2\/pages"}],"about":[{"href":"https:\/\/seacare.com\/fr\/wp-json\/wp\/v2\/types\/page"}],"author":[{"embeddable":true,"href":"https:\/\/seacare.com\/fr\/wp-json\/wp\/v2\/users\/1"}],"replies":[{"embeddable":true,"href":"https:\/\/seacare.com\/fr\/wp-json\/wp\/v2\/comments?post=4701"}],"version-history":[{"count":0,"href":"https:\/\/seacare.com\/fr\/wp-json\/wp\/v2\/pages\/4701\/revisions"}],"wp:attachment":[{"href":"https:\/\/seacare.com\/fr\/wp-json\/wp\/v2\/media?parent=4701"}],"curies":[{"name":"wp","href":"https:\/\/api.w.org\/{rel}","templated":true}]}}