{"id":4706,"date":"2017-04-21T15:09:34","date_gmt":"2017-04-21T12:09:34","guid":{"rendered":"http:\/\/800forlady.com\/fr\/?page_id=4706"},"modified":"2017-04-21T15:10:54","modified_gmt":"2017-04-21T12:10:54","slug":"huile-dinca-inchi","status":"publish","type":"page","link":"https:\/\/seacare.com\/fr\/huile-dinca-inchi\/","title":{"rendered":"Huile d\u2019Inca Inchi"},"content":{"rendered":"<h1 class=\"text-head\" style=\"text-align: center;\"><span data-text-color=\"primary\">Huile d\u2019Inca Inchi<\/span><\/h1>\n<hr \/>\n<p>L\u2019huile d\u2019Inca Inchi (amande des Incas) est consid\u00e9r\u00e9e comme la source v\u00e9g\u00e9tale la plus riche en acides gras essentiels, y compris l\u2019acide linol\u00e9ique Om\u00e9ga 6 et l\u2019acide alpha-linol\u00e9ique Om\u00e9ga 3. Le corps humain ne fabrique pas ces acides gras et, pourtant, ils sont indispensables \u00e0 notre bonne sant\u00e9. L\u2019huile d\u2019Inca Inchi est aussi tr\u00e8s riche en antioxydants, notamment en vitamine A et vitamine E. La structure de cette huile aide \u00e0 prot\u00e9ger la peau, les cheveux et les ongles en limitant la d\u00e9shydratation, tout en prot\u00e9geant et renfor\u00e7ant les d\u00e9fenses naturelles contre les expositions aux \u00e9l\u00e9ments ext\u00e9rieurs et l\u2019exposition alimentaire. L\u2019huile d\u2019Inca Inchi est un excellent ingr\u00e9dient \u00e0 utiliser dans les produits qui combattent l\u2019inflammation, l\u2019irritation, la s\u00e9cheresse et les \u00e9raflures.<\/p>\n<p>C\u2019est une des huiles les plus saines sur la plan\u00e8te; elle contient les 8 facteurs de la vitamine E, des antioxydants et d\u2019autres facteurs nutritionnels, qui en font l\u2019huile haut de gamme de notre temps.<\/p>\n","protected":false},"excerpt":{"rendered":"<p>Huile d\u2019Inca Inchi L\u2019huile d\u2019Inca Inchi (amande des Incas) est consid\u00e9r\u00e9e comme la source v\u00e9g\u00e9tale la plus riche en acides gras essentiels, y compris l\u2019acide linol\u00e9ique Om\u00e9ga 6 et l\u2019acide alpha-linol\u00e9ique Om\u00e9ga 3. Le corps humain ne fabrique pas ces acides gras et, pourtant, ils sont indispensables \u00e0 notre bonne sant\u00e9. L\u2019huile d\u2019Inca Inchi est [&hellip;]\n","protected":false},"author":1,"featured_media":0,"parent":0,"menu_order":0,"comment_status":"closed","ping_status":"closed","template":"","meta":{"footnotes":""},"_links":{"self":[{"href":"https:\/\/seacare.com\/fr\/wp-json\/wp\/v2\/pages\/4706"}],"collection":[{"href":"https:\/\/seacare.com\/fr\/wp-json\/wp\/v2\/pages"}],"about":[{"href":"https:\/\/seacare.com\/fr\/wp-json\/wp\/v2\/types\/page"}],"author":[{"embeddable":true,"href":"https:\/\/seacare.com\/fr\/wp-json\/wp\/v2\/users\/1"}],"replies":[{"embeddable":true,"href":"https:\/\/seacare.com\/fr\/wp-json\/wp\/v2\/comments?post=4706"}],"version-history":[{"count":0,"href":"https:\/\/seacare.com\/fr\/wp-json\/wp\/v2\/pages\/4706\/revisions"}],"wp:attachment":[{"href":"https:\/\/seacare.com\/fr\/wp-json\/wp\/v2\/media?parent=4706"}],"curies":[{"name":"wp","href":"https:\/\/api.w.org\/{rel}","templated":true}]}}