{"id":4710,"date":"2017-04-21T15:12:18","date_gmt":"2017-04-21T12:12:18","guid":{"rendered":"http:\/\/800forlady.com\/fr\/?page_id=4710"},"modified":"2017-04-21T15:14:15","modified_gmt":"2017-04-21T12:14:15","slug":"beurre-de-cacao","status":"publish","type":"page","link":"https:\/\/seacare.com\/fr\/beurre-de-cacao\/","title":{"rendered":"Beurre de cacao"},"content":{"rendered":"<h1 class=\"text-head\" style=\"text-align: center;\"><span data-text-color=\"primary\">Beurre de cacao<\/span><\/h1>\n<hr \/>\n<p class=\"o-kom-text3\"><strong>Avantages pour la peau<\/strong><\/p>\n<p class=\"o-kom-text3\"><img decoding=\"async\" class=\"marker\" src=\"\/wp-content\/uploads\/2013\/08\/punkt.png\">Antioxydants : Le beurre de cacao est riche en antioxydants, qui aident \u00e0 combattre les radicaux libres. Les radicaux libres agressent la peau et provoquent les signes du vieillissement.<\/p>\n<p class=\"o-kom-text3\"><img decoding=\"async\" class=\"marker\" src=\"\/wp-content\/uploads\/2013\/08\/punkt.png\">R\u00e9duit les vergetures : Le beurre de cacao est largement connu pour att\u00e9nuer les vergetures. Cette astuce se transmet de femme enceinte \u00e0 femme enceinte \u00e0 travers le monde. Et de nombreuses femmes affirment m\u00eame que l\u2019usage r\u00e9gulier du beurre de cacao est ce qui leur a permis de ne pas avoir de vergetures. Certains disent aussi qu\u2019il peut aider \u00e0 att\u00e9nuer les cicatrices.<\/p>\n<p class=\"o-kom-text3\"><img decoding=\"async\" class=\"marker\" src=\"\/wp-content\/uploads\/2013\/08\/punkt.png\">Hydratation intense : Le beurre de cacao est riche en acides gras et hydrate la peau en profondeur.<\/p>\n<p class=\"o-kom-text3\"><img decoding=\"async\" class=\"marker\" src=\"\/wp-content\/uploads\/2013\/08\/punkt.png\">Soin des peaux sensibles : Le beurre de cacao est connu pour aider dans le traitement des irritations de la peau, telles que l\u2019ecz\u00e9ma et la dermatite.<\/p>\n","protected":false},"excerpt":{"rendered":"<p>Beurre de cacao Avantages pour la peau Antioxydants : Le beurre de cacao est riche en antioxydants, qui aident \u00e0 combattre les radicaux libres. Les radicaux libres agressent la peau et provoquent les signes du vieillissement. R\u00e9duit les vergetures : Le beurre de cacao est largement connu pour att\u00e9nuer les vergetures. Cette astuce se transmet [&hellip;]\n","protected":false},"author":1,"featured_media":0,"parent":0,"menu_order":0,"comment_status":"closed","ping_status":"closed","template":"","meta":{"footnotes":""},"_links":{"self":[{"href":"https:\/\/seacare.com\/fr\/wp-json\/wp\/v2\/pages\/4710"}],"collection":[{"href":"https:\/\/seacare.com\/fr\/wp-json\/wp\/v2\/pages"}],"about":[{"href":"https:\/\/seacare.com\/fr\/wp-json\/wp\/v2\/types\/page"}],"author":[{"embeddable":true,"href":"https:\/\/seacare.com\/fr\/wp-json\/wp\/v2\/users\/1"}],"replies":[{"embeddable":true,"href":"https:\/\/seacare.com\/fr\/wp-json\/wp\/v2\/comments?post=4710"}],"version-history":[{"count":0,"href":"https:\/\/seacare.com\/fr\/wp-json\/wp\/v2\/pages\/4710\/revisions"}],"wp:attachment":[{"href":"https:\/\/seacare.com\/fr\/wp-json\/wp\/v2\/media?parent=4710"}],"curies":[{"name":"wp","href":"https:\/\/api.w.org\/{rel}","templated":true}]}}