{"id":4714,"date":"2017-04-21T15:15:28","date_gmt":"2017-04-21T12:15:28","guid":{"rendered":"http:\/\/800forlady.com\/fr\/?page_id=4714"},"modified":"2017-04-23T16:42:14","modified_gmt":"2017-04-23T13:42:14","slug":"huile-de-macadamia","status":"publish","type":"page","link":"https:\/\/seacare.com\/fr\/huile-de-macadamia\/","title":{"rendered":"Huile de macadamia"},"content":{"rendered":"<h1 class=\"text-head\" style=\"text-align: center;\"><span data-text-color=\"primary\">Huile de macadamia<\/span><\/h1>\n<hr \/>\n<div>\u00a0<\/div>\n<p class=\"text-head2\"><strong>Avantages de l\u2019huile de noix de macadamia pour la peau<\/strong><\/p>\n<div>L\u2019huile de noix de macadamia est une huile v\u00e9g\u00e9tale hors du commun qui est parfaitement adapt\u00e9e \u00e0 la peau. En raison de son profil int\u00e9ressant en termes d\u2019acides gras, elle est parfaite pour les peaux s\u00e8ches et matures.<\/div>\n<p class=\"o-kom-text3\">Acide palmitol\u00e9ique : L\u2019huile de noix de macadamia est l\u2019une des huiles avec la plus forte concentration d\u2019acides gras palmitol\u00e9iques, entre 16 et 23 %. L\u2019acide palmitol\u00e9ique est indispensable pour retarder le vieillissement de la peau et des cellules. En effet, plus nous vieillissons, plus les taux d\u2019acides palmitol\u00e9iques dans notre peau diminuent.<\/p>\n<p class=\"o-kom-text3\">Acide ol\u00e9ique : Cet acide gras donne \u00e0 l\u2019huile de noix de macadamia ses fantastiques propri\u00e9t\u00e9s hydratantes et r\u00e9g\u00e9n\u00e9rantes.<\/p>\n<p class=\"o-kom-text3\">Acide linol\u00e9ique : L\u2019acide linol\u00e9ique est un incroyable acide gras qui aide \u00e0 pr\u00e9venir la perte d\u2019eau trans\u00e9pidermique des tissus d\u00e9licats de la peau.<\/p>\n<p class=\"o-kom-text3\">Riche en phytost\u00e9rols : Les phytost\u00e9rols sont parfaitement adapt\u00e9s \u00e0 la peau. Les st\u00e9rols v\u00e9g\u00e9taux sont les fondations de notre membrane cellulaire. Ces st\u00e9rols fonctionnent de la m\u00eame mani\u00e8re que le cholest\u00e9rol sur notre peau. Les phytost\u00e9rols sont aussi calmants et cicatrisants.<\/p>\n","protected":false},"excerpt":{"rendered":"<p>Huile de macadamia \u00a0 Avantages de l\u2019huile de noix de macadamia pour la peau L\u2019huile de noix de macadamia est une huile v\u00e9g\u00e9tale hors du commun qui est parfaitement adapt\u00e9e \u00e0 la peau. En raison de son profil int\u00e9ressant en termes d\u2019acides gras, elle est parfaite pour les peaux s\u00e8ches et matures. Acide palmitol\u00e9ique : [&hellip;]\n","protected":false},"author":1,"featured_media":0,"parent":0,"menu_order":0,"comment_status":"closed","ping_status":"closed","template":"","meta":{"footnotes":""},"_links":{"self":[{"href":"https:\/\/seacare.com\/fr\/wp-json\/wp\/v2\/pages\/4714"}],"collection":[{"href":"https:\/\/seacare.com\/fr\/wp-json\/wp\/v2\/pages"}],"about":[{"href":"https:\/\/seacare.com\/fr\/wp-json\/wp\/v2\/types\/page"}],"author":[{"embeddable":true,"href":"https:\/\/seacare.com\/fr\/wp-json\/wp\/v2\/users\/1"}],"replies":[{"embeddable":true,"href":"https:\/\/seacare.com\/fr\/wp-json\/wp\/v2\/comments?post=4714"}],"version-history":[{"count":0,"href":"https:\/\/seacare.com\/fr\/wp-json\/wp\/v2\/pages\/4714\/revisions"}],"wp:attachment":[{"href":"https:\/\/seacare.com\/fr\/wp-json\/wp\/v2\/media?parent=4714"}],"curies":[{"name":"wp","href":"https:\/\/api.w.org\/{rel}","templated":true}]}}