{"id":4717,"date":"2017-04-21T15:17:16","date_gmt":"2017-04-21T12:17:16","guid":{"rendered":"http:\/\/800forlady.com\/fr\/?page_id=4717"},"modified":"2017-04-21T15:18:02","modified_gmt":"2017-04-21T12:18:02","slug":"beurre-de-karite","status":"publish","type":"page","link":"https:\/\/seacare.com\/fr\/beurre-de-karite\/","title":{"rendered":"Beurre de karit\u00e9"},"content":{"rendered":"<h1 class=\"text-head\" style=\"text-align: center;\"><span data-text-color=\"primary\">Beurre de karit\u00e9<\/span><\/h1>\n<hr \/>\n<div>\n<p class=\"o-kom-text3\">Le beurre de karit\u00e9 est un hydratant tr\u00e8s efficace, avec des propri\u00e9t\u00e9s cicatrisantes exceptionnelles.<\/p>\n<p class=\"o-kom-text3\">La vitamine A contenue dans le beurre de karit\u00e9 est essentielle pour am\u00e9liorer de nombreuses affections cutan\u00e9es, y compris les \u00e9ruptions de boutons, les rides, l\u2019ecz\u00e9ma et la dermatite.<\/p>\n<p class=\"o-kom-text3\">Les propri\u00e9t\u00e9s du beurre de karit\u00e9 permettent de traiter les allergies cutan\u00e9es, les piq\u00fbres d\u2019insectes, les coups de soleil, les ger\u00e7ures et beaucoup d\u2019autres affections de la peau.<\/p>\n<p class=\"o-kom-text3\">Les hydratants contenus dans le beurre de karit\u00e9 sont les m\u00eames hydratants que ceux produits par les glandes s\u00e9bac\u00e9es de la peau. L\u2019effet biochimique et physiologique positif du beurre de karit\u00e9 sur les l\u00e9sions de la peau en fait un ingr\u00e9dient id\u00e9al pour la cicatrisation des plaies.<\/p>\n<p class=\"o-kom-text3\">La vitamine E du beurre de karit\u00e9 est tr\u00e8s utile \u00e0 la peau. Tout d\u2019abord, en augmentant la microcirculation de la peau, ce qui augmente l\u2019afflux sanguin de et vers la peau. Ensuite, la vitamine E peut servir d\u2019agent anti-radicaux libres et ainsi, aider \u00e0 pr\u00e9venir les effets nuisibles du soleil et de l\u2019exposition aux agressions environnementales.<\/p>\n<\/div>\n","protected":false},"excerpt":{"rendered":"<p>Beurre de karit\u00e9 Le beurre de karit\u00e9 est un hydratant tr\u00e8s efficace, avec des propri\u00e9t\u00e9s cicatrisantes exceptionnelles. La vitamine A contenue dans le beurre de karit\u00e9 est essentielle pour am\u00e9liorer de nombreuses affections cutan\u00e9es, y compris les \u00e9ruptions de boutons, les rides, l\u2019ecz\u00e9ma et la dermatite. Les propri\u00e9t\u00e9s du beurre de karit\u00e9 permettent de traiter [&hellip;]\n","protected":false},"author":1,"featured_media":0,"parent":0,"menu_order":0,"comment_status":"closed","ping_status":"closed","template":"","meta":{"footnotes":""},"_links":{"self":[{"href":"https:\/\/seacare.com\/fr\/wp-json\/wp\/v2\/pages\/4717"}],"collection":[{"href":"https:\/\/seacare.com\/fr\/wp-json\/wp\/v2\/pages"}],"about":[{"href":"https:\/\/seacare.com\/fr\/wp-json\/wp\/v2\/types\/page"}],"author":[{"embeddable":true,"href":"https:\/\/seacare.com\/fr\/wp-json\/wp\/v2\/users\/1"}],"replies":[{"embeddable":true,"href":"https:\/\/seacare.com\/fr\/wp-json\/wp\/v2\/comments?post=4717"}],"version-history":[{"count":0,"href":"https:\/\/seacare.com\/fr\/wp-json\/wp\/v2\/pages\/4717\/revisions"}],"wp:attachment":[{"href":"https:\/\/seacare.com\/fr\/wp-json\/wp\/v2\/media?parent=4717"}],"curies":[{"name":"wp","href":"https:\/\/api.w.org\/{rel}","templated":true}]}}