{"id":4720,"date":"2017-04-21T15:20:37","date_gmt":"2017-04-21T12:20:37","guid":{"rendered":"http:\/\/800forlady.com\/fr\/?page_id=4720"},"modified":"2017-04-21T15:21:29","modified_gmt":"2017-04-21T12:21:29","slug":"huile-damande","status":"publish","type":"page","link":"https:\/\/seacare.com\/fr\/huile-damande\/","title":{"rendered":"Huile d\u2019amande"},"content":{"rendered":"<h1 class=\"text-head\" style=\"text-align: center;\"><span data-text-color=\"primary\">Huile d\u2019amande<\/span><\/h1>\n<hr \/>\n<div>\n<p class=\"text-head2\">Avantages pour les cheveux<\/p>\n<div>\u00a0<\/div>\n<p class=\"o-kom-text3\">Il ne tient qu\u2019\u00e0 l\u2019utilisation de produits cosm\u00e9tiques naturels \u00e0 l\u2019extrait d\u2019huile d\u2019amande douce pour transformer vos cheveux ab\u00eem\u00e9s et ternes en cheveux forts et brillants. Les vitamines, mati\u00e8res grasses et autres vertus utiles de l\u2019huile d\u2019amande douce offrent une solution naturelle \u00e0 vos besoins sp\u00e9cifiques selon votre type de cheveux.<\/p>\n<p class=\"text-head2\">Aide \u00e0 faire briller les cheveux<\/p>\n<div>\u00a0<\/div>\n<p class=\"o-kom-text3\">L\u2019huile d\u2019amande douce contient une forte concentration de prot\u00e9ines et de vitamines A, B et E, et tous ces \u00e9l\u00e9ments contribuent \u00e0 apporter plus d\u2019\u00e9clat aux cheveux ternes et secs. En outre, les acides gras om\u00e9gas 9, 6 et 3 aident \u00e0 r\u00e9fl\u00e9chir les rayons UV n\u00e9fastes et \u00e0 prot\u00e9ger les cheveux des agressions du soleil, ce qui att\u00e9nue l\u2019aspect terne li\u00e9 \u00e0 la s\u00e9cheresse.<\/p>\n<p class=\"text-head2\">Renforce et r\u00e9pare les pointes fourchues<\/p>\n<div>\u00a0<\/div>\n<p class=\"o-kom-text3\">L\u2019huile d\u2019amande douce contient des vitamines A, B et E en plus des acides gras om\u00e9ga 9, om\u00e9ga 6 et om\u00e9ga 3 qui aident \u00e0 garder les cheveux forts et sains, tout en pr\u00e9venant les cassures. La capacit\u00e9 naturelle de l\u2019huile d\u2019amande douce \u00e0 retenir l\u2019hydratation aide \u00e0 r\u00e9g\u00e9n\u00e9rer les cheveux et \u00e0 combattre les pointes fourchues en gardant les cheveux hydrat\u00e9s plus longtemps.<\/p>\n<p class=\"text-head2\">Combat les pellicules<\/p>\n<div>\u00a0<\/div>\n<p class=\"o-kom-text3\">L\u2019huile d\u2019amande douce est un agent scellant naturel qui peut \u00eatre utilis\u00e9 directement sur les cheveux mouill\u00e9s pour retenir l\u2019hydratation. L\u2019huile d\u2019amande est plus l\u00e9g\u00e8re que beaucoup d\u2019autres huiles b\u00e9n\u00e9fiques, ce qui en fait une ressource naturelle excellente pour prot\u00e9ger les cheveux. C\u2019est la base parfaite pour l\u2019utilisation d\u2019autres huiles essentielles b\u00e9n\u00e9fiques qui peuvent hydrater davantage le cuir chevelu et combattre les pellicules.<\/p>\n<p class=\"text-head2\">Peut pr\u00e9venir la calvitie et stimuler la pousse des cheveux<\/p>\n<div>\u00a0<\/div>\n<p class=\"o-kom-text3\">Masser des produits cosm\u00e9tiques naturels \u00e0 base d\u2019extrait d\u2019huile d\u2019amande douce sur le cuir chevelu peut aider \u00e0 stimuler la pousse et \u00e0 limiter la chute des cheveux. Hydrater le cuir chevelu avec de l\u2019huile d\u2019amande douce apporte des vitamines et du magn\u00e9sium qui renforcent la racine du cheveu, ce qui peut aider \u00e0 limiter les cassures.<\/p>\n<\/div>\n","protected":false},"excerpt":{"rendered":"<p>Huile d\u2019amande Avantages pour les cheveux \u00a0 Il ne tient qu\u2019\u00e0 l\u2019utilisation de produits cosm\u00e9tiques naturels \u00e0 l\u2019extrait d\u2019huile d\u2019amande douce pour transformer vos cheveux ab\u00eem\u00e9s et ternes en cheveux forts et brillants. Les vitamines, mati\u00e8res grasses et autres vertus utiles de l\u2019huile d\u2019amande douce offrent une solution naturelle \u00e0 vos besoins sp\u00e9cifiques selon votre [&hellip;]\n","protected":false},"author":1,"featured_media":0,"parent":0,"menu_order":0,"comment_status":"closed","ping_status":"closed","template":"","meta":{"footnotes":""},"_links":{"self":[{"href":"https:\/\/seacare.com\/fr\/wp-json\/wp\/v2\/pages\/4720"}],"collection":[{"href":"https:\/\/seacare.com\/fr\/wp-json\/wp\/v2\/pages"}],"about":[{"href":"https:\/\/seacare.com\/fr\/wp-json\/wp\/v2\/types\/page"}],"author":[{"embeddable":true,"href":"https:\/\/seacare.com\/fr\/wp-json\/wp\/v2\/users\/1"}],"replies":[{"embeddable":true,"href":"https:\/\/seacare.com\/fr\/wp-json\/wp\/v2\/comments?post=4720"}],"version-history":[{"count":0,"href":"https:\/\/seacare.com\/fr\/wp-json\/wp\/v2\/pages\/4720\/revisions"}],"wp:attachment":[{"href":"https:\/\/seacare.com\/fr\/wp-json\/wp\/v2\/media?parent=4720"}],"curies":[{"name":"wp","href":"https:\/\/api.w.org\/{rel}","templated":true}]}}