{"id":4725,"date":"2017-04-23T16:03:26","date_gmt":"2017-04-23T13:03:26","guid":{"rendered":"http:\/\/800forlady.com\/fr\/?page_id=4725"},"modified":"2017-04-23T16:06:04","modified_gmt":"2017-04-23T13:06:04","slug":"huile-dolive","status":"publish","type":"page","link":"https:\/\/seacare.com\/fr\/huile-dolive\/","title":{"rendered":"Huile d\u2019olive"},"content":{"rendered":"<h1 style=\"text-align: center;\"><span data-text-color=\"primary\">Huile d\u2019olive<\/span><\/h1>\n<hr \/>\n<p>Les vertus de l\u2019huile d\u2019olive pour la peau \u00e9taient d\u00e9j\u00e0 connues dans l\u2019antiquit\u00e9. Les Ph\u00e9niciens, les \u00c9gyptiens, les Grecs et les Romains l\u2019utilisaient d\u00e9j\u00e0 comme rem\u00e8de anti-\u00e2ge. Ils l\u2019utilisaient aussi pour traiter les plaies et hydrater la peau s\u00e8che. Les guerres pour l\u2019annexion de la Sicile qui ont men\u00e9 \u00e0 la d\u00e9faite de Carthage face \u00e0 Rome \u00e9taient principalement motiv\u00e9es par les oliveraies de l\u2019\u00eele que ces deux puissances convoitaient.<br \/>Cet \u00ab or liquide \u00bb, comme l\u2019avait m\u00e9taphoriquement d\u00e9crit Hom\u00e8re \u00e0 l\u2019\u00e9poque, \u00e9tait donc une ressource essentielle pour tous les peuples antiques du bassin m\u00e9diterran\u00e9en.<br \/>Heureusement, de nos jours, nous n\u2019avons plus \u00e0 nous battre pour l\u2019huile d\u2019olive. Cette huile est abondamment produite dans de nombreuses r\u00e9gions du monde et est largement offerte sous forme d\u2019extrait et comme ingr\u00e9dient dans une multitude de produits cosm\u00e9tiques bios.<br \/>L\u2019huile d\u2019olive contient quatre principaux antioxydants qui lui permettent d\u2019agir comme un nettoyant, un hydratant et un protecteur pour la peau. Parmi ces antioxydants, on trouve la vitamine A et la vitamine E. La vitamine E est en partie responsable des vertus anti-\u00e2ge de l\u2019huile d\u2019olive et aide \u00e0 restaurer l\u2019\u00e9lasticit\u00e9 de la peau.<br \/>Plusieurs autres antioxydants contribuent aux bienfaits de l\u2019huile d\u2019olive sur la peau. Les polyph\u00e9nols et phytost\u00e9rols neutralisent les radicaux libres qui sont connus pour causer bien des dommages \u00e0 la peau de la population humaine. Un de ces antioxydants, l\u2019hydroxytyrosol, est un composant assez rare que l\u2019on trouve en grande quantit\u00e9 dans l\u2019huile d\u2019olive. C\u2019est l\u2019un des composants cl\u00e9s qui aide \u00e0 combattre les effets n\u00e9fastes des radicaux libres.<br \/>Il p\u00e9n\u00e8tre en profondeur dans la peau sans obstruer les pores \u2013 un effet secondaire f\u00e2cheux de bon nombre d\u2019hydratants vendus dans le commerce. L\u2019huile d\u2019olive est diff\u00e9rente. Elle hydrate la peau si intens\u00e9ment qu\u2019elle est souvent utilis\u00e9e comme rem\u00e8de domestique pour tout type d\u2019affection cutan\u00e9e comme l\u2019ecz\u00e9ma ou le psoriasis qui cr\u00e9ent des plaques de peau s\u00e8che. Beaucoup de femmes l\u2019utilisent pour traiter les vergetures apr\u00e8s l\u2019accouchement et d\u2019autres l\u2019utilisent pour soigner les boutons qui apparaissent souvent sur la peau.<br \/>L\u2019huile d\u2019olive peut aussi faire office d\u2019exfoliant pour la peau. Une application courante pour cette substance naturelle consiste \u00e0 la m\u00e9langer \u00e0 du sel marin et \u00e0 frotter le m\u00e9lange sur le corps. Les qualit\u00e9s d\u00e9licatement abrasives du sel marin associ\u00e9es \u00e0 l\u2019action p\u00e9n\u00e9trante de l\u2019huile \u00e9liminent les cellules cutan\u00e9es mortes et donnent \u00e0 l\u2019\u00e9piderme un aspect plus jeune et plus \u00e9clatant.<br \/>L\u2019huile d\u2019olive est aussi utilis\u00e9e pour le soin des ongles et des cuticules, et beaucoup de femmes s\u2019en servent aussi comme d\u00e9maquillant autour des yeux. Elle peut aussi \u00eatre utilis\u00e9e comme ingr\u00e9dient dans des masques faits maison qui hydratent et r\u00e9g\u00e9n\u00e8rent la peau. Une autre application int\u00e9ressante de l\u2019huile d\u2019olive consiste \u00e0 s\u2019en servir comme cr\u00e8me de rasage pour les hommes comme pour les femmes. Beaucoup d\u2019hommes ont abandonn\u00e9 leur cr\u00e8me de rasage habituelle apr\u00e8s avoir d\u00e9couvert la pr\u00e9cision du rasage qu\u2019ils obtiennent avec l\u2019huile d\u2019olive. C\u2019est aussi un excellent apr\u00e8s-rasage aux propri\u00e9t\u00e9s rafra\u00eechissantes.<br \/>Gr\u00e2ce aux nombreux avantages de l\u2019huile d\u2019olive sur la peau, les produits de soins de la peau naturels comme SeaCare l\u2019utilisent souvent comme ingr\u00e9dient actif de base.<\/p>\n","protected":false},"excerpt":{"rendered":"<p>Huile d\u2019olive Les vertus de l\u2019huile d\u2019olive pour la peau \u00e9taient d\u00e9j\u00e0 connues dans l\u2019antiquit\u00e9. Les Ph\u00e9niciens, les \u00c9gyptiens, les Grecs et les Romains l\u2019utilisaient d\u00e9j\u00e0 comme rem\u00e8de anti-\u00e2ge. Ils l\u2019utilisaient aussi pour traiter les plaies et hydrater la peau s\u00e8che. Les guerres pour l\u2019annexion de la Sicile qui ont men\u00e9 \u00e0 la d\u00e9faite de [&hellip;]\n","protected":false},"author":1,"featured_media":0,"parent":0,"menu_order":0,"comment_status":"closed","ping_status":"closed","template":"","meta":{"footnotes":""},"_links":{"self":[{"href":"https:\/\/seacare.com\/fr\/wp-json\/wp\/v2\/pages\/4725"}],"collection":[{"href":"https:\/\/seacare.com\/fr\/wp-json\/wp\/v2\/pages"}],"about":[{"href":"https:\/\/seacare.com\/fr\/wp-json\/wp\/v2\/types\/page"}],"author":[{"embeddable":true,"href":"https:\/\/seacare.com\/fr\/wp-json\/wp\/v2\/users\/1"}],"replies":[{"embeddable":true,"href":"https:\/\/seacare.com\/fr\/wp-json\/wp\/v2\/comments?post=4725"}],"version-history":[{"count":0,"href":"https:\/\/seacare.com\/fr\/wp-json\/wp\/v2\/pages\/4725\/revisions"}],"wp:attachment":[{"href":"https:\/\/seacare.com\/fr\/wp-json\/wp\/v2\/media?parent=4725"}],"curies":[{"name":"wp","href":"https:\/\/api.w.org\/{rel}","templated":true}]}}