{"id":4728,"date":"2017-04-23T16:08:27","date_gmt":"2017-04-23T13:08:27","guid":{"rendered":"http:\/\/800forlady.com\/fr\/?page_id=4728"},"modified":"2017-04-23T16:12:20","modified_gmt":"2017-04-23T13:12:20","slug":"extrait-darnica-montana","status":"publish","type":"page","link":"https:\/\/seacare.com\/fr\/extrait-darnica-montana\/","title":{"rendered":"Extrait d\u2019Arnica montana"},"content":{"rendered":"<h1 class=\"text-head\" style=\"text-align: center;\"><span data-text-color=\"primary\">Extrait d\u2019Arnica montana<\/span><\/h1>\n<hr \/>\n<p class=\"o-kom-text3\">Cet extrait botanique est d\u00e9riv\u00e9 des fleurs de la plante Arnica montana. L\u2019arnica est une plante vivace qui pousse \u00e0 l\u2019\u00e9tat sauvage dans les alpages. Les fleurs d\u2019arnica sont utilis\u00e9es en m\u00e9decine depuis le 16e si\u00e8cle et sont toujours tr\u00e8s populaires de nos jours.<\/p>\n<h5 class=\"text-head2\" style=\"text-align: center;\">Avantages pour les soins de la peau<\/h5>\n<div>L\u2019herbe est principalement adapt\u00e9e \u00e0 un usage externe. Les fleurs d\u2019Arnica montana contiennent des lactones sesquiterp\u00e9niques, des acides ph\u00e9nolcarboniques, des flavono\u00efdes, des coumariniques et une huile volatile. L\u2019h\u00e9l\u00e9naline, un lactone sesquiterp\u00e9nique, est, avec les flavo\u00efdes, le principal composant reconstituant de l\u2019Arnica montana qui permet d\u2019apaiser et de r\u00e9g\u00e9n\u00e9rer la peau expos\u00e9e \u00e0 un stress. Les propri\u00e9t\u00e9s antiseptiques, antibact\u00e9riennes et anti-inflammatoires de l\u2019arnica peuvent \u00eatre b\u00e9n\u00e9fiques aux personnes souffrant d\u2019affections cutan\u00e9es inflammatoires. Il permet aussi de stimuler la formation des tissus granulaires, acc\u00e9l\u00e9rant ainsi le processus de cicatrisation. Gr\u00e2ce \u00e0 ses vertus curatives, l\u2019arnica peut \u00eatre utilis\u00e9e sur les bleus, les coups de soleil, les br\u00fblures mineures et les phl\u00e9bites superficielles.<\/div>\n","protected":false},"excerpt":{"rendered":"<p>Extrait d\u2019Arnica montana Cet extrait botanique est d\u00e9riv\u00e9 des fleurs de la plante Arnica montana. L\u2019arnica est une plante vivace qui pousse \u00e0 l\u2019\u00e9tat sauvage dans les alpages. Les fleurs d\u2019arnica sont utilis\u00e9es en m\u00e9decine depuis le 16e si\u00e8cle et sont toujours tr\u00e8s populaires de nos jours. Avantages pour les soins de la peau L\u2019herbe [&hellip;]\n","protected":false},"author":1,"featured_media":0,"parent":0,"menu_order":0,"comment_status":"closed","ping_status":"closed","template":"","meta":{"footnotes":""},"_links":{"self":[{"href":"https:\/\/seacare.com\/fr\/wp-json\/wp\/v2\/pages\/4728"}],"collection":[{"href":"https:\/\/seacare.com\/fr\/wp-json\/wp\/v2\/pages"}],"about":[{"href":"https:\/\/seacare.com\/fr\/wp-json\/wp\/v2\/types\/page"}],"author":[{"embeddable":true,"href":"https:\/\/seacare.com\/fr\/wp-json\/wp\/v2\/users\/1"}],"replies":[{"embeddable":true,"href":"https:\/\/seacare.com\/fr\/wp-json\/wp\/v2\/comments?post=4728"}],"version-history":[{"count":0,"href":"https:\/\/seacare.com\/fr\/wp-json\/wp\/v2\/pages\/4728\/revisions"}],"wp:attachment":[{"href":"https:\/\/seacare.com\/fr\/wp-json\/wp\/v2\/media?parent=4728"}],"curies":[{"name":"wp","href":"https:\/\/api.w.org\/{rel}","templated":true}]}}