{"id":36851,"date":"2018-10-04T11:08:34","date_gmt":"2021-05-12T13:11:33","guid":{"rendered":"https:\/\/seacare.com\/ru\/?post_type=product&#038;p=36851"},"modified":"2021-05-14T19:14:11","modified_gmt":"2021-05-14T16:14:11","slug":"masque-liftant-et-raffermissant-anti-age-50-ml-seacare","status":"publish","type":"product","link":"https:\/\/seacare.com\/fr\/produit\/masque-liftant-et-raffermissant-anti-age-50-ml-seacare\/","title":{"rendered":"Masque liftant et raffermissant anti-\u00e2ge, 50 ml, SeaCare"},"content":{"rendered":"<p>Le masque liftant et raffermissant anti-\u00e2ge 24K Gold SeaCare am\u00e9liore l\u2019\u00e9tat de la peau en mati\u00e8re d\u2019\u00e9lasticit\u00e9, de fermet\u00e9, d\u2019hydratation et d\u2019apparence des micro-rides. Le masque est enrichi en R\u00e9novage, un actif anti-\u00e2ge puissant qui retarde et combat tous les signes du vieillissement, y compris le rel\u00e2chement cutan\u00e9, les taches de vieillesse, la s\u00e9cheresse, les pores dilat\u00e9s et la rugosit\u00e9. Le masque contient \u00e9galement de l\u2019acide hyaluronique, qui soutient la synth\u00e8se du collag\u00e8ne, favorisant les effets anti-\u00e2ge et rajeunissants ; la vitamine E r\u00e9duit les rides en bloquant les radicaux libres, qui jouent un r\u00f4le important dans le processus de vieillissement ; l\u2019hamam\u00e9lis am\u00e9liore l\u2019apparence de la peau et lui redonne son \u00e9lasticit\u00e9. L\u2019utilisation r\u00e9guli\u00e8re de ce masque rajeunira la peau et la rendra plus douce, r\u00e9duira l\u2019apparence des rides et retardera les signes du vieillissement. Il contient 30 PPM de poudre d\u2019or 985. Pour des r\u00e9sultats optimaux, utilisez la cr\u00e8me ou le s\u00e9rum anti-\u00e2ge 24K Gold SeaCare apr\u00e8s ce masque.<\/p>\n<p><strong>Contient 30 PPM de poudre d\u2019or 985 par J.G. Eytzinger GmbH<\/strong><\/p>\n<p><strong>Mode d&#8217;emploi:<\/strong> Appliquer une grande quantit\u00e9 sur la visage nettoy\u00e9 en \u00e9vitant le contour des yeux. Laisser agir pendant 5-10 minutes, puis rincer \u00e0 l\u2019eau ti\u00e8de. Utiliser une ou deux fois par semaine.<\/p>\n<h3 style=\"color: #555;\">Ingr\u00e9dients cl\u00e9s<\/h3>\n<hr \/>\n<div class=\"row\"  id=\"row-645897578\">\n<div class=\"col medium-6 small-12 large-6\"  ><div class=\"col-inner\"  >\n<div class=\"row\"  id=\"row-1276093009\">\n<div class=\"col medium-3 small-12 large-3\"  ><div class=\"col-inner\"  >\n    <div class=\"img has-hover x md-x lg-x y md-y lg-y\" id=\"image_1914716963\">\n                <div class=\"img-inner dark\" >\n        <img loading=\"lazy\" decoding=\"async\" width=\"500\" height=\"500\" src=\"https:\/\/seacare.com\/wp-content\/uploads\/2018\/10\/5Gold.png\" class=\"attachment-large size-large\" alt=\"\" srcset=\"https:\/\/seacare.com\/wp-content\/uploads\/2018\/10\/5Gold.png 500w, https:\/\/seacare.com\/wp-content\/uploads\/2018\/10\/5Gold-247x247.png 247w, https:\/\/seacare.com\/wp-content\/uploads\/2018\/10\/5Gold-400x400.png 400w, https:\/\/seacare.com\/wp-content\/uploads\/2018\/10\/5Gold-180x180.png 180w\" sizes=\"(max-width: 500px) 100vw, 500px\" \/>                \n            <\/div>\n                   \n<style scope=\"scope\">\n\n<\/style>\n    <\/div>\n    \n<\/div><\/div>\n<div class=\"col medium-9 small-12 large-9\"  ><div class=\"col-inner\"  >\n<h4 class=\"text-head\">Or<\/h4>\n<p>L\u2019utilisation de l\u2019or pour les soins de la peau est devenue populaire aujourd\u2019hui. Cependant, l\u2019utilisation de l\u2019or dans les produits de soins de la peau \u00e9tait tr\u00e8s bien connue <a href=\"\/fr\/or\/\">En d\u00e9tail&#8230;<\/a><\/p>\n<\/div><\/div>\n<\/div>\n<\/div><\/div>\n<div class=\"col medium-6 small-12 large-6\"  ><div class=\"col-inner\"  >\n<div class=\"row\"  id=\"row-890537059\">\n<div class=\"col medium-3 small-12 large-3\"  ><div class=\"col-inner\"  >\n    <div class=\"img has-hover x md-x lg-x y md-y lg-y\" id=\"image_2113283575\">\n                <div class=\"img-inner dark\" >\n        <img loading=\"lazy\" decoding=\"async\" width=\"500\" height=\"500\" src=\"https:\/\/seacare.com\/wp-content\/uploads\/2018\/10\/4Renovage.png\" class=\"attachment-large size-large\" alt=\"\" srcset=\"https:\/\/seacare.com\/wp-content\/uploads\/2018\/10\/4Renovage.png 500w, https:\/\/seacare.com\/wp-content\/uploads\/2018\/10\/4Renovage-247x247.png 247w, https:\/\/seacare.com\/wp-content\/uploads\/2018\/10\/4Renovage-400x400.png 400w, https:\/\/seacare.com\/wp-content\/uploads\/2018\/10\/4Renovage-180x180.png 180w\" sizes=\"(max-width: 500px) 100vw, 500px\" \/>                \n            <\/div>\n                   \n<style scope=\"scope\">\n\n<\/style>\n    <\/div>\n    \n<\/div><\/div>\n<div class=\"col medium-9 small-12 large-9\"  ><div class=\"col-inner\"  >\n<h4>Renovage\u2122<\/h4>\n<p>Renovage \u2122 est un complexe anti-\u00e2ge fran\u00e7ais de Sederma, qui est un fabricant de Matrixyl et d\u2019autres excellents ingr\u00e9dients de soins de la peau. Des essais cliniques ont montr\u00e9  <a href=\"\/fr\/renovage\/\">En d\u00e9tail&#8230;<\/a><\/p>\n<\/div><\/div>\n<\/div>\n<\/div><\/div>\n<\/div>\n<div class=\"row\"  id=\"row-774795426\">\n<div class=\"col medium-6 small-12 large-6\"  ><div class=\"col-inner\"  >\n<div class=\"row\"  id=\"row-1441884264\">\n<div class=\"col medium-3 small-12 large-3\"  ><div class=\"col-inner\"  >\n    <div class=\"img has-hover x md-x lg-x y md-y lg-y\" id=\"image_348311176\">\n                <div class=\"img-inner dark\" >\n        <img loading=\"lazy\" decoding=\"async\" width=\"500\" height=\"500\" src=\"https:\/\/seacare.com\/wp-content\/uploads\/2018\/10\/\u0413\u0438\u0430\u043b\u0443\u0440\u043e\u043d\u043e\u0432\u0430\u044f-\u043a\u0438\u0441\u043b\u043e\u0442\u0430.png\" class=\"attachment-large size-large\" alt=\"\" srcset=\"https:\/\/seacare.com\/wp-content\/uploads\/2018\/10\/\u0413\u0438\u0430\u043b\u0443\u0440\u043e\u043d\u043e\u0432\u0430\u044f-\u043a\u0438\u0441\u043b\u043e\u0442\u0430.png 500w, https:\/\/seacare.com\/wp-content\/uploads\/2018\/10\/\u0413\u0438\u0430\u043b\u0443\u0440\u043e\u043d\u043e\u0432\u0430\u044f-\u043a\u0438\u0441\u043b\u043e\u0442\u0430-247x247.png 247w, https:\/\/seacare.com\/wp-content\/uploads\/2018\/10\/\u0413\u0438\u0430\u043b\u0443\u0440\u043e\u043d\u043e\u0432\u0430\u044f-\u043a\u0438\u0441\u043b\u043e\u0442\u0430-400x400.png 400w, https:\/\/seacare.com\/wp-content\/uploads\/2018\/10\/\u0413\u0438\u0430\u043b\u0443\u0440\u043e\u043d\u043e\u0432\u0430\u044f-\u043a\u0438\u0441\u043b\u043e\u0442\u0430-180x180.png 180w\" sizes=\"(max-width: 500px) 100vw, 500px\" \/>                \n            <\/div>\n                   \n<style scope=\"scope\">\n\n<\/style>\n    <\/div>\n    \n<\/div><\/div>\n<div class=\"col medium-9 small-12 large-9\"  ><div class=\"col-inner\"  >\n<h4 class=\"text-head\">Acide hyaluronique<\/h4>\n<p>L\u2019acide hyaluronique est un ingr\u00e9dient cl\u00e9 de nombreux produits anti-\u00e2ge et de soins de la peau. Il est utilis\u00e9 pour hydrater la peau, r\u00e9duire l\u2019apparence des rides, am\u00e9liorer la fermet\u00e9 <a href=\"\/fr\/acide-hyaluronique\/\">En d\u00e9tail&#8230;<\/a><\/p>\n<\/div><\/div>\n<\/div>\n<\/div><\/div>\n<div class=\"col medium-6 small-12 large-6\"  ><div class=\"col-inner\"  >\n<div class=\"row\"  id=\"row-1795340173\">\n<div class=\"col medium-3 small-12 large-3\"  ><div class=\"col-inner\"  >\n    <div class=\"img has-hover x md-x lg-x y md-y lg-y\" id=\"image_690460717\">\n                <div class=\"img-inner dark\" >\n        <img loading=\"lazy\" decoding=\"async\" width=\"500\" height=\"500\" src=\"https:\/\/seacare.com\/wp-content\/uploads\/2018\/10\/VitaminE.png\" class=\"attachment-large size-large\" alt=\"\u0412\u0438\u0442\u0430\u043c\u0438\u043d \u0415\" srcset=\"https:\/\/seacare.com\/wp-content\/uploads\/2018\/10\/VitaminE.png 500w, https:\/\/seacare.com\/wp-content\/uploads\/2018\/10\/VitaminE-247x247.png 247w, https:\/\/seacare.com\/wp-content\/uploads\/2018\/10\/VitaminE-400x400.png 400w, https:\/\/seacare.com\/wp-content\/uploads\/2018\/10\/VitaminE-180x180.png 180w\" sizes=\"(max-width: 500px) 100vw, 500px\" \/>                \n            <\/div>\n                   \n<style scope=\"scope\">\n\n<\/style>\n    <\/div>\n    \n<\/div><\/div>\n<div class=\"col medium-9 small-12 large-9\"  ><div class=\"col-inner\"  >\n<h4 class=\"text-head\">Vitamine E<\/h4>\n<p>Reconnue pour r\u00e9duire la s\u00e9cheresse en aidant la peau \u00e0 retenir son hydratation naturelle. La grande capacit\u00e9 de la vitamine E \u00e0 neutraliser les radicaux libres n\u00e9fastes lui a valu <a href=\"\/fr\/vitamine-e\/\">En d\u00e9tail&#8230;<\/a><\/p>\n<\/div><\/div>\n<\/div>\n<\/div><\/div>\n<\/div>\n<div class=\"row\"  id=\"row-1824569440\">\n<div class=\"col medium-6 small-12 large-6\"  ><div class=\"col-inner\"  >\n<div class=\"row\"  id=\"row-243872436\">\n<div class=\"col medium-3 small-12 large-3\"  ><div class=\"col-inner\"  >\n    <div class=\"img has-hover x md-x lg-x y md-y lg-y\" id=\"image_1358189949\">\n                <div class=\"img-inner dark\" >\n        <img loading=\"lazy\" decoding=\"async\" width=\"500\" height=\"500\" src=\"https:\/\/seacare.com\/wp-content\/uploads\/2017\/03\/hamamelis.png\" class=\"attachment-large size-large\" alt=\"\" srcset=\"https:\/\/seacare.com\/wp-content\/uploads\/2017\/03\/hamamelis.png 500w, https:\/\/seacare.com\/wp-content\/uploads\/2017\/03\/hamamelis-280x280.png 280w, https:\/\/seacare.com\/wp-content\/uploads\/2017\/03\/hamamelis-400x400.png 400w, https:\/\/seacare.com\/wp-content\/uploads\/2017\/03\/hamamelis-180x180.png 180w, https:\/\/seacare.com\/wp-content\/uploads\/2017\/03\/hamamelis-300x300.png 300w\" sizes=\"(max-width: 500px) 100vw, 500px\" \/>                \n            <\/div>\n                   \n<style scope=\"scope\">\n\n<\/style>\n    <\/div>\n    \n<\/div><\/div>\n<div class=\"col medium-9 small-12 large-9\"  ><div class=\"col-inner\"  >\n<h4>Hamam\u00e9lis<\/h4>\n<p> L\u2019hamam\u00e9lis est extrait des feuilles et de l\u2019\u00e9corce de l\u2019arbuste nord-am\u00e9ricain Hamamelis virginiana. Cette substance est, depuis longtemps, utilis\u00e9e dans la m\u00e9decine populaire. <a href=\" \/fr\/hamamelis\/\"> En d\u00e9tail&#8230;<\/a><\/p>\n<\/div><\/div>\n<\/div>\n<\/div><\/div>\n<\/div>\n<h3>Autres produits de cette gamme<\/h3>\n\n  \n    <div class=\"row large-columns-4 medium-columns- small-columns-2 row-small slider row-slider slider-nav-reveal slider-nav-push\"  data-flickity-options='{\"imagesLoaded\": true, \"groupCells\": \"100%\", \"dragThreshold\" : 5, \"cellAlign\": \"left\",\"wrapAround\": true,\"prevNextButtons\": true,\"percentPosition\": true,\"pageDots\": false, \"rightToLeft\": false, \"autoPlay\" : false}'>\n\n  \t\n\t            \t\t\t\t\t\n<div class=\"product-small col has-hover post-36850 product type-product status-publish has-post-thumbnail product_cat-gamme-24-k-gold product_cat-serums-pour-le-visage-et-le-contour-des-yeux product_cat-soins-anti-age product_cat-soins-du-visage product_tag-belle-peau product_tag-jeunesse-de-la-peau-du-visage product_tag-rajeunissement first instock shipping-taxable purchasable product-type-simple\">\n\t<div class=\"col-inner\">\t\n\t\n<div class=\"badge-container absolute left top z-1\">\n<\/div>\t<div class=\"product-small box \">\n\t\t<div class=\"box-image\">\n\t\t\t<div class=\"image-none\">\n\t\t\t\t<a href=\"https:\/\/seacare.com\/fr\/produit\/serum-liftant-et-raffermissant-anti-age-50-ml-seacare\/\">\n\t\t\t\t\t<img loading=\"lazy\" decoding=\"async\" width=\"247\" height=\"300\" src=\"https:\/\/seacare.com\/wp-content\/uploads\/2018\/10\/1-3-247x300.jpg\" class=\"attachment-shop_catalog size-shop_catalog wp-post-image\" alt=\"1\" title=\"1\" \/>\t\t\t\t<\/a>\n\t\t\t<\/div>\n\t\t\t<div class=\"image-tools is-small top right show-on-hover\">\n\t\t\t\t\t\t\t<\/div>\n\t\t\t<div class=\"image-tools is-small hide-for-small bottom left show-on-hover\">\n\t\t\t\t\t\t\t<\/div>\n\t\t\t<div class=\"image-tools grid-tools text-center hide-for-small bottom hover-slide-in show-on-hover\">\n\t\t\t\t  <a class=\"quick-view\" data-prod=\"36850\" href=\"#quick-view\">Aper\u00e7u<\/a>\t\t\t<\/div>\n\t\t\t\t\t<\/div><!-- box-image -->\n\n\t\t<div class=\"box-text box-text-products\">\n\t\t\t<div class=\"title-wrapper\">  <p class=\"category uppercase is-smaller no-text-overflow product-cat op-7\">\n        Gamme 24 K Gold   <\/p> <p class=\"name product-title\"><a href=\"https:\/\/seacare.com\/fr\/produit\/serum-liftant-et-raffermissant-anti-age-50-ml-seacare\/\">S\u00e9rum liftant et raffermissant anti-\u00e2ge, 50 ml, SeaCare<\/a><\/p><\/div><div class=\"price-wrapper\">\n\t<span class=\"price\"><span class=\"woocommerce-Price-amount amount\"><span class=\"woocommerce-Price-currencySymbol\">&#36;<\/span>&nbsp;64.90<\/span><\/span>\n<\/div>\t\t<\/div><!-- box-text -->\n\t<\/div><!-- box -->\n\t\t<\/div><!-- .col-inner -->\n<\/div><!-- col -->\t            \t\t\t\t\t\n<div class=\"product-small col has-hover post-36849 product type-product status-publish has-post-thumbnail product_cat-cremes-pour-le-visage-et-le-contour-des-yeux product_cat-gamme-24-k-gold product_cat-soins-anti-age product_cat-soins-du-visage product_tag-belle-peau product_tag-peau-lisse  instock shipping-taxable purchasable product-type-simple\">\n\t<div class=\"col-inner\">\t\n\t\n<div class=\"badge-container absolute left top z-1\">\n<\/div>\t<div class=\"product-small box \">\n\t\t<div class=\"box-image\">\n\t\t\t<div class=\"image-none\">\n\t\t\t\t<a href=\"https:\/\/seacare.com\/fr\/produit\/creme-liftante-et-raffermissante-anti-age-50-ml-seacare\/\">\n\t\t\t\t\t<img loading=\"lazy\" decoding=\"async\" width=\"247\" height=\"300\" src=\"https:\/\/seacare.com\/wp-content\/uploads\/2018\/10\/\u0417\u043e\u043b\u043e\u0442\u043e-\u043c\u0430\u0441\u043a\u0430113-247x300.jpg\" class=\"attachment-shop_catalog size-shop_catalog wp-post-image\" alt=\"\u0417\u043e\u043b\u043e\u0442\u043e \u043c\u0430\u0441\u043a\u0430113\" title=\"\u0417\u043e\u043b\u043e\u0442\u043e \u043c\u0430\u0441\u043a\u0430113\" \/>\t\t\t\t<\/a>\n\t\t\t<\/div>\n\t\t\t<div class=\"image-tools is-small top right show-on-hover\">\n\t\t\t\t\t\t\t<\/div>\n\t\t\t<div class=\"image-tools is-small hide-for-small bottom left show-on-hover\">\n\t\t\t\t\t\t\t<\/div>\n\t\t\t<div class=\"image-tools grid-tools text-center hide-for-small bottom hover-slide-in show-on-hover\">\n\t\t\t\t  <a class=\"quick-view\" data-prod=\"36849\" href=\"#quick-view\">Aper\u00e7u<\/a>\t\t\t<\/div>\n\t\t\t\t\t<\/div><!-- box-image -->\n\n\t\t<div class=\"box-text box-text-products\">\n\t\t\t<div class=\"title-wrapper\">  <p class=\"category uppercase is-smaller no-text-overflow product-cat op-7\">\n        Cr\u00e8mes pour le visage et le contour des yeux   <\/p> <p class=\"name product-title\"><a href=\"https:\/\/seacare.com\/fr\/produit\/creme-liftante-et-raffermissante-anti-age-50-ml-seacare\/\">Cr\u00e8me liftante et raffermissante anti-\u00e2ge, 50 ml, SeaCare<\/a><\/p><\/div><div class=\"price-wrapper\">\n\t<span class=\"price\"><span class=\"woocommerce-Price-amount amount\"><span class=\"woocommerce-Price-currencySymbol\">&#36;<\/span>&nbsp;64.90<\/span><\/span>\n<\/div>\t\t<\/div><!-- box-text -->\n\t<\/div><!-- box -->\n\t\t<\/div><!-- .col-inner -->\n<\/div><!-- col -->\t            \n\t        <\/div>\n<h3>Produits similaires d\u2019autres gammes<\/h3>\n\n  \n    <div class=\"row large-columns-4 medium-columns- small-columns-2 row-small slider row-slider slider-nav-reveal slider-nav-push\"  data-flickity-options='{\"imagesLoaded\": true, \"groupCells\": \"100%\", \"dragThreshold\" : 5, \"cellAlign\": \"left\",\"wrapAround\": true,\"prevNextButtons\": true,\"percentPosition\": true,\"pageDots\": false, \"rightToLeft\": false, \"autoPlay\" : false}'>\n\n  \t\n\t            \t\t\t\t\t\n<div class=\"product-small col has-hover post-4832 product type-product status-publish has-post-thumbnail product_cat-des-masques product_cat-gamme-dead-sea-spa product_cat-soins-de-la-mer-morte product_cat-soins-du-visage product_tag-belle-peau product_tag-nettoyage-en-profondeur product_tag-peau-lisse first instock shipping-taxable purchasable product-type-simple\">\n\t<div class=\"col-inner\">\t\n\t\n<div class=\"badge-container absolute left top z-1\">\n<\/div>\t<div class=\"product-small box \">\n\t\t<div class=\"box-image\">\n\t\t\t<div class=\"image-none\">\n\t\t\t\t<a href=\"https:\/\/seacare.com\/fr\/produit\/masque-de-boue-pour-le-visage-150-ml-seacare\/\">\n\t\t\t\t\t<img loading=\"lazy\" decoding=\"async\" width=\"247\" height=\"300\" src=\"https:\/\/seacare.com\/wp-content\/uploads\/2017\/03\/1.-Facial-Mud-Mask-\u043a\u043e\u043f\u0438\u044f-247x300.jpg\" class=\"attachment-shop_catalog size-shop_catalog wp-post-image\" alt=\"1. Facial Mud Mask \u043a\u043e\u043f\u0438\u044f\" title=\"1. Facial Mud Mask \u043a\u043e\u043f\u0438\u044f\" \/>\t\t\t\t<\/a>\n\t\t\t<\/div>\n\t\t\t<div class=\"image-tools is-small top right show-on-hover\">\n\t\t\t\t\t\t\t<\/div>\n\t\t\t<div class=\"image-tools is-small hide-for-small bottom left show-on-hover\">\n\t\t\t\t\t\t\t<\/div>\n\t\t\t<div class=\"image-tools grid-tools text-center hide-for-small bottom hover-slide-in show-on-hover\">\n\t\t\t\t  <a class=\"quick-view\" data-prod=\"4832\" href=\"#quick-view\">Aper\u00e7u<\/a>\t\t\t<\/div>\n\t\t\t\t\t<\/div><!-- box-image -->\n\n\t\t<div class=\"box-text box-text-products\">\n\t\t\t<div class=\"title-wrapper\">  <p class=\"category uppercase is-smaller no-text-overflow product-cat op-7\">\n        Des masques   <\/p> <p class=\"name product-title\"><a href=\"https:\/\/seacare.com\/fr\/produit\/masque-de-boue-pour-le-visage-150-ml-seacare\/\">Masque de boue pour le visage, 150 ml, SeaCare<\/a><\/p><\/div><div class=\"price-wrapper\">\n\t<span class=\"price\"><span class=\"woocommerce-Price-amount amount\"><span class=\"woocommerce-Price-currencySymbol\">&#36;<\/span>&nbsp;30.90<\/span><\/span>\n<\/div>\t\t<\/div><!-- box-text -->\n\t<\/div><!-- box -->\n\t\t<\/div><!-- .col-inner -->\n<\/div><!-- col -->\t            \t\t\t\t\t\n<div class=\"product-small col has-hover post-37221 product type-product status-publish has-post-thumbnail product_cat-des-masques product_cat-soins-du-visage product_cat-soins-pour-hommes product_tag-belle-peau product_tag-peau-lisse  instock shipping-taxable purchasable product-type-simple\">\n\t<div class=\"col-inner\">\t\n\t\n<div class=\"badge-container absolute left top z-1\">\n<\/div>\t<div class=\"product-small box \">\n\t\t<div class=\"box-image\">\n\t\t\t<div class=\"image-none\">\n\t\t\t\t<a href=\"https:\/\/seacare.com\/fr\/produit\/masque-a-la-boue-pour-le-visage-pour-hommes-150-ml-seacare\/\">\n\t\t\t\t\t<img loading=\"lazy\" decoding=\"async\" width=\"247\" height=\"300\" src=\"https:\/\/seacare.com\/wp-content\/uploads\/2021\/01\/Facial-Mud-Mask-Men-SC-1-copy-247x300.jpg\" class=\"attachment-shop_catalog size-shop_catalog wp-post-image\" alt=\"Facial Mud Mask Men SC\" title=\"Facial Mud Mask Men SC\" \/>\t\t\t\t<\/a>\n\t\t\t<\/div>\n\t\t\t<div class=\"image-tools is-small top right show-on-hover\">\n\t\t\t\t\t\t\t<\/div>\n\t\t\t<div class=\"image-tools is-small hide-for-small bottom left show-on-hover\">\n\t\t\t\t\t\t\t<\/div>\n\t\t\t<div class=\"image-tools grid-tools text-center hide-for-small bottom hover-slide-in show-on-hover\">\n\t\t\t\t  <a class=\"quick-view\" data-prod=\"37221\" href=\"#quick-view\">Aper\u00e7u<\/a>\t\t\t<\/div>\n\t\t\t\t\t<\/div><!-- box-image -->\n\n\t\t<div class=\"box-text box-text-products\">\n\t\t\t<div class=\"title-wrapper\">  <p class=\"category uppercase is-smaller no-text-overflow product-cat op-7\">\n        Des masques   <\/p> <p class=\"name product-title\"><a href=\"https:\/\/seacare.com\/fr\/produit\/masque-a-la-boue-pour-le-visage-pour-hommes-150-ml-seacare\/\">Masque \u00e0 la boue pour le visage pour hommes, 150 ml, SeaCare<\/a><\/p><\/div><div class=\"price-wrapper\">\n\t<span class=\"price\"><span class=\"woocommerce-Price-amount amount\"><span class=\"woocommerce-Price-currencySymbol\">&#36;<\/span>&nbsp;30.90<\/span><\/span>\n<\/div>\t\t<\/div><!-- box-text -->\n\t<\/div><!-- box -->\n\t\t<\/div><!-- .col-inner -->\n<\/div><!-- col -->\t            \t\t\t\t\t\n<div class=\"product-small col has-hover post-37119 product type-product status-publish has-post-thumbnail product_cat-des-masques product_cat-gamme-anti-acne product_cat-soins-anti-acne product_cat-soins-du-visage  instock shipping-taxable purchasable product-type-simple\">\n\t<div class=\"col-inner\">\t\n\t\n<div class=\"badge-container absolute left top z-1\">\n<\/div>\t<div class=\"product-small box \">\n\t\t<div class=\"box-image\">\n\t\t\t<div class=\"image-none\">\n\t\t\t\t<a href=\"https:\/\/seacare.com\/fr\/produit\/masque-anti-acne-pour-le-visage-contre-lacne-et-les-boutons-50-ml-seacare\/\">\n\t\t\t\t\t<img loading=\"lazy\" decoding=\"async\" width=\"247\" height=\"300\" src=\"https:\/\/seacare.com\/wp-content\/uploads\/2019\/11\/\u0414\u043b\u044f-SCFacial-Mask_Face-247x300.jpg\" class=\"attachment-shop_catalog size-shop_catalog wp-post-image\" alt=\"\u0414\u043b\u044f SCFacial Mask_Face\" title=\"\u0414\u043b\u044f SCFacial Mask_Face\" \/>\t\t\t\t<\/a>\n\t\t\t<\/div>\n\t\t\t<div class=\"image-tools is-small top right show-on-hover\">\n\t\t\t\t\t\t\t<\/div>\n\t\t\t<div class=\"image-tools is-small hide-for-small bottom left show-on-hover\">\n\t\t\t\t\t\t\t<\/div>\n\t\t\t<div class=\"image-tools grid-tools text-center hide-for-small bottom hover-slide-in show-on-hover\">\n\t\t\t\t  <a class=\"quick-view\" data-prod=\"37119\" href=\"#quick-view\">Aper\u00e7u<\/a>\t\t\t<\/div>\n\t\t\t\t\t<\/div><!-- box-image -->\n\n\t\t<div class=\"box-text box-text-products\">\n\t\t\t<div class=\"title-wrapper\">  <p class=\"category uppercase is-smaller no-text-overflow product-cat op-7\">\n        Des masques   <\/p> <p class=\"name product-title\"><a href=\"https:\/\/seacare.com\/fr\/produit\/masque-anti-acne-pour-le-visage-contre-lacne-et-les-boutons-50-ml-seacare\/\">Masque anti-acn\u00e9 pour le visage contre l\u2019acn\u00e9 et les boutons, 50 ml, SeaCare<\/a><\/p><\/div><div class=\"price-wrapper\">\n\t<span class=\"price\"><span class=\"woocommerce-Price-amount amount\"><span class=\"woocommerce-Price-currencySymbol\">&#36;<\/span>&nbsp;56.90<\/span><\/span>\n<\/div>\t\t<\/div><!-- box-text -->\n\t<\/div><!-- box -->\n\t\t<\/div><!-- .col-inner -->\n<\/div><!-- col -->\t            \t\t\t\t\t\n<div class=\"product-small col has-hover post-4794 product type-product status-publish has-post-thumbnail product_cat-des-masques product_cat-gamme-dead-sea-spa product_cat-soins-capillaires-fr product_cat-soins-de-la-mer-morte product_tag-beaute-de-cheveux last instock shipping-taxable purchasable product-type-simple\">\n\t<div class=\"col-inner\">\t\n\t\n<div class=\"badge-container absolute left top z-1\">\n<\/div>\t<div class=\"product-small box \">\n\t\t<div class=\"box-image\">\n\t\t\t<div class=\"image-none\">\n\t\t\t\t<a href=\"https:\/\/seacare.com\/fr\/produit\/masque-de-boue-capillaire-250-ml-seacare\/\">\n\t\t\t\t\t<img loading=\"lazy\" decoding=\"async\" width=\"247\" height=\"300\" src=\"https:\/\/seacare.com\/wp-content\/uploads\/2017\/03\/1.Hair_Mud_Mask_1-\u043a\u043e\u043f\u0438\u044f-247x300.jpg\" class=\"attachment-shop_catalog size-shop_catalog wp-post-image\" alt=\"1.Hair_Mud_Mask_1 \u043a\u043e\u043f\u0438\u044f\" title=\"1.Hair_Mud_Mask_1 \u043a\u043e\u043f\u0438\u044f\" \/>\t\t\t\t<\/a>\n\t\t\t<\/div>\n\t\t\t<div class=\"image-tools is-small top right show-on-hover\">\n\t\t\t\t\t\t\t<\/div>\n\t\t\t<div class=\"image-tools is-small hide-for-small bottom left show-on-hover\">\n\t\t\t\t\t\t\t<\/div>\n\t\t\t<div class=\"image-tools grid-tools text-center hide-for-small bottom hover-slide-in show-on-hover\">\n\t\t\t\t  <a class=\"quick-view\" data-prod=\"4794\" href=\"#quick-view\">Aper\u00e7u<\/a>\t\t\t<\/div>\n\t\t\t\t\t<\/div><!-- box-image -->\n\n\t\t<div class=\"box-text box-text-products\">\n\t\t\t<div class=\"title-wrapper\">  <p class=\"category uppercase is-smaller no-text-overflow product-cat op-7\">\n        Des masques   <\/p> <p class=\"name product-title\"><a href=\"https:\/\/seacare.com\/fr\/produit\/masque-de-boue-capillaire-250-ml-seacare\/\">Masque de boue capillaire, 250 ml, SeaCare<\/a><\/p><\/div><div class=\"price-wrapper\">\n\t<span class=\"price\"><span class=\"woocommerce-Price-amount amount\"><span class=\"woocommerce-Price-currencySymbol\">&#36;<\/span>&nbsp;45.90<\/span><\/span>\n<\/div>\t\t<\/div><!-- box-text -->\n\t<\/div><!-- box -->\n\t\t<\/div><!-- .col-inner -->\n<\/div><!-- col -->\t            \t\t\t\t\t\n<div class=\"product-small col has-hover post-37216 product type-product status-publish has-post-thumbnail product_cat-des-masques product_cat-soins-capillaires-fr product_cat-soins-pour-hommes product_tag-beaute-de-cheveux first instock shipping-taxable purchasable product-type-simple\">\n\t<div class=\"col-inner\">\t\n\t\n<div class=\"badge-container absolute left top z-1\">\n<\/div>\t<div class=\"product-small box \">\n\t\t<div class=\"box-image\">\n\t\t\t<div class=\"image-none\">\n\t\t\t\t<a href=\"https:\/\/seacare.com\/fr\/produit\/masque-capillaire-a-la-boue-pour-hommes-250-ml-seacare\/\">\n\t\t\t\t\t<img loading=\"lazy\" decoding=\"async\" width=\"247\" height=\"300\" src=\"https:\/\/seacare.com\/wp-content\/uploads\/2021\/04\/Hair-Mud-Mask-Men-SC-1-copy-247x300.jpg\" class=\"attachment-shop_catalog size-shop_catalog wp-post-image\" alt=\"Hair Mud Mask Men SC\" title=\"Hair Mud Mask Men SC\" \/>\t\t\t\t<\/a>\n\t\t\t<\/div>\n\t\t\t<div class=\"image-tools is-small top right show-on-hover\">\n\t\t\t\t\t\t\t<\/div>\n\t\t\t<div class=\"image-tools is-small hide-for-small bottom left show-on-hover\">\n\t\t\t\t\t\t\t<\/div>\n\t\t\t<div class=\"image-tools grid-tools text-center hide-for-small bottom hover-slide-in show-on-hover\">\n\t\t\t\t  <a class=\"quick-view\" data-prod=\"37216\" href=\"#quick-view\">Aper\u00e7u<\/a>\t\t\t<\/div>\n\t\t\t\t\t<\/div><!-- box-image -->\n\n\t\t<div class=\"box-text box-text-products\">\n\t\t\t<div class=\"title-wrapper\">  <p class=\"category uppercase is-smaller no-text-overflow product-cat op-7\">\n        Des masques   <\/p> <p class=\"name product-title\"><a href=\"https:\/\/seacare.com\/fr\/produit\/masque-capillaire-a-la-boue-pour-hommes-250-ml-seacare\/\">Masque capillaire \u00e0 la boue pour hommes, 250 ml, SeaCare<\/a><\/p><\/div><div class=\"price-wrapper\">\n\t<span class=\"price\"><span class=\"woocommerce-Price-amount amount\"><span class=\"woocommerce-Price-currencySymbol\">&#36;<\/span>&nbsp;45.90<\/span><\/span>\n<\/div>\t\t<\/div><!-- box-text -->\n\t<\/div><!-- box -->\n\t\t<\/div><!-- .col-inner -->\n<\/div><!-- col -->\t            \n\t        <\/div>\n","protected":false},"excerpt":{"rendered":"<p>pour tous les types de peau<br \/>\n50 ml \u2013 1.69 fl.oz.<\/p>\n","protected":false},"featured_media":27125,"comment_status":"open","ping_status":"closed","template":"","meta":[],"_links":{"self":[{"href":"https:\/\/seacare.com\/fr\/wp-json\/wp\/v2\/product\/36851"}],"collection":[{"href":"https:\/\/seacare.com\/fr\/wp-json\/wp\/v2\/product"}],"about":[{"href":"https:\/\/seacare.com\/fr\/wp-json\/wp\/v2\/types\/product"}],"replies":[{"embeddable":true,"href":"https:\/\/seacare.com\/fr\/wp-json\/wp\/v2\/comments?post=36851"}],"wp:featuredmedia":[{"embeddable":true,"href":"https:\/\/seacare.com\/fr\/wp-json\/wp\/v2\/media\/27125"}],"wp:attachment":[{"href":"https:\/\/seacare.com\/fr\/wp-json\/wp\/v2\/media?parent=36851"}],"curies":[{"name":"wp","href":"https:\/\/api.w.org\/{rel}","templated":true}]}}