{"id":37221,"date":"2021-01-13T17:49:36","date_gmt":"2021-05-13T15:27:13","guid":{"rendered":"https:\/\/seacare.com\/ru\/?post_type=product&#038;p=37221"},"modified":"2021-05-14T19:04:35","modified_gmt":"2021-05-14T16:04:35","slug":"masque-a-la-boue-pour-le-visage-pour-hommes-150-ml-seacare","status":"publish","type":"product","link":"https:\/\/seacare.com\/fr\/produit\/masque-a-la-boue-pour-le-visage-pour-hommes-150-ml-seacare\/","title":{"rendered":"Masque \u00e0 la boue pour le visage pour hommes, 150 ml, SeaCare"},"content":{"rendered":"<p>Le masque \u00e0 la boue pour le visage SeaCare pour hommes absorbe l\u2019exc\u00e8s d\u2019huiles et d\u2019autres substances inutiles, laissant une peau nette et saine. En s\u00e9chant, le masque \u00e9limine en douceur les toxines et les impuret\u00e9s qui peuvent contribuer \u00e0 obstruer les pores qui peuvent entra\u00eener le vieillissement cutan\u00e9. Ce masque cr\u00e9meux et lavable est enrichi en min\u00e9raux de la mer Morte et d\u2019argile koalinitique naturelle pour absorber l\u2019huile et l\u2019exc\u00e8s de s\u00e9bum. Un masque \u00e0 base de boue de la mer Morte \u00e9limine les impuret\u00e9s et les peaux mortes, enrichit la peau en min\u00e9raux, renforce et am\u00e9liore son \u00e9lasticit\u00e9. Le masque \u00e0 la boue pour le visage SeaCare pour hommes est con\u00e7u pour revitaliser l\u2019apparence de la peau. Le masque est \u00e9galement une excellente solution pour se d\u00e9barrasser de l\u2019acn\u00e9. Pour des r\u00e9sultats optimaux, il est recommand\u00e9 d\u2019utiliser le gel nettoyant \u00e0 la boue pour le visage SeaCare pour hommes avant ce masque et la cr\u00e8me hydratante SeaCare pour hommes ou la cr\u00e8me de jour anti-rides SeaCare pour hommes apr\u00e8s ce masque.<\/p>\n<p><strong>Mode d&#8217;emploi:<\/strong>\u00a0Appliquer sur la peau nette du visage, en \u00e9vitant le contour des yeux et le cou. Attendre qu\u2019il soit compl\u00e8tement sec, rincer \u00e0 l\u2019eau ti\u00e8de. Utiliser une ou deux fois par semaine. Pour des r\u00e9sultats optimaux, il est recommand\u00e9 d\u2019utiliser le gel nettoyant \u00e0 la boue pour le visage SeaCare pour hommes avant ce masque et la cr\u00e8me hydratante SeaCare pour hommes ou la cr\u00e8me de jour anti-rides SeaCare pour hommes apr\u00e8s ce masque.<\/p>\n<h3>Ingr\u00e9dients cl\u00e9s<\/h3>\n<hr \/>\n<div class=\"row\"  id=\"row-893152050\">\n<div class=\"col medium-6 small-12 large-6\"  ><div class=\"col-inner\"  >\n<div class=\"row\"  id=\"row-1415664543\">\n<div class=\"col medium-3 small-12 large-3\"  ><div class=\"col-inner\"  >\n    <div class=\"img has-hover x md-x lg-x y md-y lg-y\" id=\"image_1994301782\">\n                <div class=\"img-inner dark\" >\n        <img loading=\"lazy\" decoding=\"async\" width=\"500\" height=\"500\" src=\"https:\/\/seacare.com\/wp-content\/uploads\/2017\/03\/minerals-1.png\" class=\"attachment-large size-large\" alt=\"\" srcset=\"https:\/\/seacare.com\/wp-content\/uploads\/2017\/03\/minerals-1.png 500w, https:\/\/seacare.com\/wp-content\/uploads\/2017\/03\/minerals-1-280x280.png 280w, https:\/\/seacare.com\/wp-content\/uploads\/2017\/03\/minerals-1-400x400.png 400w, https:\/\/seacare.com\/wp-content\/uploads\/2017\/03\/minerals-1-180x180.png 180w, https:\/\/seacare.com\/wp-content\/uploads\/2017\/03\/minerals-1-300x300.png 300w\" sizes=\"(max-width: 500px) 100vw, 500px\" \/>                \n            <\/div>\n                   \n<style scope=\"scope\">\n\n<\/style>\n    <\/div>\n    \n<\/div><\/div>\n<div class=\"col medium-9 small-12 large-9\"  ><div class=\"col-inner\"  >\n<h4>Les min\u00e9raux de la Mer Morte<\/h4>\n<p>En tout, la Mer Morte contient plus de 20 min\u00e9raux reconnus pour sublimer la peau et la garder saine et jeune. M\u00eame les plantes qui poussent sur les rives de la Mer Morte pr\u00e9sentent <a href=\"\/fr\/les-mineraux-de-la-mer-morte\/\">En d\u00e9tail&#8230;<\/a><\/p>\n<\/div><\/div>\n<\/div>\n<\/div><\/div>\n<div class=\"col medium-6 small-12 large-6\"  ><div class=\"col-inner\"  >\n<div class=\"row\"  id=\"row-1373464328\">\n<div class=\"col medium-3 small-12 large-3\"  ><div class=\"col-inner\"  >\n    <div class=\"img has-hover x md-x lg-x y md-y lg-y\" id=\"image_164259845\">\n                <div class=\"img-inner dark\" >\n        <img loading=\"lazy\" decoding=\"async\" width=\"500\" height=\"500\" src=\"https:\/\/seacare.com\/wp-content\/uploads\/2020\/07\/\u0413\u0440\u044f\u0437\u044c.jpg\" class=\"attachment-large size-large\" alt=\"Dead Sea Mud\" srcset=\"https:\/\/seacare.com\/wp-content\/uploads\/2020\/07\/\u0413\u0440\u044f\u0437\u044c.jpg 500w, https:\/\/seacare.com\/wp-content\/uploads\/2020\/07\/\u0413\u0440\u044f\u0437\u044c-247x247.jpg 247w, https:\/\/seacare.com\/wp-content\/uploads\/2020\/07\/\u0413\u0440\u044f\u0437\u044c-400x400.jpg 400w, https:\/\/seacare.com\/wp-content\/uploads\/2020\/07\/\u0413\u0440\u044f\u0437\u044c-180x180.jpg 180w\" sizes=\"(max-width: 500px) 100vw, 500px\" \/>                \n            <\/div>\n                   \n<style scope=\"scope\">\n\n<\/style>\n    <\/div>\n    \n<\/div><\/div>\n<div class=\"col medium-9 small-12 large-9\"  ><div class=\"col-inner\"  >\n<h4>Boue de la mer Morte<\/h4>\n<p>La boue de la mer Morte est utilis\u00e9e pour le traitement de maladies telles que le psoriasis, l\u2019arthrite, l\u2019acn\u00e9 et les maux de dos chroniques. De nombreuses recherches confirment <a href=\"\/fr\/boue-de-la-mer-morte\/\">En d\u00e9tail&#8230;<\/a><\/p>\n<\/div><\/div>\n<\/div>\n<\/div><\/div>\n<div class=\"col medium-6 small-12 large-6\"  ><div class=\"col-inner\"  >\n<div class=\"row\"  id=\"row-648380898\">\n<div class=\"col medium-3 small-12 large-3\"  ><div class=\"col-inner\"  >\n    <div class=\"img has-hover x md-x lg-x y md-y lg-y\" id=\"image_152703425\">\n                <div class=\"img-inner dark\" >\n        <img loading=\"lazy\" decoding=\"async\" width=\"500\" height=\"500\" src=\"https:\/\/seacare.com\/wp-content\/uploads\/2020\/07\/\u041a\u043e\u043b\u0438\u043d\u043e\u0432\u0430\u044f-\u0433\u043b\u0438\u043d\u0430.jpg\" class=\"attachment-large size-large\" alt=\"\" srcset=\"https:\/\/seacare.com\/wp-content\/uploads\/2020\/07\/\u041a\u043e\u043b\u0438\u043d\u043e\u0432\u0430\u044f-\u0433\u043b\u0438\u043d\u0430.jpg 500w, https:\/\/seacare.com\/wp-content\/uploads\/2020\/07\/\u041a\u043e\u043b\u0438\u043d\u043e\u0432\u0430\u044f-\u0433\u043b\u0438\u043d\u0430-247x247.jpg 247w, https:\/\/seacare.com\/wp-content\/uploads\/2020\/07\/\u041a\u043e\u043b\u0438\u043d\u043e\u0432\u0430\u044f-\u0433\u043b\u0438\u043d\u0430-400x400.jpg 400w, https:\/\/seacare.com\/wp-content\/uploads\/2020\/07\/\u041a\u043e\u043b\u0438\u043d\u043e\u0432\u0430\u044f-\u0433\u043b\u0438\u043d\u0430-180x180.jpg 180w\" sizes=\"(max-width: 500px) 100vw, 500px\" \/>                \n            <\/div>\n                   \n<style scope=\"scope\">\n\n<\/style>\n    <\/div>\n    \n<\/div><\/div>\n<div class=\"col medium-9 small-12 large-9\"  ><div class=\"col-inner\"  >\n<h4 class=\"text-head\">Argile koalinitique<\/h4>\n<p>L\u2019argile koalinitique en cosmetique est l\u2019argile la plus douce. Elle ne dess\u00e8che pas votre peau et n\u2019absorbe ni l\u2019humidit\u00e9 ni la lubrification naturelle de la peau par rapport \u00e0 l\u2019argile bentonite <a href=\"\/fr\/argile-koalinitique\/\">En d\u00e9tail&#8230;<\/a><\/p>\n<\/div><\/div>\n<\/div>\n<\/div><\/div>\n<\/div>\n<h3>Autres produits de cette gamme<\/h3>\n\n  \n    <div class=\"row large-columns-4 medium-columns- small-columns-2 row-small slider row-slider slider-nav-reveal slider-nav-push\"  data-flickity-options='{\"imagesLoaded\": true, \"groupCells\": \"100%\", \"dragThreshold\" : 5, \"cellAlign\": \"left\",\"wrapAround\": true,\"prevNextButtons\": true,\"percentPosition\": true,\"pageDots\": false, \"rightToLeft\": false, \"autoPlay\" : false}'>\n\n  \t<\/div>\n<h3>Produits similaires d\u2019autres gammes<\/h3>\n\n  \n    <div class=\"row large-columns-4 medium-columns- small-columns-2 row-small slider row-slider slider-nav-reveal slider-nav-push\"  data-flickity-options='{\"imagesLoaded\": true, \"groupCells\": \"100%\", \"dragThreshold\" : 5, \"cellAlign\": \"left\",\"wrapAround\": true,\"prevNextButtons\": true,\"percentPosition\": true,\"pageDots\": false, \"rightToLeft\": false, \"autoPlay\" : false}'>\n\n  \t\n\t            \t\t\t\t\t\n<div class=\"product-small col has-hover post-4832 product type-product status-publish has-post-thumbnail product_cat-des-masques product_cat-gamme-dead-sea-spa product_cat-soins-de-la-mer-morte product_cat-soins-du-visage product_tag-belle-peau product_tag-nettoyage-en-profondeur product_tag-peau-lisse first instock shipping-taxable purchasable product-type-simple\">\n\t<div class=\"col-inner\">\t\n\t\n<div class=\"badge-container absolute left top z-1\">\n<\/div>\t<div class=\"product-small box \">\n\t\t<div class=\"box-image\">\n\t\t\t<div class=\"image-none\">\n\t\t\t\t<a href=\"https:\/\/seacare.com\/fr\/produit\/masque-de-boue-pour-le-visage-150-ml-seacare\/\">\n\t\t\t\t\t<img loading=\"lazy\" decoding=\"async\" width=\"247\" height=\"300\" src=\"https:\/\/seacare.com\/wp-content\/uploads\/2017\/03\/1.-Facial-Mud-Mask-\u043a\u043e\u043f\u0438\u044f-247x300.jpg\" class=\"attachment-shop_catalog size-shop_catalog wp-post-image\" alt=\"1. Facial Mud Mask \u043a\u043e\u043f\u0438\u044f\" title=\"1. Facial Mud Mask \u043a\u043e\u043f\u0438\u044f\" \/>\t\t\t\t<\/a>\n\t\t\t<\/div>\n\t\t\t<div class=\"image-tools is-small top right show-on-hover\">\n\t\t\t\t\t\t\t<\/div>\n\t\t\t<div class=\"image-tools is-small hide-for-small bottom left show-on-hover\">\n\t\t\t\t\t\t\t<\/div>\n\t\t\t<div class=\"image-tools grid-tools text-center hide-for-small bottom hover-slide-in show-on-hover\">\n\t\t\t\t  <a class=\"quick-view\" data-prod=\"4832\" href=\"#quick-view\">Aper\u00e7u<\/a>\t\t\t<\/div>\n\t\t\t\t\t<\/div><!-- box-image -->\n\n\t\t<div class=\"box-text box-text-products\">\n\t\t\t<div class=\"title-wrapper\">  <p class=\"category uppercase is-smaller no-text-overflow product-cat op-7\">\n        Des masques   <\/p> <p class=\"name product-title\"><a href=\"https:\/\/seacare.com\/fr\/produit\/masque-de-boue-pour-le-visage-150-ml-seacare\/\">Masque de boue pour le visage, 150 ml, SeaCare<\/a><\/p><\/div><div class=\"price-wrapper\">\n\t<span class=\"price\"><span class=\"woocommerce-Price-amount amount\"><span class=\"woocommerce-Price-currencySymbol\">&#36;<\/span>&nbsp;30.90<\/span><\/span>\n<\/div>\t\t<\/div><!-- box-text -->\n\t<\/div><!-- box -->\n\t\t<\/div><!-- .col-inner -->\n<\/div><!-- col -->\t            \t\t\t\t\t\n<div class=\"product-small col has-hover post-36851 product type-product status-publish has-post-thumbnail product_cat-des-masques product_cat-gamme-24-k-gold product_cat-soins-anti-age product_cat-soins-du-visage product_tag-belle-peau product_tag-jeunesse-de-la-peau-du-visage product_tag-rajeunissement  instock shipping-taxable purchasable product-type-simple\">\n\t<div class=\"col-inner\">\t\n\t\n<div class=\"badge-container absolute left top z-1\">\n<\/div>\t<div class=\"product-small box \">\n\t\t<div class=\"box-image\">\n\t\t\t<div class=\"image-none\">\n\t\t\t\t<a href=\"https:\/\/seacare.com\/fr\/produit\/masque-liftant-et-raffermissant-anti-age-50-ml-seacare\/\">\n\t\t\t\t\t<img loading=\"lazy\" decoding=\"async\" width=\"247\" height=\"300\" src=\"https:\/\/seacare.com\/wp-content\/uploads\/2018\/10\/101-1-247x300.jpg\" class=\"attachment-shop_catalog size-shop_catalog wp-post-image\" alt=\"101\" title=\"101\" \/>\t\t\t\t<\/a>\n\t\t\t<\/div>\n\t\t\t<div class=\"image-tools is-small top right show-on-hover\">\n\t\t\t\t\t\t\t<\/div>\n\t\t\t<div class=\"image-tools is-small hide-for-small bottom left show-on-hover\">\n\t\t\t\t\t\t\t<\/div>\n\t\t\t<div class=\"image-tools grid-tools text-center hide-for-small bottom hover-slide-in show-on-hover\">\n\t\t\t\t  <a class=\"quick-view\" data-prod=\"36851\" href=\"#quick-view\">Aper\u00e7u<\/a>\t\t\t<\/div>\n\t\t\t\t\t<\/div><!-- box-image -->\n\n\t\t<div class=\"box-text box-text-products\">\n\t\t\t<div class=\"title-wrapper\">  <p class=\"category uppercase is-smaller no-text-overflow product-cat op-7\">\n        Des masques   <\/p> <p class=\"name product-title\"><a href=\"https:\/\/seacare.com\/fr\/produit\/masque-liftant-et-raffermissant-anti-age-50-ml-seacare\/\">Masque liftant et raffermissant anti-\u00e2ge, 50 ml, SeaCare<\/a><\/p><\/div><div class=\"price-wrapper\">\n\t<span class=\"price\"><span class=\"woocommerce-Price-amount amount\"><span class=\"woocommerce-Price-currencySymbol\">&#36;<\/span>&nbsp;64.90<\/span><\/span>\n<\/div>\t\t<\/div><!-- box-text -->\n\t<\/div><!-- box -->\n\t\t<\/div><!-- .col-inner -->\n<\/div><!-- col -->\t            \t\t\t\t\t\n<div class=\"product-small col has-hover post-37119 product type-product status-publish has-post-thumbnail product_cat-des-masques product_cat-gamme-anti-acne product_cat-soins-anti-acne product_cat-soins-du-visage  instock shipping-taxable purchasable product-type-simple\">\n\t<div class=\"col-inner\">\t\n\t\n<div class=\"badge-container absolute left top z-1\">\n<\/div>\t<div class=\"product-small box \">\n\t\t<div class=\"box-image\">\n\t\t\t<div class=\"image-none\">\n\t\t\t\t<a href=\"https:\/\/seacare.com\/fr\/produit\/masque-anti-acne-pour-le-visage-contre-lacne-et-les-boutons-50-ml-seacare\/\">\n\t\t\t\t\t<img loading=\"lazy\" decoding=\"async\" width=\"247\" height=\"300\" src=\"https:\/\/seacare.com\/wp-content\/uploads\/2019\/11\/\u0414\u043b\u044f-SCFacial-Mask_Face-247x300.jpg\" class=\"attachment-shop_catalog size-shop_catalog wp-post-image\" alt=\"\u0414\u043b\u044f SCFacial Mask_Face\" title=\"\u0414\u043b\u044f SCFacial Mask_Face\" \/>\t\t\t\t<\/a>\n\t\t\t<\/div>\n\t\t\t<div class=\"image-tools is-small top right show-on-hover\">\n\t\t\t\t\t\t\t<\/div>\n\t\t\t<div class=\"image-tools is-small hide-for-small bottom left show-on-hover\">\n\t\t\t\t\t\t\t<\/div>\n\t\t\t<div class=\"image-tools grid-tools text-center hide-for-small bottom hover-slide-in show-on-hover\">\n\t\t\t\t  <a class=\"quick-view\" data-prod=\"37119\" href=\"#quick-view\">Aper\u00e7u<\/a>\t\t\t<\/div>\n\t\t\t\t\t<\/div><!-- box-image -->\n\n\t\t<div class=\"box-text box-text-products\">\n\t\t\t<div class=\"title-wrapper\">  <p class=\"category uppercase is-smaller no-text-overflow product-cat op-7\">\n        Des masques   <\/p> <p class=\"name product-title\"><a href=\"https:\/\/seacare.com\/fr\/produit\/masque-anti-acne-pour-le-visage-contre-lacne-et-les-boutons-50-ml-seacare\/\">Masque anti-acn\u00e9 pour le visage contre l\u2019acn\u00e9 et les boutons, 50 ml, SeaCare<\/a><\/p><\/div><div class=\"price-wrapper\">\n\t<span class=\"price\"><span class=\"woocommerce-Price-amount amount\"><span class=\"woocommerce-Price-currencySymbol\">&#36;<\/span>&nbsp;56.90<\/span><\/span>\n<\/div>\t\t<\/div><!-- box-text -->\n\t<\/div><!-- box -->\n\t\t<\/div><!-- .col-inner -->\n<\/div><!-- col -->\t            \t\t\t\t\t\n<div class=\"product-small col has-hover post-4794 product type-product status-publish has-post-thumbnail product_cat-des-masques product_cat-gamme-dead-sea-spa product_cat-soins-capillaires-fr product_cat-soins-de-la-mer-morte product_tag-beaute-de-cheveux last instock shipping-taxable purchasable product-type-simple\">\n\t<div class=\"col-inner\">\t\n\t\n<div class=\"badge-container absolute left top z-1\">\n<\/div>\t<div class=\"product-small box \">\n\t\t<div class=\"box-image\">\n\t\t\t<div class=\"image-none\">\n\t\t\t\t<a href=\"https:\/\/seacare.com\/fr\/produit\/masque-de-boue-capillaire-250-ml-seacare\/\">\n\t\t\t\t\t<img loading=\"lazy\" decoding=\"async\" width=\"247\" height=\"300\" src=\"https:\/\/seacare.com\/wp-content\/uploads\/2017\/03\/1.Hair_Mud_Mask_1-\u043a\u043e\u043f\u0438\u044f-247x300.jpg\" class=\"attachment-shop_catalog size-shop_catalog wp-post-image\" alt=\"1.Hair_Mud_Mask_1 \u043a\u043e\u043f\u0438\u044f\" title=\"1.Hair_Mud_Mask_1 \u043a\u043e\u043f\u0438\u044f\" \/>\t\t\t\t<\/a>\n\t\t\t<\/div>\n\t\t\t<div class=\"image-tools is-small top right show-on-hover\">\n\t\t\t\t\t\t\t<\/div>\n\t\t\t<div class=\"image-tools is-small hide-for-small bottom left show-on-hover\">\n\t\t\t\t\t\t\t<\/div>\n\t\t\t<div class=\"image-tools grid-tools text-center hide-for-small bottom hover-slide-in show-on-hover\">\n\t\t\t\t  <a class=\"quick-view\" data-prod=\"4794\" href=\"#quick-view\">Aper\u00e7u<\/a>\t\t\t<\/div>\n\t\t\t\t\t<\/div><!-- box-image -->\n\n\t\t<div class=\"box-text box-text-products\">\n\t\t\t<div class=\"title-wrapper\">  <p class=\"category uppercase is-smaller no-text-overflow product-cat op-7\">\n        Des masques   <\/p> <p class=\"name product-title\"><a href=\"https:\/\/seacare.com\/fr\/produit\/masque-de-boue-capillaire-250-ml-seacare\/\">Masque de boue capillaire, 250 ml, SeaCare<\/a><\/p><\/div><div class=\"price-wrapper\">\n\t<span class=\"price\"><span class=\"woocommerce-Price-amount amount\"><span class=\"woocommerce-Price-currencySymbol\">&#36;<\/span>&nbsp;45.90<\/span><\/span>\n<\/div>\t\t<\/div><!-- box-text -->\n\t<\/div><!-- box -->\n\t\t<\/div><!-- .col-inner -->\n<\/div><!-- col -->\t            \n\t        <\/div>\n","protected":false},"excerpt":{"rendered":"<p>pour les peaux normales \u00e0 grasses<br \/>\n150 ml &#8211; 5.07 fl.oz.<\/p>\n","protected":false},"featured_media":59208,"comment_status":"open","ping_status":"closed","template":"","meta":[],"_links":{"self":[{"href":"https:\/\/seacare.com\/fr\/wp-json\/wp\/v2\/product\/37221"}],"collection":[{"href":"https:\/\/seacare.com\/fr\/wp-json\/wp\/v2\/product"}],"about":[{"href":"https:\/\/seacare.com\/fr\/wp-json\/wp\/v2\/types\/product"}],"replies":[{"embeddable":true,"href":"https:\/\/seacare.com\/fr\/wp-json\/wp\/v2\/comments?post=37221"}],"wp:featuredmedia":[{"embeddable":true,"href":"https:\/\/seacare.com\/fr\/wp-json\/wp\/v2\/media\/59208"}],"wp:attachment":[{"href":"https:\/\/seacare.com\/fr\/wp-json\/wp\/v2\/media?parent=37221"}],"curies":[{"name":"wp","href":"https:\/\/api.w.org\/{rel}","templated":true}]}}